{"id":9356,"date":"2023-05-09T18:33:37","date_gmt":"2023-05-09T18:33:37","guid":{"rendered":"https:\/\/investelsalvador.com\/?page_id=9356"},"modified":"2024-11-04T11:42:42","modified_gmt":"2024-11-04T17:42:42","slug":"investor-services","status":"publish","type":"page","link":"https:\/\/invest.sv\/es\/investor-services\/","title":{"rendered":"Servicios para el Inversionista"},"content":{"rendered":"<div data-elementor-type=\"wp-page\" data-elementor-id=\"9356\" class=\"elementor elementor-9356\" data-elementor-post-type=\"page\">\n\t\t\t\t<div class=\"elementor-element elementor-element-43809b31 e-con-full e-flex wpr-jarallax-no wpr-sticky-section-no e-con e-parent\" data-id=\"43809b31\" data-element_type=\"container\" data-settings=\"{&quot;background_background&quot;:&quot;video&quot;,&quot;background_video_link&quot;:&quot;https:\\\/\\\/invest.sv\\\/wp-content\\\/uploads\\\/2024\\\/07\\\/visitar.mp4&quot;,&quot;background_video_start&quot;:10,&quot;background_play_on_mobile&quot;:&quot;yes&quot;}\">\n\t\t<div class=\"elementor-background-video-container\" aria-hidden=\"true\">\n\t\t\t\t\t\t\t<video class=\"elementor-background-video-hosted\" autoplay muted playsinline loop><\/video>\n\t\t\t\t\t<\/div>\t\t<div class=\"elementor-element elementor-element-61e87242 animated-slow elementor-widget__width-initial e-transform elementor-invisible elementor-widget elementor-widget-heading\" data-id=\"61e87242\" data-element_type=\"widget\" data-settings=\"{&quot;_animation&quot;:&quot;fadeInLeft&quot;,&quot;_transform_translateX_effect_hover&quot;:{&quot;unit&quot;:&quot;px&quot;,&quot;size&quot;:20,&quot;sizes&quot;:[]},&quot;_transform_translateX_effect_hover_tablet&quot;:{&quot;unit&quot;:&quot;px&quot;,&quot;size&quot;:&quot;&quot;,&quot;sizes&quot;:[]},&quot;_transform_translateX_effect_hover_mobile_extra&quot;:{&quot;unit&quot;:&quot;px&quot;,&quot;size&quot;:&quot;&quot;,&quot;sizes&quot;:[]},&quot;_transform_translateX_effect_hover_mobile&quot;:{&quot;unit&quot;:&quot;px&quot;,&quot;size&quot;:&quot;&quot;,&quot;sizes&quot;:[]},&quot;_transform_translateY_effect_hover&quot;:{&quot;unit&quot;:&quot;px&quot;,&quot;size&quot;:&quot;&quot;,&quot;sizes&quot;:[]},&quot;_transform_translateY_effect_hover_tablet&quot;:{&quot;unit&quot;:&quot;px&quot;,&quot;size&quot;:&quot;&quot;,&quot;sizes&quot;:[]},&quot;_transform_translateY_effect_hover_mobile_extra&quot;:{&quot;unit&quot;:&quot;px&quot;,&quot;size&quot;:&quot;&quot;,&quot;sizes&quot;:[]},&quot;_transform_translateY_effect_hover_mobile&quot;:{&quot;unit&quot;:&quot;px&quot;,&quot;size&quot;:&quot;&quot;,&quot;sizes&quot;:[]}}\" data-widget_type=\"heading.default\">\n\t\t\t\t<div class=\"elementor-widget-container\">\n\t\t\t\t\t<div class=\"elementor-heading-title elementor-size-default\">Te ayudamos a invertir<\/div>\t\t\t\t<\/div>\n\t\t\t\t<\/div>\n\t\t\t\t<div class=\"elementor-element elementor-element-7be43907 animated-slow elementor-widget__width-initial e-transform e-transform elementor-invisible elementor-widget elementor-widget-heading\" data-id=\"7be43907\" data-element_type=\"widget\" data-settings=\"{&quot;_animation&quot;:&quot;fadeInLeft&quot;,&quot;_animation_delay&quot;:1000,&quot;_transform_translateY_effect&quot;:{&quot;unit&quot;:&quot;px&quot;,&quot;size&quot;:-10,&quot;sizes&quot;:[]},&quot;_transform_translateX_effect_hover&quot;:{&quot;unit&quot;:&quot;px&quot;,&quot;size&quot;:20,&quot;sizes&quot;:[]},&quot;_transform_translateX_effect&quot;:{&quot;unit&quot;:&quot;px&quot;,&quot;size&quot;:&quot;&quot;,&quot;sizes&quot;:[]},&quot;_transform_translateX_effect_tablet&quot;:{&quot;unit&quot;:&quot;px&quot;,&quot;size&quot;:&quot;&quot;,&quot;sizes&quot;:[]},&quot;_transform_translateX_effect_mobile_extra&quot;:{&quot;unit&quot;:&quot;px&quot;,&quot;size&quot;:&quot;&quot;,&quot;sizes&quot;:[]},&quot;_transform_translateX_effect_mobile&quot;:{&quot;unit&quot;:&quot;px&quot;,&quot;size&quot;:&quot;&quot;,&quot;sizes&quot;:[]},&quot;_transform_translateY_effect_tablet&quot;:{&quot;unit&quot;:&quot;px&quot;,&quot;size&quot;:&quot;&quot;,&quot;sizes&quot;:[]},&quot;_transform_translateY_effect_mobile_extra&quot;:{&quot;unit&quot;:&quot;px&quot;,&quot;size&quot;:&quot;&quot;,&quot;sizes&quot;:[]},&quot;_transform_translateY_effect_mobile&quot;:{&quot;unit&quot;:&quot;px&quot;,&quot;size&quot;:&quot;&quot;,&quot;sizes&quot;:[]},&quot;_transform_translateX_effect_hover_tablet&quot;:{&quot;unit&quot;:&quot;px&quot;,&quot;size&quot;:&quot;&quot;,&quot;sizes&quot;:[]},&quot;_transform_translateX_effect_hover_mobile_extra&quot;:{&quot;unit&quot;:&quot;px&quot;,&quot;size&quot;:&quot;&quot;,&quot;sizes&quot;:[]},&quot;_transform_translateX_effect_hover_mobile&quot;:{&quot;unit&quot;:&quot;px&quot;,&quot;size&quot;:&quot;&quot;,&quot;sizes&quot;:[]},&quot;_transform_translateY_effect_hover&quot;:{&quot;unit&quot;:&quot;px&quot;,&quot;size&quot;:&quot;&quot;,&quot;sizes&quot;:[]},&quot;_transform_translateY_effect_hover_tablet&quot;:{&quot;unit&quot;:&quot;px&quot;,&quot;size&quot;:&quot;&quot;,&quot;sizes&quot;:[]},&quot;_transform_translateY_effect_hover_mobile_extra&quot;:{&quot;unit&quot;:&quot;px&quot;,&quot;size&quot;:&quot;&quot;,&quot;sizes&quot;:[]},&quot;_transform_translateY_effect_hover_mobile&quot;:{&quot;unit&quot;:&quot;px&quot;,&quot;size&quot;:&quot;&quot;,&quot;sizes&quot;:[]}}\" data-widget_type=\"heading.default\">\n\t\t\t\t<div class=\"elementor-widget-container\">\n\t\t\t\t\t<div class=\"elementor-heading-title elementor-size-default\">en El Salvador<\/div>\t\t\t\t<\/div>\n\t\t\t\t<\/div>\n\t\t\t\t<div class=\"elementor-element elementor-element-35a264ca animated-slow e-transform elementor-widget__width-initial elementor-invisible elementor-widget elementor-widget-text-editor\" data-id=\"35a264ca\" data-element_type=\"widget\" data-settings=\"{&quot;_animation&quot;:&quot;fadeInUp&quot;,&quot;_animation_delay&quot;:1200,&quot;_transform_translateX_effect_hover&quot;:{&quot;unit&quot;:&quot;px&quot;,&quot;size&quot;:15,&quot;sizes&quot;:[]},&quot;_transform_translateX_effect_hover_tablet&quot;:{&quot;unit&quot;:&quot;px&quot;,&quot;size&quot;:&quot;&quot;,&quot;sizes&quot;:[]},&quot;_transform_translateX_effect_hover_mobile_extra&quot;:{&quot;unit&quot;:&quot;px&quot;,&quot;size&quot;:&quot;&quot;,&quot;sizes&quot;:[]},&quot;_transform_translateX_effect_hover_mobile&quot;:{&quot;unit&quot;:&quot;px&quot;,&quot;size&quot;:&quot;&quot;,&quot;sizes&quot;:[]},&quot;_transform_translateY_effect_hover&quot;:{&quot;unit&quot;:&quot;px&quot;,&quot;size&quot;:&quot;&quot;,&quot;sizes&quot;:[]},&quot;_transform_translateY_effect_hover_tablet&quot;:{&quot;unit&quot;:&quot;px&quot;,&quot;size&quot;:&quot;&quot;,&quot;sizes&quot;:[]},&quot;_transform_translateY_effect_hover_mobile_extra&quot;:{&quot;unit&quot;:&quot;px&quot;,&quot;size&quot;:&quot;&quot;,&quot;sizes&quot;:[]},&quot;_transform_translateY_effect_hover_mobile&quot;:{&quot;unit&quot;:&quot;px&quot;,&quot;size&quot;:&quot;&quot;,&quot;sizes&quot;:[]}}\" data-widget_type=\"text-editor.default\">\n\t\t\t\t<div class=\"elementor-widget-container\">\n\t\t\t\t\t\t\t\t\t<p>Gracias a la ubicaci\u00f3n estrat\u00e9gica en el coraz\u00f3n de Am\u00e9rica, la conectividad terrestre y el talento humano altamente productivo, El Salvador se posiciona como destino clave para ser un hub de negocios y operaciones de toda la regi\u00f3n.\u00a0\u00a0<\/p><p>Los inversionistas que eligen a El Salvador tienen a disposici\u00f3n especialistas de diversos sectores, informaci\u00f3n estrat\u00e9gica, una red de contactos y un soporte adecuado que les facilitar\u00e1 su ingreso al entorno empresarial de un pa\u00eds renovado, seguro y favorable para los negocios.\u00a0<\/p><p>El acompa\u00f1amiento profesional y especializado que ofrece la Agencia es subsidiado por el Gobierno Nacional, representando un ahorro importante en el costo de inversi\u00f3n.<\/p>\t\t\t\t\t\t\t\t<\/div>\n\t\t\t\t<\/div>\n\t\t<div class=\"elementor-element elementor-element-4e1962b0 e-con-full e-flex wpr-jarallax-no wpr-sticky-section-no e-con e-child\" data-id=\"4e1962b0\" data-element_type=\"container\">\n\t\t<div class=\"elementor-element elementor-element-5c8ea3f1 e-con-full e-flex wpr-jarallax-no wpr-sticky-section-no e-con e-child\" data-id=\"5c8ea3f1\" data-element_type=\"container\">\n\t\t\t\t<div class=\"elementor-element elementor-element-7cd04329 animated-slow e-transform e-transform elementor-invisible elementor-widget elementor-widget-heading\" data-id=\"7cd04329\" data-element_type=\"widget\" data-settings=\"{&quot;_animation&quot;:&quot;fadeInLeft&quot;,&quot;_animation_delay&quot;:1000,&quot;_transform_translateX_effect&quot;:{&quot;unit&quot;:&quot;px&quot;,&quot;size&quot;:-10,&quot;sizes&quot;:[]},&quot;_transform_translateX_effect_hover&quot;:{&quot;unit&quot;:&quot;px&quot;,&quot;size&quot;:20,&quot;sizes&quot;:[]},&quot;_transform_translateX_effect_tablet&quot;:{&quot;unit&quot;:&quot;px&quot;,&quot;size&quot;:&quot;&quot;,&quot;sizes&quot;:[]},&quot;_transform_translateX_effect_mobile_extra&quot;:{&quot;unit&quot;:&quot;px&quot;,&quot;size&quot;:&quot;&quot;,&quot;sizes&quot;:[]},&quot;_transform_translateX_effect_mobile&quot;:{&quot;unit&quot;:&quot;px&quot;,&quot;size&quot;:&quot;&quot;,&quot;sizes&quot;:[]},&quot;_transform_translateY_effect&quot;:{&quot;unit&quot;:&quot;px&quot;,&quot;size&quot;:&quot;&quot;,&quot;sizes&quot;:[]},&quot;_transform_translateY_effect_tablet&quot;:{&quot;unit&quot;:&quot;px&quot;,&quot;size&quot;:&quot;&quot;,&quot;sizes&quot;:[]},&quot;_transform_translateY_effect_mobile_extra&quot;:{&quot;unit&quot;:&quot;px&quot;,&quot;size&quot;:&quot;&quot;,&quot;sizes&quot;:[]},&quot;_transform_translateY_effect_mobile&quot;:{&quot;unit&quot;:&quot;px&quot;,&quot;size&quot;:&quot;&quot;,&quot;sizes&quot;:[]},&quot;_transform_translateX_effect_hover_tablet&quot;:{&quot;unit&quot;:&quot;px&quot;,&quot;size&quot;:&quot;&quot;,&quot;sizes&quot;:[]},&quot;_transform_translateX_effect_hover_mobile_extra&quot;:{&quot;unit&quot;:&quot;px&quot;,&quot;size&quot;:&quot;&quot;,&quot;sizes&quot;:[]},&quot;_transform_translateX_effect_hover_mobile&quot;:{&quot;unit&quot;:&quot;px&quot;,&quot;size&quot;:&quot;&quot;,&quot;sizes&quot;:[]},&quot;_transform_translateY_effect_hover&quot;:{&quot;unit&quot;:&quot;px&quot;,&quot;size&quot;:&quot;&quot;,&quot;sizes&quot;:[]},&quot;_transform_translateY_effect_hover_tablet&quot;:{&quot;unit&quot;:&quot;px&quot;,&quot;size&quot;:&quot;&quot;,&quot;sizes&quot;:[]},&quot;_transform_translateY_effect_hover_mobile_extra&quot;:{&quot;unit&quot;:&quot;px&quot;,&quot;size&quot;:&quot;&quot;,&quot;sizes&quot;:[]},&quot;_transform_translateY_effect_hover_mobile&quot;:{&quot;unit&quot;:&quot;px&quot;,&quot;size&quot;:&quot;&quot;,&quot;sizes&quot;:[]}}\" data-widget_type=\"heading.default\">\n\t\t\t\t<div class=\"elementor-widget-container\">\n\t\t\t\t\t<div class=\"elementor-heading-title elementor-size-default\">Servicios para inversores<\/div>\t\t\t\t<\/div>\n\t\t\t\t<\/div>\n\t\t\t\t<div class=\"elementor-element elementor-element-675122b8 animated-slow elementor-invisible elementor-widget elementor-widget-html\" data-id=\"675122b8\" data-element_type=\"widget\" data-settings=\"{&quot;_animation&quot;:&quot;fadeInLeft&quot;,&quot;_animation_delay&quot;:1002}\" data-widget_type=\"html.default\">\n\t\t\t\t<div class=\"elementor-widget-container\">\n\t\t\t\t\t<!DOCTYPE html>\r\n<html lang=\"en\">\r\n<head>\r\n  <meta charset=\"UTF-8\">\r\n  <meta name=\"viewport\" content=\"width=device-width, initial-scale=1.0\">\r\n  <title>Lista con Hover y Click<\/title>\r\n  <style>\r\n    \/* Estilos para la lista y los elementos de lista *\/\r\n    ul.lista-hover {\r\n      list-style: none;\r\n      margin: 0;\r\n      padding: 0;\r\n    }\r\n\r\n    ul.lista-hover li {\r\n      position: relative;\r\n      margin-bottom: 5px;\r\n      color: #DCE6E6 !important;\r\n      padding: 0px 5px;\r\n      border-radius: 5px;\r\n      transition: all 0.3s ease;\r\n      font-family: 'Arial', 400;\r\n      font-size: 20px;\r\n      font-weight: bold;\r\n      cursor: pointer;\r\n    }\r\n\r\n    ul.lista-hover li:hover {\r\n      transform: translateX(20px);\r\n      color: green;\r\n    }\r\n\r\n    ul.lista-hover li:hover::before {\r\n      content: \"\";\r\n      position: absolute;\r\n      left: -10px;\r\n      top: 50%;\r\n\r\n      transform: translateY(-50%);\r\n      border-width: 5px;\r\n      border-style: solid;\r\n      border-color: transparent transparent transparent #61c4f5;\r\n    }\r\n\r\n    \/* Estilo para el elemento seleccionado *\/\r\n    ul.lista-hover li.active {\r\n      color: #61C4F1 !important; \/* Cambia el color del texto del elemento seleccionado *\/\r\n      transform: translateX(20px); \/* Mantiene el desplazamiento del hover *\/\r\n      z-index: 10; \/* Asegura que el elemento seleccionado est\u00e9 sobre los dem\u00e1s *\/\r\n    }\r\n\r\n    \/* Estilos para el contenedor de texto *\/\r\n    .text-container {\r\n      margin-top: 20px;\r\n      font-size: 18px;\r\n      font-family: 'Arial', 400;\r\n      color: #DCE6E6;\r\n      transition: opacity 0.3s ease;\r\n      opacity: 1;\r\n      text-align: justify;\r\n    }\r\n  <\/style>\r\n<\/head>\r\n<body>\r\n  <div class=\"containerList\">\r\n    <ul class=\"lista-hover\">\r\n      <li class=\"hover-target active\" data-text=\"We provide you with up-to-date information on the economy, strategic investment sectors, business environment, and industry-specific data to support your investment decision-making process.\">\r\n        <a style=\"color: inherit; font-family: pangea; font-weight: 400;\">Informaci\u00f3n estrat\u00e9gica para inversionistas<\/a>\r\n      <\/li>\r\n      <li class=\"hover-target\" data-text=\"We connect you with key players in the business environment in El Salvador; companies, institutions, and facilitators for the establishment of your operations. Our service includes introductory events, one-on-one meetings, virtual agendas, investment agendas in the country, round tables, workshops, and webinars, among others.\">\r\n        <a  style=\"color: inherit; font-family: pangea; font-weight: 400;\">Red de contactos estrat\u00e9gicos<\/a>\r\n      <\/li>\r\n      <li class=\"hover-target\" data-text=\"We offer you a wide portfolio of investment opportunities and provide you with a detailed vision by sector, through an objective and reliable opinion, supported by market knowledge, so that you can analyze and make accurate and effective investment decisions.\">\r\n        <a style=\"color: inherit; font-family: pangea; font-weight: 400;\">Oportunidades de inversi\u00f3n<\/a>\r\n      <\/li>\r\n      <li class=\"hover-target\" data-text=\"We simplify the process of establishment, operation, and expansion of your investments, through the availability of updated information on the processes and requirements to invest, which translates into savings of time, effort, and money in the development of your economic activities.\">\r\n        <a style=\"color: inherit; font-family: pangea; font-weight: 400;\">Facilitaci\u00f3n en el establecimiento de la inversi\u00f3n<\/a>\r\n      <\/li>\r\n      <li class=\"hover-target\" data-text=\"Once established in El Salvador, we also facilitate and support you in the process of expanding your business by identifying new opportunities. Our service can boost the growth of the operation in the country or help you explore new lines of business. Our investor services are free of charge.\">\r\n        <a  style=\"color: inherit; font-family: pangea; font-weight: 400;\">Aftercare, apoyo a la expansi\u00f3n de inversionistas establecidos<\/a>\r\n      <\/li>\r\n    <\/ul>\r\n  <\/div>\r\n\r\n\r\n  <script>\r\n    function updateTextContent(item) {\r\n      const textContainer = document.getElementById('text-content');\r\n      textContainer.style.opacity = 0; \/\/ Iniciar transici\u00f3n a opacidad 0\r\n      setTimeout(() => {\r\n        const textContent = item.getAttribute('data-text');\r\n        textContainer.textContent = textContent;\r\n        textContainer.style.opacity = 1; \/\/ Cambiar el texto y restaurar opacidad\r\n      }, 300); \/\/ Tiempo suficiente para la transici\u00f3n de salida\r\n    }\r\n\r\n    document.querySelectorAll('.hover-target').forEach(item => {\r\n      item.addEventListener('mouseover', event => {\r\n        updateTextContent(item);\r\n      });\r\n\r\n      item.addEventListener('mouseover', event => {\r\n        \/\/ Remover la clase 'active' de todos los elementos\r\n        document.querySelectorAll('.hover-target').forEach(li => {\r\n          li.classList.remove('active');\r\n        });\r\n\r\n        \/\/ Agregar la clase 'active' al elemento clicado\r\n        item.classList.add('active');\r\n        updateTextContent(item);\r\n      });\r\n    });\r\n  <\/script>\r\n<\/body>\r\n<\/html>\t\t\t\t<\/div>\n\t\t\t\t<\/div>\n\t\t\t\t<\/div>\n\t\t<div class=\"elementor-element elementor-element-43c947f9 e-con-full e-flex wpr-jarallax-no wpr-sticky-section-no e-con e-child\" data-id=\"43c947f9\" data-element_type=\"container\">\n\t\t\t\t<div class=\"elementor-element elementor-element-70403456 elementor-widget elementor-widget-spacer\" data-id=\"70403456\" data-element_type=\"widget\" data-widget_type=\"spacer.default\">\n\t\t\t\t<div class=\"elementor-widget-container\">\n\t\t\t\t\t\t\t<div class=\"elementor-spacer\">\n\t\t\t<div class=\"elementor-spacer-inner\"><\/div>\n\t\t<\/div>\n\t\t\t\t\t\t<\/div>\n\t\t\t\t<\/div>\n\t\t\t\t<div class=\"elementor-element elementor-element-5c580dbd animated-slow e-transform elementor-invisible elementor-widget elementor-widget-html\" data-id=\"5c580dbd\" data-element_type=\"widget\" data-settings=\"{&quot;_animation&quot;:&quot;fadeInRight&quot;,&quot;_animation_delay&quot;:1001,&quot;_transform_translateX_effect_hover&quot;:{&quot;unit&quot;:&quot;px&quot;,&quot;size&quot;:10,&quot;sizes&quot;:[]},&quot;_transform_translateX_effect_hover_tablet&quot;:{&quot;unit&quot;:&quot;px&quot;,&quot;size&quot;:&quot;&quot;,&quot;sizes&quot;:[]},&quot;_transform_translateX_effect_hover_mobile_extra&quot;:{&quot;unit&quot;:&quot;px&quot;,&quot;size&quot;:&quot;&quot;,&quot;sizes&quot;:[]},&quot;_transform_translateX_effect_hover_mobile&quot;:{&quot;unit&quot;:&quot;px&quot;,&quot;size&quot;:&quot;&quot;,&quot;sizes&quot;:[]},&quot;_transform_translateY_effect_hover&quot;:{&quot;unit&quot;:&quot;px&quot;,&quot;size&quot;:&quot;&quot;,&quot;sizes&quot;:[]},&quot;_transform_translateY_effect_hover_tablet&quot;:{&quot;unit&quot;:&quot;px&quot;,&quot;size&quot;:&quot;&quot;,&quot;sizes&quot;:[]},&quot;_transform_translateY_effect_hover_mobile_extra&quot;:{&quot;unit&quot;:&quot;px&quot;,&quot;size&quot;:&quot;&quot;,&quot;sizes&quot;:[]},&quot;_transform_translateY_effect_hover_mobile&quot;:{&quot;unit&quot;:&quot;px&quot;,&quot;size&quot;:&quot;&quot;,&quot;sizes&quot;:[]}}\" data-widget_type=\"html.default\">\n\t\t\t\t<div class=\"elementor-widget-container\">\n\t\t\t\t\t\r\n  <div id=\"text-content\" class=\"text-container\" style=\"color: #DCE6E6; font-family: pangea; font-weight: 300; font-size: 18px; \">\r\n    Le proporcionamos informaci\u00f3n actualizada sobre la econom\u00eda, sectores estrat\u00e9gicos de inversi\u00f3n, entorno de negocios y datos espec\u00edficos de cada industria para apoyar el proceso de toma de decisiones en sus inversiones.\r\n  <\/div>\r\n\r\n\r\n\t\t\t\t<\/div>\n\t\t\t\t<\/div>\n\t\t\t\t<\/div>\n\t\t\t\t<\/div>\n\t\t\t\t<\/div>\n\t\t\t\t<\/div>","protected":false},"excerpt":{"rendered":"<p>We help you invest in El Salvador Thanks to its strategic location in the heart of the Americas, land connectivity, and highly productive human talent, El Salvador is positioned as [&hellip;]<\/p>","protected":false},"author":15,"featured_media":0,"parent":0,"menu_order":0,"comment_status":"closed","ping_status":"closed","template":"","meta":{"_acf_changed":false,"_eb_attr":"","footnotes":""},"class_list":["post-9356","page","type-page","status-publish","hentry"],"acf":[],"aioseo_notices":[],"_links":{"self":[{"href":"https:\/\/invest.sv\/es\/wp-json\/wp\/v2\/pages\/9356","targetHints":{"allow":["GET"]}}],"collection":[{"href":"https:\/\/invest.sv\/es\/wp-json\/wp\/v2\/pages"}],"about":[{"href":"https:\/\/invest.sv\/es\/wp-json\/wp\/v2\/types\/page"}],"author":[{"embeddable":true,"href":"https:\/\/invest.sv\/es\/wp-json\/wp\/v2\/users\/15"}],"replies":[{"embeddable":true,"href":"https:\/\/invest.sv\/es\/wp-json\/wp\/v2\/comments?post=9356"}],"version-history":[{"count":202,"href":"https:\/\/invest.sv\/es\/wp-json\/wp\/v2\/pages\/9356\/revisions"}],"predecessor-version":[{"id":26448,"href":"https:\/\/invest.sv\/es\/wp-json\/wp\/v2\/pages\/9356\/revisions\/26448"}],"wp:attachment":[{"href":"https:\/\/invest.sv\/es\/wp-json\/wp\/v2\/media?parent=9356"}],"curies":[{"name":"palabra clave","href":"https:\/\/api.w.org\/{rel}","templated":true}]}}