{"id":8272,"date":"2023-04-23T00:38:46","date_gmt":"2023-04-23T00:38:46","guid":{"rendered":"https:\/\/invest.sv\/?page_id=8272"},"modified":"2024-07-17T14:04:10","modified_gmt":"2024-07-17T20:04:10","slug":"contact-us","status":"publish","type":"page","link":"https:\/\/invest.sv\/es\/contact-us\/","title":{"rendered":"Cont\u00e1ctenos"},"content":{"rendered":"<div data-elementor-type=\"wp-page\" data-elementor-id=\"8272\" class=\"elementor elementor-8272\" data-elementor-post-type=\"page\">\n\t\t\t\t<div class=\"elementor-element elementor-element-df3a810 e-flex e-con-boxed wpr-jarallax-no wpr-sticky-section-no e-con e-parent\" data-id=\"df3a810\" data-element_type=\"container\">\n\t\t\t\t\t<div class=\"e-con-inner\">\n\t\t\t\t<div class=\"elementor-element elementor-element-8d95a9c elementor-widget elementor-widget-heading\" data-id=\"8d95a9c\" data-element_type=\"widget\" data-widget_type=\"heading.default\">\n\t\t\t\t<div class=\"elementor-widget-container\">\n\t\t\t\t\t<h1 class=\"elementor-heading-title elementor-size-default\">Si desea obtener m\u00e1s informaci\u00f3n sobre c\u00f3mo invertir, exportar o establecer un nuevo negocio, contacte con Invest in El Salvador.<\/h1>\t\t\t\t<\/div>\n\t\t\t\t<\/div>\n\t\t\t\t\t<\/div>\n\t\t\t\t<\/div>\n\t\t<div class=\"elementor-element elementor-element-72d8364 e-flex e-con-boxed wpr-jarallax-no wpr-sticky-section-no e-con e-parent\" data-id=\"72d8364\" data-element_type=\"container\">\n\t\t\t\t\t<div class=\"e-con-inner\">\n\t\t<div class=\"elementor-element elementor-element-2abc31a e-con-full e-flex wpr-jarallax-no wpr-sticky-section-no e-con e-child\" data-id=\"2abc31a\" data-element_type=\"container\">\n\t\t\t\t<div class=\"elementor-element elementor-element-9c8a51c elementor-widget elementor-widget-text-editor\" data-id=\"9c8a51c\" data-element_type=\"widget\" data-widget_type=\"text-editor.default\">\n\t\t\t\t<div class=\"elementor-widget-container\">\n\t\t\t\t\t\t\t\t\t<p>El Salvador tiene la energ\u00eda que su negocio necesita. Estamos impulsados por una de las mayores fuerzas laborales de la regi\u00f3n y respaldados por la infraestructura m\u00e1s rentable y moderna de Am\u00e9rica Central. No dude en ponerse en contacto completando el formulario o descargando nuestra gu\u00eda detallada para inversores para que pueda comenzar el viaje para su mejor decisi\u00f3n comercial. Lo esperamos.<\/p><ul><li>Clima de negocios<\/li><li>Acceso y Conectividad<\/li><li>Marco Legal e Incentivos<\/li><li>Capital humano<\/li><li>Oportunidades de inversi\u00f3n<\/li><li>Estableciendo y Operando un Negocio en el Salvador<\/li><\/ul>\t\t\t\t\t\t\t\t<\/div>\n\t\t\t\t<\/div>\n\t\t\t\t<div class=\"elementor-element elementor-element-82bd76d elementor-mobile-align-center elementor-widget elementor-widget-button\" data-id=\"82bd76d\" data-element_type=\"widget\" data-widget_type=\"button.default\">\n\t\t\t\t<div class=\"elementor-widget-container\">\n\t\t\t\t\t<style>.elementor-element-82bd76d{display:none !important}<\/style>\t\t\t\t<\/div>\n\t\t\t\t<\/div>\n\t\t\t\t<div class=\"elementor-element elementor-element-c880c03 elementor-mobile-align-center elementor-widget elementor-widget-button\" data-id=\"c880c03\" data-element_type=\"widget\" data-widget_type=\"button.default\">\n\t\t\t\t<div class=\"elementor-widget-container\">\n\t\t\t\t\t\t\t\t\t<div class=\"elementor-button-wrapper\">\n\t\t\t\t\t<a class=\"elementor-button elementor-button-link elementor-size-lg\" href=\"https:\/\/invest.sv\/es\/download\/guia-del-inversionista\/?wpdmdl=21152&#038;masterkey=KFHMDiNbPyfz9si6rVl57BK4xLsAC_eWkOzzzf9df7_0244tJAJ5GgywS6TWR0jCHqZAsFoYQLQ03-PlIPpufMxqqDBJs8VeQxQ-tqeMfdE\">\n\t\t\t\t\t\t<span class=\"elementor-button-content-wrapper\">\n\t\t\t\t\t\t\t\t\t<span class=\"elementor-button-text\">Descargar Gu\u00eda<\/span>\n\t\t\t\t\t<\/span>\n\t\t\t\t\t<\/a>\n\t\t\t\t<\/div>\n\t\t\t\t\t\t\t\t<\/div>\n\t\t\t\t<\/div>\n\t\t\t\t<div class=\"elementor-element elementor-element-a45e23f elementor-widget elementor-widget-html\" data-id=\"a45e23f\" data-element_type=\"widget\" data-widget_type=\"html.default\">\n\t\t\t\t<div class=\"elementor-widget-container\">\n\t\t\t\t\t<iframe src=\"https:\/\/www.google.com\/maps\/embed?pb=!1m18!1m12!1m3!1d3876.529663110364!2d-89.24040582608177!3d13.686339398808073!2m3!1f0!2f0!3f0!3m2!1i1024!2i768!4f13.1!3m3!1m2!1s0x8f63303ba1e393ff%3A0xafaeaef88e494c97!2sInvest%20in%20El%20Salvador!5e0!3m2!1ses!2ssv!4v1706289129630!5m2!1ses!2ssv\" width=\"100\" height=\"300\" style=\"border:0;\" allowfullscreen=\"\" loading=\"lazy\" referrerpolicy=\"no-referrer-when-downgrade\"><\/iframe>\t\t\t\t<\/div>\n\t\t\t\t<\/div>\n\t\t\t\t<\/div>\n\t\t<div class=\"elementor-element elementor-element-ed2b3f6 e-con-full e-flex wpr-jarallax-no wpr-sticky-section-no e-con e-child\" data-id=\"ed2b3f6\" data-element_type=\"container\">\n\t\t\t\t<div class=\"elementor-element elementor-element-d5e3bd0 elementor-widget elementor-widget-wpforms\" data-id=\"d5e3bd0\" data-element_type=\"widget\" data-widget_type=\"wpforms.default\">\n\t\t\t\t<div class=\"elementor-widget-container\">\n\t\t\t\t\t<style id=\"wpforms-css-vars-root\">\n\t\t\t\t:root {\n\t\t\t\t\t--wpforms-field-border-radius: 3px;\n--wpforms-field-border-style: solid;\n--wpforms-field-border-size: 1px;\n--wpforms-field-background-color: #ffffff;\n--wpforms-field-border-color: rgba( 0, 0, 0, 0.25 );\n--wpforms-field-border-color-spare: rgba( 0, 0, 0, 0.25 );\n--wpforms-field-text-color: rgba( 0, 0, 0, 0.7 );\n--wpforms-field-menu-color: #ffffff;\n--wpforms-label-color: rgba( 0, 0, 0, 0.85 );\n--wpforms-label-sublabel-color: rgba( 0, 0, 0, 0.55 );\n--wpforms-label-error-color: #d63637;\n--wpforms-button-border-radius: 3px;\n--wpforms-button-border-style: none;\n--wpforms-button-border-size: 1px;\n--wpforms-button-background-color: #066aab;\n--wpforms-button-border-color: #066aab;\n--wpforms-button-text-color: #ffffff;\n--wpforms-page-break-color: #066aab;\n--wpforms-background-image: none;\n--wpforms-background-position: center center;\n--wpforms-background-repeat: no-repeat;\n--wpforms-background-size: cover;\n--wpforms-background-width: 100px;\n--wpforms-background-height: 100px;\n--wpforms-background-color: rgba( 0, 0, 0, 0 );\n--wpforms-background-url: none;\n--wpforms-container-padding: 0px;\n--wpforms-container-border-style: none;\n--wpforms-container-border-width: 1px;\n--wpforms-container-border-color: #000000;\n--wpforms-container-border-radius: 3px;\n--wpforms-field-size-input-height: 43px;\n--wpforms-field-size-input-spacing: 15px;\n--wpforms-field-size-font-size: 16px;\n--wpforms-field-size-line-height: 19px;\n--wpforms-field-size-padding-h: 14px;\n--wpforms-field-size-checkbox-size: 16px;\n--wpforms-field-size-sublabel-spacing: 5px;\n--wpforms-field-size-icon-size: 1;\n--wpforms-label-size-font-size: 16px;\n--wpforms-label-size-line-height: 19px;\n--wpforms-label-size-sublabel-font-size: 14px;\n--wpforms-label-size-sublabel-line-height: 17px;\n--wpforms-button-size-font-size: 17px;\n--wpforms-button-size-height: 41px;\n--wpforms-button-size-padding-h: 15px;\n--wpforms-button-size-margin-top: 10px;\n--wpforms-container-shadow-size-box-shadow: none;\n\n\t\t\t\t}\n\t\t\t<\/style><style id=\"wpforms-css-vars-elementor-widget-d5e3bd0\">\n\t\t\t\t.elementor-widget-wpforms.elementor-element-d5e3bd0 {\n\t\t\t\t\t--wpforms-field-border-radius: 5px;\n--wpforms-field-size-input-height: 43px;\n--wpforms-field-size-input-spacing: 15px;\n--wpforms-field-size-font-size: 16px;\n--wpforms-field-size-line-height: 19px;\n--wpforms-field-size-padding-h: 14px;\n--wpforms-field-size-checkbox-size: 16px;\n--wpforms-field-size-sublabel-spacing: 5px;\n--wpforms-field-size-icon-size: 1;\n--wpforms-label-size-font-size: 16px;\n--wpforms-label-size-line-height: 19px;\n--wpforms-label-size-sublabel-font-size: 14px;\n--wpforms-label-size-sublabel-line-height: 17px;\n--wpforms-button-size-font-size: 17px;\n--wpforms-button-size-height: 41px;\n--wpforms-button-size-padding-h: 15px;\n--wpforms-button-size-margin-top: 10px;\n\n\t\t\t\t}\n\t\t\t<\/style><div class=\"wpforms-container wpforms-container-full wpforms-render-modern\" id=\"wpforms-20741\"><form id=\"wpforms-form-20741\" class=\"wpforms-validate wpforms-form wpforms-ajax-form\" data-formid=\"20741\" method=\"post\" enctype=\"multipart\/form-data\" action=\"\/es\/wp-json\/wp\/v2\/pages\/8272\" data-token=\"30e0fc789544a6cf0198a905eb68c46c\" data-token-time=\"1776847948\" data-trp-original-action=\"\/es\/wp-json\/wp\/v2\/pages\/8272\"><noscript class=\"wpforms-error-noscript\">Por favor, activa JavaScript en tu navegador para completar este formulario.<\/noscript><div class=\"wpforms-hidden\" id=\"wpforms-error-noscript\">Por favor, activa JavaScript en tu navegador para completar este formulario.<\/div><div class=\"wpforms-field-container\"><div id=\"wpforms-20741-field_9-container\" class=\"wpforms-field wpforms-field-name\" data-field-id=\"9\"><fieldset><legend class=\"wpforms-field-label\">Nombre <span class=\"wpforms-required-label\" aria-hidden=\"true\">*<\/span><\/legend><div class=\"wpforms-field-row wpforms-field-large\"><div class=\"wpforms-field-row-block wpforms-first wpforms-one-half\"><input type=\"text\" id=\"wpforms-20741-field_9\" class=\"wpforms-field-name-first wpforms-field-required\" name=\"wpforms[fields][9][first]\" aria-errormessage=\"wpforms-20741-field_9-error\" required><label for=\"wpforms-20741-field_9\" class=\"wpforms-field-sublabel after\">Nombre<\/label><\/div><div class=\"wpforms-field-row-block wpforms-one-half\"><input type=\"text\" id=\"wpforms-20741-field_9-last\" class=\"wpforms-field-name-last wpforms-field-required\" name=\"wpforms[fields][9][last]\" aria-errormessage=\"wpforms-20741-field_9-last-error\" required><label for=\"wpforms-20741-field_9-last\" class=\"wpforms-field-sublabel after\">Apellidos<\/label><\/div><\/div><\/fieldset><\/div><div id=\"wpforms-20741-field_13-container\" class=\"wpforms-field wpforms-field-number\" data-field-id=\"13\"><label class=\"wpforms-field-label\" for=\"wpforms-20741-field_13\">N\u00famero de tel\u00e9fono <span class=\"wpforms-required-label\" aria-hidden=\"true\">*<\/span><\/label><input type=\"number\" id=\"wpforms-20741-field_13\" class=\"wpforms-field-large wpforms-field-required\" name=\"wpforms[fields][13]\" aria-errormessage=\"wpforms-20741-field_13-error\" required><\/div><div id=\"wpforms-20741-field_16-container\" class=\"wpforms-field wpforms-field-email\" data-field-id=\"16\"><label class=\"wpforms-field-label\" for=\"wpforms-20741-field_16\">Correo electr\u00f3nico <span class=\"wpforms-required-label\" aria-hidden=\"true\">*<\/span><\/label><input type=\"email\" id=\"wpforms-20741-field_16\" class=\"wpforms-field-large wpforms-field-required\" name=\"wpforms[fields][16]\" spellcheck=\"false\" aria-errormessage=\"wpforms-20741-field_16-error\" required><\/div><div id=\"wpforms-20741-field_15-container\" class=\"wpforms-field wpforms-field-text\" data-field-id=\"15\"><label class=\"wpforms-field-label\" for=\"wpforms-20741-field_15\">Pa\u00eds <span class=\"wpforms-required-label\" aria-hidden=\"true\">*<\/span><\/label><input type=\"text\" id=\"wpforms-20741-field_15\" class=\"wpforms-field-large wpforms-field-required\" name=\"wpforms[fields][15]\" aria-errormessage=\"wpforms-20741-field_15-error\" required><\/div><div id=\"wpforms-20741-field_12-container\" class=\"wpforms-field wpforms-field-text\" data-field-id=\"12\"><label class=\"wpforms-field-label\" for=\"wpforms-20741-field_12\">Estado \/ Departamento<\/label><input type=\"text\" id=\"wpforms-20741-field_12\" class=\"wpforms-field-large\" name=\"wpforms[fields][12]\" aria-errormessage=\"wpforms-20741-field_12-error\" ><\/div><div id=\"wpforms-20741-field_4-container\" class=\"wpforms-field wpforms-field-checkbox wpforms-list-2-columns\" data-field-id=\"4\"><fieldset><legend class=\"wpforms-field-label\">Sector de inter\u00e9s <span class=\"wpforms-required-label\" aria-hidden=\"true\">*<\/span><\/legend><ul id=\"wpforms-20741-field_4\" class=\"wpforms-field-required\"><li class=\"choice-1 depth-1\"><input type=\"checkbox\" id=\"wpforms-20741-field_4_1\" name=\"wpforms[fields][4][]\" value=\"Software development and digital content\" aria-errormessage=\"wpforms-20741-field_4_1-error\" required><label class=\"wpforms-field-label-inline\" for=\"wpforms-20741-field_4_1\">Desarrollo de software y contenido digital<\/label><\/li><li class=\"choice-2 depth-1\"><input type=\"checkbox\" id=\"wpforms-20741-field_4_2\" name=\"wpforms[fields][4][]\" value=\"BTC and digital assets\" aria-errormessage=\"wpforms-20741-field_4_2-error\" required><label class=\"wpforms-field-label-inline\" for=\"wpforms-20741-field_4_2\">BTC y activos digitales<\/label><\/li><li class=\"choice-3 depth-1\"><input type=\"checkbox\" id=\"wpforms-20741-field_4_3\" name=\"wpforms[fields][4][]\" value=\"Aeronautics\" aria-errormessage=\"wpforms-20741-field_4_3-error\" required><label class=\"wpforms-field-label-inline\" for=\"wpforms-20741-field_4_3\">Aeron\u00e1utico<\/label><\/li><li class=\"choice-4 depth-1\"><input type=\"checkbox\" id=\"wpforms-20741-field_4_4\" name=\"wpforms[fields][4][]\" value=\"Tourism infrastructure\" aria-errormessage=\"wpforms-20741-field_4_4-error\" required><label class=\"wpforms-field-label-inline\" for=\"wpforms-20741-field_4_4\">Infraestructura tur\u00edstica<\/label><\/li><li class=\"choice-5 depth-1\"><input type=\"checkbox\" id=\"wpforms-20741-field_4_5\" name=\"wpforms[fields][4][]\" value=\"Electronic equipment and auto parts\" aria-errormessage=\"wpforms-20741-field_4_5-error\" required><label class=\"wpforms-field-label-inline\" for=\"wpforms-20741-field_4_5\">Equipos electro\u0301nicos y autopartes<\/label><\/li><li class=\"choice-6 depth-1\"><input type=\"checkbox\" id=\"wpforms-20741-field_4_6\" name=\"wpforms[fields][4][]\" value=\"Pharmaceuticals and medical devices\" aria-errormessage=\"wpforms-20741-field_4_6-error\" required><label class=\"wpforms-field-label-inline\" for=\"wpforms-20741-field_4_6\">Farmac\u00e9utica y dispositivos m\u00e9dicos<\/label><\/li><li class=\"choice-7 depth-1\"><input type=\"checkbox\" id=\"wpforms-20741-field_4_7\" name=\"wpforms[fields][4][]\" value=\"Food and beverages\" aria-errormessage=\"wpforms-20741-field_4_7-error\" required><label class=\"wpforms-field-label-inline\" for=\"wpforms-20741-field_4_7\">Alimentos y bebidas<\/label><\/li><li class=\"choice-8 depth-1\"><input type=\"checkbox\" id=\"wpforms-20741-field_4_8\" name=\"wpforms[fields][4][]\" value=\"Real estate infrastructure\" aria-errormessage=\"wpforms-20741-field_4_8-error\" required><label class=\"wpforms-field-label-inline\" for=\"wpforms-20741-field_4_8\">Infraestructura inmobiliaria<\/label><\/li><\/ul><\/fieldset><\/div><div id=\"wpforms-20741-field_5-container\" class=\"wpforms-field wpforms-field-textarea\" data-field-id=\"5\"><label class=\"wpforms-field-label\" for=\"wpforms-20741-field_5\">Asunto del mensaje <span class=\"wpforms-required-label\" aria-hidden=\"true\">*<\/span><\/label><textarea id=\"wpforms-20741-field_5\" class=\"wpforms-field-medium wpforms-field-required\" name=\"wpforms[fields][5]\" placeholder=\"Details of the company and its needs\" aria-errormessage=\"wpforms-20741-field_5-error\" required><\/textarea><\/div><\/div><!-- .wpforms-field-container --><div class=\"wpforms-recaptcha-container wpforms-is-recaptcha wpforms-is-recaptcha-type-v2\" ><div class=\"g-recaptcha\" data-sitekey=\"6LeCihwqAAAAAFLbH9XysrcY2T_Qi5UKNe_bkl1f\"><\/div><input type=\"text\" name=\"g-recaptcha-hidden\" class=\"wpforms-recaptcha-hidden\" style=\"position:absolute!important;clip:rect(0,0,0,0)!important;height:1px!important;width:1px!important;border:0!important;overflow:hidden!important;padding:0!important;margin:0!important;\" data-rule-recaptcha=\"1\"><\/div><div class=\"wpforms-submit-container\" ><input type=\"hidden\" name=\"wpforms[id]\" value=\"20741\"><input type=\"hidden\" name=\"page_title\" value=\"\"><input type=\"hidden\" name=\"page_url\" value=\"https:\/\/invest.sv\/es\/wp-json\/wp\/v2\/pages\/8272\"><button type=\"submit\" name=\"wpforms[submit]\" id=\"wpforms-submit-20741\" class=\"wpforms-submit\" data-alt-text=\"Sending...\" data-submit-text=\"Submit\" aria-live=\"assertive\" value=\"wpforms-submit\">Enviar mensaje<\/button><img decoding=\"async\" src=\"https:\/\/invest.sv\/wp-content\/plugins\/wpforms-lite\/assets\/images\/submit-spin.svg\" class=\"wpforms-submit-spinner\" style=\"display: none;\" width=\"26\" height=\"26\" alt=\"Cargando\"><\/div><input type=\"hidden\" name=\"trp-form-language\" value=\"es\"\/><\/form><\/div>  <!-- .wpforms-container -->\t\t\t\t<\/div>\n\t\t\t\t<\/div>\n\t\t\t\t<\/div>\n\t\t\t\t\t<\/div>\n\t\t\t\t<\/div>\n\t\t<div class=\"elementor-element elementor-element-d7aff39 e-flex e-con-boxed wpr-jarallax-no wpr-sticky-section-no e-con e-parent\" data-id=\"d7aff39\" data-element_type=\"container\">\n\t\t\t\t\t<div class=\"e-con-inner\">\n\t\t\t\t\t<\/div>\n\t\t\t\t<\/div>\n\t\t\t\t<\/div>","protected":false},"excerpt":{"rendered":"<p>Cont\u00e1ctenos<\/p>","protected":false},"author":15,"featured_media":0,"parent":0,"menu_order":0,"comment_status":"closed","ping_status":"closed","template":"","meta":{"_acf_changed":false,"_eb_attr":"","footnotes":""},"class_list":["post-8272","page","type-page","status-publish","hentry"],"acf":[],"aioseo_notices":[],"_links":{"self":[{"href":"https:\/\/invest.sv\/es\/wp-json\/wp\/v2\/pages\/8272","targetHints":{"allow":["GET"]}}],"collection":[{"href":"https:\/\/invest.sv\/es\/wp-json\/wp\/v2\/pages"}],"about":[{"href":"https:\/\/invest.sv\/es\/wp-json\/wp\/v2\/types\/page"}],"author":[{"embeddable":true,"href":"https:\/\/invest.sv\/es\/wp-json\/wp\/v2\/users\/15"}],"replies":[{"embeddable":true,"href":"https:\/\/invest.sv\/es\/wp-json\/wp\/v2\/comments?post=8272"}],"version-history":[{"count":131,"href":"https:\/\/invest.sv\/es\/wp-json\/wp\/v2\/pages\/8272\/revisions"}],"predecessor-version":[{"id":24389,"href":"https:\/\/invest.sv\/es\/wp-json\/wp\/v2\/pages\/8272\/revisions\/24389"}],"wp:attachment":[{"href":"https:\/\/invest.sv\/es\/wp-json\/wp\/v2\/media?parent=8272"}],"curies":[{"name":"palabra clave","href":"https:\/\/api.w.org\/{rel}","templated":true}]}}