{"id":7985,"date":"2023-04-22T19:43:46","date_gmt":"2023-04-22T19:43:46","guid":{"rendered":"https:\/\/invest.sv\/?page_id=7985"},"modified":"2024-11-11T15:50:31","modified_gmt":"2024-11-11T21:50:31","slug":"el-salvador-international-airport","status":"publish","type":"page","link":"https:\/\/invest.sv\/es\/el-salvador-international-airport\/","title":{"rendered":"Aeropuerto Internacional de El Salvador"},"content":{"rendered":"<div data-elementor-type=\"wp-page\" data-elementor-id=\"7985\" class=\"elementor elementor-7985\" data-elementor-post-type=\"page\">\n\t\t\t\t<div class=\"elementor-element elementor-element-3bc1426 e-flex e-con-boxed wpr-jarallax-no wpr-sticky-section-no e-con e-parent\" data-id=\"3bc1426\" data-element_type=\"container\" data-settings=\"{&quot;background_background&quot;:&quot;classic&quot;}\">\n\t\t\t\t\t<div class=\"e-con-inner\">\n\t\t<div class=\"elementor-element elementor-element-7fbf155 e-flex e-con-boxed wpr-jarallax-no wpr-sticky-section-no e-con e-child\" data-id=\"7fbf155\" data-element_type=\"container\">\n\t\t\t\t\t<div class=\"e-con-inner\">\n\t\t\t\t<div class=\"elementor-element elementor-element-18d9230 elementor-widget elementor-widget-heading\" data-id=\"18d9230\" data-element_type=\"widget\" data-widget_type=\"heading.default\">\n\t\t\t\t<div class=\"elementor-widget-container\">\n\t\t\t\t\t<h1 class=\"elementor-heading-title elementor-size-default\">Aeropuerto Internacional de El Salvador<\/h1>\t\t\t\t<\/div>\n\t\t\t\t<\/div>\n\t\t\t\t\t<\/div>\n\t\t\t\t<\/div>\n\t\t<div class=\"elementor-element elementor-element-748157f e-flex e-con-boxed wpr-jarallax-no wpr-sticky-section-no e-con e-child\" data-id=\"748157f\" data-element_type=\"container\">\n\t\t\t\t\t<div class=\"e-con-inner\">\n\t\t<div class=\"elementor-element elementor-element-eea1662 e-flex e-con-boxed wpr-jarallax-no wpr-sticky-section-no e-con e-child\" data-id=\"eea1662\" data-element_type=\"container\">\n\t\t\t\t\t<div class=\"e-con-inner\">\n\t\t\t\t<div class=\"elementor-element elementor-element-bd0ad1a elementor-widget elementor-widget-text-editor\" data-id=\"bd0ad1a\" data-element_type=\"widget\" data-widget_type=\"text-editor.default\">\n\t\t\t\t<div class=\"elementor-widget-container\">\n\t\t\t\t\t\t\t\t\t<p>El Aeropuerto Internacional de El Salvador, San \u00d3scar Arnulfo Romero y Gald\u00e1mez, es la puerta de entrada que conecta al pa\u00eds con el mundo.<\/p><p>Para ampliar la terminal de pasajeros del Aeropuerto Internacional, se incluy\u00f3 la construcci\u00f3n de un edificio de tres niveles, cinco nuevas salas de espera con extensos pasillos y espacios de estancia con doble altura para pasajeros; cinco puentes de abordaje para aeronaves de ancho fuselaje, un \u00e1rea comercial con 14 locales y un \u00e1rea migratoria con 10 mostradores y cinco para aerol\u00edneas.<\/p>\t\t\t\t\t\t\t\t<\/div>\n\t\t\t\t<\/div>\n\t\t\t\t\t<\/div>\n\t\t\t\t<\/div>\n\t\t<div class=\"elementor-element elementor-element-a128a64 e-con-full e-flex wpr-jarallax-no wpr-sticky-section-no e-con e-child\" data-id=\"a128a64\" data-element_type=\"container\">\n\t\t<div class=\"elementor-element elementor-element-ec695c3 e-flex e-con-boxed wpr-jarallax-no wpr-sticky-section-no e-con e-child\" data-id=\"ec695c3\" data-element_type=\"container\">\n\t\t\t\t\t<div class=\"e-con-inner\">\n\t\t<div class=\"elementor-element elementor-element-fb4f883 e-con-full e-flex wpr-jarallax-no wpr-sticky-section-no e-con e-child\" data-id=\"fb4f883\" data-element_type=\"container\">\n\t\t\t\t<div class=\"elementor-element elementor-element-ff12fdd elementor-view-default elementor-widget elementor-widget-icon\" data-id=\"ff12fdd\" data-element_type=\"widget\" data-widget_type=\"icon.default\">\n\t\t\t\t<div class=\"elementor-widget-container\">\n\t\t\t\t\t\t\t<div class=\"elementor-icon-wrapper\">\n\t\t\t<div class=\"elementor-icon\">\n\t\t\t<svg xmlns=\"http:\/\/www.w3.org\/2000\/svg\" xmlns:xlink=\"http:\/\/www.w3.org\/1999\/xlink\" id=\"Capa_1\" x=\"0px\" y=\"0px\" viewbox=\"0 0 581.176 581.176\" style=\"enable-background:new 0 0 581.176 581.176;\" xml:space=\"preserve\"><g>\t<g>\t\t<circle cx=\"290.588\" cy=\"208.11\" r=\"80.711\"><\/circle>\t\t<polygon points=\"391.495,309.016 371.323,309.016 351.127,309.016 230.049,309.016 209.853,309.016 189.681,309.016    169.51,309.016 149.314,309.016 149.314,500.732 189.681,500.732 189.681,349.36 209.853,349.36 209.853,551.173 371.323,551.173    371.323,349.36 391.495,349.36 391.495,500.732 431.863,500.732 431.863,309.016 411.667,309.016   \"><\/polygon>\t\t<path d=\"M389.243,173.626c13.876,11.309,31.359,18.355,50.659,18.355c44.581,0,80.735-36.154,80.735-80.711   c0-44.581-36.154-80.735-80.735-80.735s-80.735,36.154-80.735,80.735c0,7.144,1.235,13.924,2.954,20.511   C374.326,143.212,383.601,157.523,389.243,173.626z\"><\/path>\t\t<path d=\"M560.981,212.154h-20.172h-20.172h-20.196H395.103c-1.138,28.671-13.658,54.34-33.393,72.647h9.589h20.172h20.196h20.196   h24.216v24.216V454.31h64.559V252.497h20.172v151.372h40.368V212.154H560.981z\"><\/path>\t\t<path d=\"M141.274,191.473c19.3,0,36.784-7.047,50.659-18.355c5.642-16.103,14.917-30.415,27.122-41.869   c1.719-6.562,2.954-13.367,2.954-20.511c0-44.581-36.154-80.735-80.735-80.735s-80.735,36.202-80.735,80.759   S96.693,191.473,141.274,191.473z\"><\/path>\t\t<path d=\"M169.51,284.292h20.172h20.172h9.589c-19.712-18.307-32.255-43.976-33.393-72.647H80.711H60.539H40.368H20.196H0v191.716   h40.368V251.988h20.172v201.814h64.559V308.508v-24.216h24.216H169.51z\"><\/path>\t<\/g><\/g><g><\/g><g><\/g><g><\/g><g><\/g><g><\/g><g><\/g><g><\/g><g><\/g><g><\/g><g><\/g><g><\/g><g><\/g><g><\/g><g><\/g><g><\/g><\/svg>\t\t\t<\/div>\n\t\t<\/div>\n\t\t\t\t\t\t<\/div>\n\t\t\t\t<\/div>\n\t\t\t\t<\/div>\n\t\t<div class=\"elementor-element elementor-element-c95f371 e-con-full e-flex wpr-jarallax-no wpr-sticky-section-no e-con e-child\" data-id=\"c95f371\" data-element_type=\"container\">\n\t\t\t\t<div class=\"elementor-element elementor-element-8b88f8e elementor-widget elementor-widget-heading\" data-id=\"8b88f8e\" data-element_type=\"widget\" data-widget_type=\"heading.default\">\n\t\t\t\t<div class=\"elementor-widget-container\">\n\t\t\t\t\t<div class=\"elementor-heading-title elementor-size-default\"><b>4.5<\/b> millones de pasajeros\n(2023)<\/div>\t\t\t\t<\/div>\n\t\t\t\t<\/div>\n\t\t\t\t<\/div>\n\t\t\t\t\t<\/div>\n\t\t\t\t<\/div>\n\t\t<div class=\"elementor-element elementor-element-700facd e-flex e-con-boxed wpr-jarallax-no wpr-sticky-section-no e-con e-child\" data-id=\"700facd\" data-element_type=\"container\">\n\t\t\t\t\t<div class=\"e-con-inner\">\n\t\t<div class=\"elementor-element elementor-element-303461b e-con-full e-flex wpr-jarallax-no wpr-sticky-section-no e-con e-child\" data-id=\"303461b\" data-element_type=\"container\">\n\t\t\t\t<div class=\"elementor-element elementor-element-1fff6d4 elementor-view-default elementor-widget elementor-widget-icon\" data-id=\"1fff6d4\" data-element_type=\"widget\" data-widget_type=\"icon.default\">\n\t\t\t\t<div class=\"elementor-widget-container\">\n\t\t\t\t\t\t\t<div class=\"elementor-icon-wrapper\">\n\t\t\t<div class=\"elementor-icon\">\n\t\t\t<i aria-hidden=\"true\" class=\"fas fa-plane\"><\/i>\t\t\t<\/div>\n\t\t<\/div>\n\t\t\t\t\t\t<\/div>\n\t\t\t\t<\/div>\n\t\t\t\t<\/div>\n\t\t<div class=\"elementor-element elementor-element-7a34ad0 e-con-full e-flex wpr-jarallax-no wpr-sticky-section-no e-con e-child\" data-id=\"7a34ad0\" data-element_type=\"container\">\n\t\t\t\t<div class=\"elementor-element elementor-element-347cd2a elementor-widget elementor-widget-heading\" data-id=\"347cd2a\" data-element_type=\"widget\" data-widget_type=\"heading.default\">\n\t\t\t\t<div class=\"elementor-widget-container\">\n\t\t\t\t\t<div class=\"elementor-heading-title elementor-size-default\">14 aerol\u00edneas que conectan con 37 ciudades en 14 pa\u00edses<\/div>\t\t\t\t<\/div>\n\t\t\t\t<\/div>\n\t\t\t\t<\/div>\n\t\t\t\t\t<\/div>\n\t\t\t\t<\/div>\n\t\t\t\t<\/div>\n\t\t\t\t\t<\/div>\n\t\t\t\t<\/div>\n\t\t\t\t\t<\/div>\n\t\t\t\t<\/div>\n\t\t<div class=\"elementor-element elementor-element-0094732 e-flex e-con-boxed wpr-jarallax-no wpr-sticky-section-no e-con e-parent\" data-id=\"0094732\" data-element_type=\"container\" data-settings=\"{&quot;background_background&quot;:&quot;classic&quot;}\">\n\t\t\t\t\t<div class=\"e-con-inner\">\n\t\t<div class=\"elementor-element elementor-element-cabe4da e-con-full e-flex wpr-jarallax-no wpr-sticky-section-no e-con e-child\" data-id=\"cabe4da\" data-element_type=\"container\">\n\t\t\t\t<div class=\"elementor-element elementor-element-0afb588 elementor-widget__width-initial elementor-widget elementor-widget-text-editor\" data-id=\"0afb588\" data-element_type=\"widget\" data-widget_type=\"text-editor.default\">\n\t\t\t\t<div class=\"elementor-widget-container\">\n\t\t\t\t\t\t\t\t\t<h4>\u00a0Cifras hist\u00f3ricas<\/h4><hr \/><p>En 2023 la principal terminal \u00e1rea del pa\u00eds moviliz\u00f3 m\u00e1s de <strong>4.5 millones<\/strong> de pasajeros en llegadas, salidas y conexiones, lo que represent\u00f3 un <strong>incremento del 32%<\/strong> respecto al 2022. Se atendieron <strong>41 mil operaciones<\/strong> de vuelos comerciales, de pasajeros que viajaron por diversi\u00f3n, trabajo o para cerrar negocios de inversi\u00f3n.<\/p><p>El crecimiento de estas cifras hist\u00f3ricas son el resultado del excelente clima de seguridad que vive el pa\u00eds, la promoci\u00f3n internacional como destino tur\u00edstico y de inversiones, as\u00ed como de los eventos de car\u00e1cter mundial que se han venido realizando.<\/p>\t\t\t\t\t\t\t\t<\/div>\n\t\t\t\t<\/div>\n\t\t\t\t<\/div>\n\t\t<div class=\"elementor-element elementor-element-9ef27e9 e-con-full e-flex wpr-jarallax-no wpr-sticky-section-no e-con e-child\" data-id=\"9ef27e9\" data-element_type=\"container\">\n\t\t\t\t<div class=\"elementor-element elementor-element-3ec7ac2 animated-slow elementor-invisible elementor-widget elementor-widget-image\" data-id=\"3ec7ac2\" data-element_type=\"widget\" data-settings=\"{&quot;_animation&quot;:&quot;fadeInRight&quot;}\" data-widget_type=\"image.default\">\n\t\t\t\t<div class=\"elementor-widget-container\">\n\t\t\t\t\t\t\t\t\t\t\t\t\t\t\t<img decoding=\"async\" src=\"https:\/\/invest.sv\/wp-content\/uploads\/2023\/11\/Aeropuerto-El-Salvador-ampliacion.jpg\" title=\"Aeropuerto-El-Salvador-ampliacion\" alt=\"Aeropuerto-El-Salvador-ampliacion\" loading=\"lazy\" \/>\t\t\t\t\t\t\t\t\t\t\t\t\t\t\t<\/div>\n\t\t\t\t<\/div>\n\t\t\t\t<\/div>\n\t\t\t\t\t<\/div>\n\t\t\t\t<\/div>\n\t\t<div class=\"elementor-element elementor-element-11c48d1 e-flex e-con-boxed wpr-jarallax-no wpr-sticky-section-no e-con e-parent\" data-id=\"11c48d1\" data-element_type=\"container\" data-settings=\"{&quot;background_background&quot;:&quot;classic&quot;}\">\n\t\t\t\t\t<div class=\"e-con-inner\">\n\t\t<div class=\"elementor-element elementor-element-8eb379c e-con-full elementor-hidden-mobile e-flex wpr-jarallax-no wpr-sticky-section-no e-con e-child\" data-id=\"8eb379c\" data-element_type=\"container\">\n\t\t\t\t<div class=\"elementor-element elementor-element-b58dce1 elementor-widget__width-initial elementor-invisible elementor-widget elementor-widget-image\" data-id=\"b58dce1\" data-element_type=\"widget\" data-settings=\"{&quot;_animation&quot;:&quot;fadeInLeft&quot;}\" data-widget_type=\"image.default\">\n\t\t\t\t<div class=\"elementor-widget-container\">\n\t\t\t\t\t\t\t\t\t\t\t\t\t\t\t<img decoding=\"async\" src=\"https:\/\/invest.sv\/wp-content\/uploads\/2023\/11\/salas-lactancia-aeropuerto.jpg\" title=\"salas-lactancia-aeropuerto\" alt=\"salas-lactancia-aeropuerto\" loading=\"lazy\" \/>\t\t\t\t\t\t\t\t\t\t\t\t\t\t\t<\/div>\n\t\t\t\t<\/div>\n\t\t\t\t<\/div>\n\t\t<div class=\"elementor-element elementor-element-95f6041 e-con-full e-flex wpr-jarallax-no wpr-sticky-section-no e-con e-child\" data-id=\"95f6041\" data-element_type=\"container\">\n\t\t<div class=\"elementor-element elementor-element-28ff70e e-con-full e-flex wpr-jarallax-no wpr-sticky-section-no e-con e-child\" data-id=\"28ff70e\" data-element_type=\"container\">\n\t\t\t\t<div class=\"elementor-element elementor-element-d1239c2 elementor-widget__width-initial elementor-widget elementor-widget-text-editor\" data-id=\"d1239c2\" data-element_type=\"widget\" data-widget_type=\"text-editor.default\">\n\t\t\t\t<div class=\"elementor-widget-container\">\n\t\t\t\t\t\t\t\t\t<h4>Un espacio inclusivo para las madres<\/h4><p><span lang=\"EN-US\">Comprometidos con el\u00a0<strong>fomento, protecci\u00f3n y apoyo de la lactancia materna<\/strong>, el Aeropuerto Internacional de El Salvador cuenta con\u00a0<strong>una sala y dos cabinas para la lactancia materna<\/strong>, acreditadas por el Ministerio de Salud y en sincron\u00eda con est\u00e1ndares internacionales.<\/span><\/p>\t\t\t\t\t\t\t\t<\/div>\n\t\t\t\t<\/div>\n\t\t\t\t<\/div>\n\t\t\t\t<\/div>\n\t\t\t\t\t<\/div>\n\t\t\t\t<\/div>\n\t\t<div class=\"elementor-element elementor-element-afcc955 e-flex e-con-boxed wpr-jarallax-no wpr-sticky-section-no e-con e-parent\" data-id=\"afcc955\" data-element_type=\"container\" data-settings=\"{&quot;background_background&quot;:&quot;classic&quot;}\">\n\t\t\t\t\t<div class=\"e-con-inner\">\n\t\t\t\t<div class=\"elementor-element elementor-element-a2b65d0 elementor-hidden-desktop elementor-hidden-tablet elementor-hidden-mobile_extra elementor-widget elementor-widget-image\" data-id=\"a2b65d0\" data-element_type=\"widget\" data-widget_type=\"image.default\">\n\t\t\t\t<div class=\"elementor-widget-container\">\n\t\t\t\t\t\t\t\t\t\t\t\t\t\t\t<img fetchpriority=\"high\" decoding=\"async\" width=\"800\" height=\"450\" src=\"https:\/\/invest.sv\/wp-content\/uploads\/2023\/11\/salas-lactancia-aeropuerto-1024x576-1.jpg\" class=\"attachment-large size-large wp-image-15563\" alt=\"\" srcset=\"https:\/\/invest.sv\/wp-content\/uploads\/2023\/11\/salas-lactancia-aeropuerto-1024x576-1.jpg 1024w, https:\/\/invest.sv\/wp-content\/uploads\/2023\/11\/salas-lactancia-aeropuerto-1024x576-1-300x169.jpg 300w, https:\/\/invest.sv\/wp-content\/uploads\/2023\/11\/salas-lactancia-aeropuerto-1024x576-1-768x432.jpg 768w, https:\/\/invest.sv\/wp-content\/uploads\/2023\/11\/salas-lactancia-aeropuerto-1024x576-1-18x10.jpg 18w\" sizes=\"(max-width: 800px) 100vw, 800px\" \/>\t\t\t\t\t\t\t\t\t\t\t\t\t\t\t<\/div>\n\t\t\t\t<\/div>\n\t\t\t\t\t<\/div>\n\t\t\t\t<\/div>\n\t\t<div class=\"elementor-element elementor-element-422917e e-flex e-con-boxed wpr-jarallax-no wpr-sticky-section-no e-con e-parent\" data-id=\"422917e\" data-element_type=\"container\" data-settings=\"{&quot;background_background&quot;:&quot;classic&quot;}\">\n\t\t\t\t\t<div class=\"e-con-inner\">\n\t\t\t\t<div class=\"elementor-element elementor-element-9f1ac46 elementor-widget elementor-widget-heading\" data-id=\"9f1ac46\" data-element_type=\"widget\" data-widget_type=\"heading.default\">\n\t\t\t\t<div class=\"elementor-widget-container\">\n\t\t\t\t\t<div class=\"elementor-heading-title elementor-size-medium\">Si desea m\u00e1s informaci\u00f3n, visite el sitio de la Comisi\u00f3n Ejecutiva Portuaria Aut\u00f3noma (CEPA)<\/div>\t\t\t\t<\/div>\n\t\t\t\t<\/div>\n\t\t\t\t<div class=\"elementor-element elementor-element-4d17f20 elementor-align-center elementor-widget elementor-widget-button\" data-id=\"4d17f20\" data-element_type=\"widget\" data-widget_type=\"button.default\">\n\t\t\t\t<div class=\"elementor-widget-container\">\n\t\t\t\t\t\t\t\t\t<div class=\"elementor-button-wrapper\">\n\t\t\t\t\t<a class=\"elementor-button elementor-button-link elementor-size-sm elementor-animation-grow\" href=\"https:\/\/www.cepa.gob.sv\/guia-de-servicios\/\" target=\"_blank\">\n\t\t\t\t\t\t<span class=\"elementor-button-content-wrapper\">\n\t\t\t\t\t\t\t\t\t<span class=\"elementor-button-text\">cepa.gob.sv<\/span>\n\t\t\t\t\t<\/span>\n\t\t\t\t\t<\/a>\n\t\t\t\t<\/div>\n\t\t\t\t\t\t\t\t<\/div>\n\t\t\t\t<\/div>\n\t\t\t\t\t<\/div>\n\t\t\t\t<\/div>\n\t\t\t\t<\/div>","protected":false},"excerpt":{"rendered":"<p>Aeropuerto internacional de El Salvador<\/p>","protected":false},"author":15,"featured_media":0,"parent":0,"menu_order":0,"comment_status":"closed","ping_status":"closed","template":"","meta":{"_acf_changed":false,"_eb_attr":"","footnotes":""},"class_list":["post-7985","page","type-page","status-publish","hentry"],"acf":[],"aioseo_notices":[],"_links":{"self":[{"href":"https:\/\/invest.sv\/es\/wp-json\/wp\/v2\/pages\/7985","targetHints":{"allow":["GET"]}}],"collection":[{"href":"https:\/\/invest.sv\/es\/wp-json\/wp\/v2\/pages"}],"about":[{"href":"https:\/\/invest.sv\/es\/wp-json\/wp\/v2\/types\/page"}],"author":[{"embeddable":true,"href":"https:\/\/invest.sv\/es\/wp-json\/wp\/v2\/users\/15"}],"replies":[{"embeddable":true,"href":"https:\/\/invest.sv\/es\/wp-json\/wp\/v2\/comments?post=7985"}],"version-history":[{"count":41,"href":"https:\/\/invest.sv\/es\/wp-json\/wp\/v2\/pages\/7985\/revisions"}],"predecessor-version":[{"id":26610,"href":"https:\/\/invest.sv\/es\/wp-json\/wp\/v2\/pages\/7985\/revisions\/26610"}],"wp:attachment":[{"href":"https:\/\/invest.sv\/es\/wp-json\/wp\/v2\/media?parent=7985"}],"curies":[{"name":"palabra clave","href":"https:\/\/api.w.org\/{rel}","templated":true}]}}