{"id":7955,"date":"2023-04-22T19:18:49","date_gmt":"2023-04-22T19:18:49","guid":{"rendered":"https:\/\/invest.sv\/?page_id=7955"},"modified":"2024-11-05T14:18:47","modified_gmt":"2024-11-05T20:18:47","slug":"residency-requirements","status":"publish","type":"page","link":"https:\/\/invest.sv\/es\/residency-requirements\/","title":{"rendered":"Requisitos de residencia"},"content":{"rendered":"<div data-elementor-type=\"wp-page\" data-elementor-id=\"7955\" class=\"elementor elementor-7955\" data-elementor-post-type=\"page\">\n\t\t\t\t<div class=\"elementor-element elementor-element-3bc46a8 e-flex e-con-boxed wpr-jarallax-no wpr-sticky-section-no e-con e-parent\" data-id=\"3bc46a8\" data-element_type=\"container\" data-settings=\"{&quot;background_background&quot;:&quot;classic&quot;}\">\n\t\t\t\t\t<div class=\"e-con-inner\">\n\t\t\t\t<div class=\"elementor-element elementor-element-23b5a12 elementor-widget elementor-widget-heading\" data-id=\"23b5a12\" data-element_type=\"widget\" data-widget_type=\"heading.default\">\n\t\t\t\t<div class=\"elementor-widget-container\">\n\t\t\t\t\t<h1 class=\"elementor-heading-title elementor-size-default\">Requisitos de residencia<\/h1>\t\t\t\t<\/div>\n\t\t\t\t<\/div>\n\t\t\t\t<div class=\"elementor-element elementor-element-9a68a33 elementor-widget elementor-widget-text-editor\" data-id=\"9a68a33\" data-element_type=\"widget\" data-widget_type=\"text-editor.default\">\n\t\t\t\t<div class=\"elementor-widget-container\">\n\t\t\t\t\t\t\t\t\t<p>Si eres extranjero y est\u00e1s considerando residir en El Salvador, encontrar\u00e1s un pa\u00eds lleno de oportunidades y belleza natural. El proceso de residencia es sencillo, con requisitos claros \u00a1No esperes m\u00e1s para comenzar tu nueva vida en El Salvador! <span style=\"text-decoration: underline;\"><a href=\"https:\/\/www.migracion.gob.sv\/guia-de-servicios\/\" target=\"_blank\" rel=\"noopener\">Haz clic aqu\u00ed para obtener m\u00e1s informaci\u00f3n en la p\u00e1gina oficial de migraci\u00f3n.<\/a><\/span><\/p>\t\t\t\t\t\t\t\t<\/div>\n\t\t\t\t<\/div>\n\t\t\t\t\t<\/div>\n\t\t\t\t<\/div>\n\t\t\t\t<section class=\"elementor-section elementor-top-section elementor-element elementor-element-720d9e6b0 elementor-hidden-desktop elementor-hidden-tablet elementor-hidden-mobile_extra elementor-hidden-mobile elementor-section-boxed elementor-section-height-default elementor-section-height-default wpr-jarallax-no wpr-sticky-section-no\" data-id=\"720d9e6b0\" data-element_type=\"section\">\n\t\t\t\t\t\t<div class=\"elementor-container elementor-column-gap-default\">\n\t\t\t\t\t<div class=\"elementor-column elementor-col-100 elementor-top-column elementor-element elementor-element-51e76f50\" data-id=\"51e76f50\" data-element_type=\"column\">\n\t\t\t<div class=\"elementor-widget-wrap elementor-element-populated\">\n\t\t\t\t\t\t<div class=\"elementor-element elementor-element-68b8afd wpr-tabs-position-above wpr-tabs-hr-position-justify wpr-tabs-icon-position-left elementor-widget elementor-widget-wpr-tabs\" data-id=\"68b8afd\" data-element_type=\"widget\" data-settings=\"{&quot;autoplay_duration&quot;:10,&quot;active_tab&quot;:1,&quot;autoplay&quot;:&quot;yes&quot;,&quot;tab_transition_duration&quot;:0.1}\" data-widget_type=\"wpr-tabs.default\">\n\t\t\t\t<div class=\"elementor-widget-container\">\n\t\t\t\t\t\t\t\n\t\t<div class=\"wpr-tabs\" data-options=\"{&quot;activeTab&quot;:1,&quot;trigger&quot;:&quot;hover&quot;,&quot;autoplay&quot;:&quot;yes&quot;,&quot;autoplaySpeed&quot;:10000}\">\n\t\t\t\n\t\t\t<div class=\"wpr-tabs-wrap\">\n\t\t\t\t\n\t\t\t\t<div id=\"wpr-tab-1091\" class=\"wpr-tab elementor-repeater-item-d0eb03c\" data-tab=\"1\">\n\t\t\t\t\t\n\t\t\t\t\t\t\t\t\t\t<div class=\"wpr-tab-title\">Estancia por menos de 3 meses <\/div>\n\t\t\t\t\t\n\t\t\t\t\t\t\t\t\t\n\t\t\t\t<\/div>\n\n\t\t\t\t\n\t\t\t\t<div id=\"wpr-tab-1092\" class=\"wpr-tab elementor-repeater-item-681e992\" data-tab=\"2\">\n\t\t\t\t\t\n\t\t\t\t\t\t\t\t\t\t<div class=\"wpr-tab-title\">Estancia por m\u00e1s de 3 meses<\/div>\n\t\t\t\t\t\n\t\t\t\t\t\t\t\t\t\n\t\t\t\t<\/div>\n\n\t\t\t\t\n\t\t\t\t<div id=\"wpr-tab-1093\" class=\"wpr-tab elementor-repeater-item-9a1e2e4\" data-tab=\"3\">\n\t\t\t\t\t\n\t\t\t\t\t\t\t\t\t\t<div class=\"wpr-tab-title\">Residencia permanente<\/div>\n\t\t\t\t\t\n\t\t\t\t\t\t\t\t\t\n\t\t\t\t<\/div>\n\n\t\t\t\t\t\t\t<\/div>\n\n\t\t\t<div class=\"wpr-tabs-content-wrap\">\n\t\t\t\t\n\t\t\t\t<div id=\"wpr-tab-content-1091\" class=\"wpr-tab-content elementor-repeater-item-d0eb03c\" data-tab=\"1\">\n\t\t\t\t\t<div class=\"wpr-tab-content-inner elementor-clearfix wpr-anim-size-large wpr-overlay-fade-in\">\t\t<div data-elementor-type=\"container\" data-elementor-id=\"19440\" class=\"elementor elementor-19440\" data-elementor-post-type=\"elementor_library\">\n\t\t\t\t<div class=\"elementor-element elementor-element-44c16c2 e-flex e-con-boxed wpr-jarallax-no wpr-sticky-section-no e-con e-parent\" data-id=\"44c16c2\" data-element_type=\"container\">\n\t\t\t\t\t<div class=\"e-con-inner\">\n\t\t\t\t<div class=\"elementor-element elementor-element-81edf67 elementor-widget elementor-widget-text-editor\" data-id=\"81edf67\" data-element_type=\"widget\" data-widget_type=\"text-editor.default\">\n\t\t\t\t<div class=\"elementor-widget-container\">\n\t\t\t\t\t\t\t\t\t<h5>Se utiliza con fines tur\u00edsticos, emergencias, chequeos m\u00e9dicos o visitas familiares. Solo se requiere pasaporte con al menos 6 meses de vigencia y la tramitaci\u00f3n del\u00a0<strong><a href=\"https:\/\/elsalvadorpei.migracion.gob.sv\/\" target=\"_blank\" rel=\"noopener\"><span style=\"text-decoration: underline;\">Permiso Especial de Ingreso (PEI)<\/span><\/a>\u00a0 equivalente a una visa de turismo. <\/strong>\u3164<\/h5>\t\t\t\t\t\t\t\t<\/div>\n\t\t\t\t<\/div>\n\t\t\t\t<div class=\"elementor-element elementor-element-6a08026 elementor-align-center elementor-widget elementor-widget-button\" data-id=\"6a08026\" data-element_type=\"widget\" data-widget_type=\"button.default\">\n\t\t\t\t<div class=\"elementor-widget-container\">\n\t\t\t\t\t\t\t\t\t<div class=\"elementor-button-wrapper\">\n\t\t\t\t\t<a class=\"elementor-button elementor-button-link elementor-size-sm\" href=\"#elementor-action%3Aaction%3Dpopup%3Aopen%26settings%3DeyJpZCI6IjE5NDIzIiwidG9nZ2xlIjpmYWxzZX0%3D\">\n\t\t\t\t\t\t<span class=\"elementor-button-content-wrapper\">\n\t\t\t\t\t\t\t\t\t<span class=\"elementor-button-text\">Verifique si necesita visado<\/span>\n\t\t\t\t\t<\/span>\n\t\t\t\t\t<\/a>\n\t\t\t\t<\/div>\n\t\t\t\t\t\t\t\t<\/div>\n\t\t\t\t<\/div>\n\t\t\t\t\t<\/div>\n\t\t\t\t<\/div>\n\t\t\t\t<\/div>\n\t\t<span class=\"wpr-template-edit-btn\" data-permalink=\"https:\/\/invest.sv\/es\/?elementor_library=stay-less-3-months\">Edit Template<\/span><\/div>\t\t\t\t<\/div>\n\n\t\t\t\t\n\t\t\t\t<div id=\"wpr-tab-content-1092\" class=\"wpr-tab-content elementor-repeater-item-681e992\" data-tab=\"2\">\n\t\t\t\t\t<div class=\"wpr-tab-content-inner elementor-clearfix wpr-anim-size-large wpr-overlay-fade-in\"><h5 data-sourcepos=\"13:1-13:298\">Se utiliza para solicitar un permiso de estad\u00eda o alg\u00fan tipo de visa disponible (turismo, inversi\u00f3n, consular o residencia temporal) que le permita permanecer en el pa\u00eds por m\u00e1s de 90 d\u00edas, esta autorizaci\u00f3n tiene una duraci\u00f3n m\u00e1xima de 1 a 2 a\u00f1os, hay casos en los que se puede ampliar hasta 5 a\u00f1os.<\/h5><h5 data-sourcepos=\"15:1-15:55\"><strong>Requisitos generales y pasos para la solicitud de visa<\/strong><\/h5><ul data-sourcepos=\"17:1-28:0\"><li data-sourcepos=\"17:1-17:46\">Pasaporte con al menos 6 meses de vigencia.<\/li><li data-sourcepos=\"18:1-18:64\">Copias de visas anteriores emitidas en El Salvador, si aplica.<\/li><li data-sourcepos=\"19:1-19:29\">Fotograf\u00edas tipo pasaporte.<\/li><li data-sourcepos=\"20:1-20:24\">Formulario de solicitud de visa.<\/li><li data-sourcepos=\"21:1-21:55\">Documento que avale el alojamiento del inmigrante.<\/li><li data-sourcepos=\"22:1-22:75\">Plan de Seguro M\u00e9dico y certificados del estado de salud del inmigrante.<\/li><li data-sourcepos=\"23:1-23:77\">Garant\u00eda de ausencia de antecedentes penales avalada por el pa\u00eds de origen.<\/li><li data-sourcepos=\"24:1-24:105\">Si se trata de un viaje con fecha de regreso, deber\u00e1 presentar la fecha del vuelo de regreso confirmada por la aerol\u00ednea<\/li><li data-sourcepos=\"25:1-25:128\">Si ha sido contratado por una empresa salvadore\u00f1a, deber\u00e1 adjuntar el contrato de trabajo con la validez legal correspondiente.<\/li><li data-sourcepos=\"26:1-26:101\">Extracto Bancario con movimientos que afirmen la estabilidad econ\u00f3mica para costear su estancia en el pa\u00eds.<\/li><li data-sourcepos=\"27:1-28:0\">Estado civil del extranjero que solicita la visa.<\/li><\/ul><h5 data-sourcepos=\"29:1-29:14\"><strong>Pr\u00f3ximos pasos<\/strong><\/h5><ul data-sourcepos=\"31:1-34:0\"><li data-sourcepos=\"31:1-31:156\">Agende la cita en la embajada de El Salvador m\u00e1s cercana o puede realizar el tr\u00e1mite en l\u00ednea o por correo si no hay embajada en su pa\u00eds.<\/li><li data-sourcepos=\"32:1-32:70\">Presente y firme el formulario de solicitud con los requisites generales.<\/li><li data-sourcepos=\"33:1-34:0\">Espere un m\u00e1ximo de 2 meses para recibir la respuesta de aprobaci\u00f3n de El Salvador.<\/li><\/ul><\/div>\t\t\t\t<\/div>\n\n\t\t\t\t\n\t\t\t\t<div id=\"wpr-tab-content-1093\" class=\"wpr-tab-content elementor-repeater-item-9a1e2e4\" data-tab=\"3\">\n\t\t\t\t\t<div class=\"wpr-tab-content-inner elementor-clearfix wpr-anim-size-large wpr-overlay-fade-in\"><h5><strong>Para obtener la residencia permanente en El Salvador se toma en cuenta el origen del inmigrante y se clasifican en 3 categor\u00edas:<\/strong><\/h5><ol><li><h5><strong>Centroamericanos.<\/strong>\u00a0Pueden solicitar su residencia directamente en San Salvador.<\/h5><\/li><li><h5><strong>Latinoamericanos y espa\u00f1oles.<\/strong>\u00a0Tendr\u00e1n que esperar un a\u00f1o despu\u00e9s de la aprobaci\u00f3n de su visa de largo plazo antes de iniciar el proceso de residencia.<\/h5><\/li><li><h5><strong>Resto de extranjeros.<\/strong>\u00a0Podr\u00e1n acceder a la residencia permanente a partir de la tercera renovaci\u00f3n de su permiso temporal.<\/h5><\/li><\/ol><\/div>\t\t\t\t<\/div>\n\n\t\t\t\t\t\t\t<\/div>\n\n\t\t<\/div>\n\n\t\t\t\t\t\t<\/div>\n\t\t\t\t<\/div>\n\t\t\t\t\t<\/div>\n\t\t<\/div>\n\t\t\t\t\t<\/div>\n\t\t<\/section>\n\t\t<div class=\"elementor-element elementor-element-06dc68d elementor-hidden-desktop elementor-hidden-tablet elementor-hidden-mobile_extra elementor-hidden-mobile e-flex e-con-boxed wpr-jarallax-no wpr-sticky-section-no e-con e-parent\" data-id=\"06dc68d\" data-element_type=\"container\">\n\t\t\t\t\t<div class=\"e-con-inner\">\n\t\t\t\t<div class=\"elementor-element elementor-element-76c0b51 elementor-widget elementor-widget-text-editor\" data-id=\"76c0b51\" data-element_type=\"widget\" data-widget_type=\"text-editor.default\">\n\t\t\t\t<div class=\"elementor-widget-container\">\n\t\t\t\t\t\t\t\t\t<p data-sourcepos=\"3:1-3:146\">Para m\u00e1s informaci\u00f3n consulte el sitio oficial de la <a href=\"https:\/\/www.migracion.gob.sv\/\" target=\"_blank\" rel=\"noopener\"><strong><span style=\"text-decoration: underline;\">DGME<\/span><\/strong><\/a><\/p>\t\t\t\t\t\t\t\t<\/div>\n\t\t\t\t<\/div>\n\t\t\t\t\t<\/div>\n\t\t\t\t<\/div>\n\t\t\t\t<\/div>","protected":false},"excerpt":{"rendered":"<p>Requisitos de residencia<\/p>","protected":false},"author":15,"featured_media":0,"parent":0,"menu_order":0,"comment_status":"closed","ping_status":"closed","template":"","meta":{"_acf_changed":false,"_eb_attr":"","footnotes":""},"class_list":["post-7955","page","type-page","status-publish","hentry"],"acf":[],"aioseo_notices":[],"_links":{"self":[{"href":"https:\/\/invest.sv\/es\/wp-json\/wp\/v2\/pages\/7955","targetHints":{"allow":["GET"]}}],"collection":[{"href":"https:\/\/invest.sv\/es\/wp-json\/wp\/v2\/pages"}],"about":[{"href":"https:\/\/invest.sv\/es\/wp-json\/wp\/v2\/types\/page"}],"author":[{"embeddable":true,"href":"https:\/\/invest.sv\/es\/wp-json\/wp\/v2\/users\/15"}],"replies":[{"embeddable":true,"href":"https:\/\/invest.sv\/es\/wp-json\/wp\/v2\/comments?post=7955"}],"version-history":[{"count":47,"href":"https:\/\/invest.sv\/es\/wp-json\/wp\/v2\/pages\/7955\/revisions"}],"predecessor-version":[{"id":26502,"href":"https:\/\/invest.sv\/es\/wp-json\/wp\/v2\/pages\/7955\/revisions\/26502"}],"wp:attachment":[{"href":"https:\/\/invest.sv\/es\/wp-json\/wp\/v2\/media?parent=7955"}],"curies":[{"name":"palabra clave","href":"https:\/\/api.w.org\/{rel}","templated":true}]}}