{"id":7509,"date":"2023-04-21T04:40:35","date_gmt":"2023-04-21T04:40:35","guid":{"rendered":"https:\/\/invest.sv\/?page_id=7509"},"modified":"2024-11-01T12:02:37","modified_gmt":"2024-11-01T18:02:37","slug":"young-productive-and-committed-workforce","status":"publish","type":"page","link":"https:\/\/invest.sv\/es\/young-productive-and-committed-workforce\/","title":{"rendered":"Mano de obra joven, productiva y comprometida"},"content":{"rendered":"<div data-elementor-type=\"wp-page\" data-elementor-id=\"7509\" class=\"elementor elementor-7509\" data-elementor-post-type=\"page\">\n\t\t\t\t<div class=\"elementor-element elementor-element-773f1316 e-flex e-con-boxed wpr-jarallax-no wpr-sticky-section-no e-con e-parent\" data-id=\"773f1316\" data-element_type=\"container\" data-settings=\"{&quot;background_background&quot;:&quot;video&quot;,&quot;background_video_link&quot;:&quot;https:\\\/\\\/invest.sv\\\/wp-content\\\/uploads\\\/2024\\\/07\\\/invertir.mp4&quot;,&quot;background_video_start&quot;:3}\">\n\t\t\t\t\t<div class=\"e-con-inner\">\n\t\t<div class=\"elementor-background-video-container elementor-hidden-mobile\" aria-hidden=\"true\">\n\t\t\t\t\t\t\t<video class=\"elementor-background-video-hosted\" autoplay muted playsinline loop><\/video>\n\t\t\t\t\t<\/div>\t\t<div class=\"elementor-element elementor-element-69eb4689 elementor-widget__width-initial elementor-widget elementor-widget-text-editor\" data-id=\"69eb4689\" data-element_type=\"widget\" data-widget_type=\"text-editor.default\">\n\t\t\t\t<div class=\"elementor-widget-container\">\n\t\t\t\t\t<style>.elementor-element-69eb4689{display:none !important}<\/style>\t\t\t\t<\/div>\n\t\t\t\t<\/div>\n\t\t\t\t<div class=\"elementor-element elementor-element-49d69d97 elementor-widget__width-initial elementor-widget elementor-widget-text-editor\" data-id=\"49d69d97\" data-element_type=\"widget\" data-widget_type=\"text-editor.default\">\n\t\t\t\t<div class=\"elementor-widget-container\">\n\t\t\t\t\t\t\t\t\t<p>TALENTO\u00a0 <span style=\"color: #ffffff;\">HUMANO JOVEN Y <\/span>\u00a0COMPROMETIDO<\/p>\t\t\t\t\t\t\t\t<\/div>\n\t\t\t\t<\/div>\n\t\t\t\t\t<\/div>\n\t\t\t\t<\/div>\n\t\t<div class=\"elementor-element elementor-element-7d64d3ad e-con-full e-flex wpr-jarallax-no wpr-sticky-section-no e-con e-parent\" data-id=\"7d64d3ad\" data-element_type=\"container\" data-settings=\"{&quot;background_background&quot;:&quot;classic&quot;,&quot;motion_fx_motion_fx_scrolling&quot;:&quot;yes&quot;,&quot;motion_fx_translateY_effect&quot;:&quot;yes&quot;,&quot;motion_fx_translateY_speed&quot;:{&quot;unit&quot;:&quot;px&quot;,&quot;size&quot;:4,&quot;sizes&quot;:[]},&quot;motion_fx_translateY_affectedRange&quot;:{&quot;unit&quot;:&quot;%&quot;,&quot;size&quot;:&quot;&quot;,&quot;sizes&quot;:{&quot;start&quot;:0,&quot;end&quot;:100}},&quot;motion_fx_devices&quot;:[&quot;desktop&quot;,&quot;tablet&quot;,&quot;mobile_extra&quot;,&quot;mobile&quot;]}\">\n\t\t\t\t<div class=\"elementor-element elementor-element-39c2b0e2 elementor-widget__width-initial elementor-invisible elementor-widget elementor-widget-text-editor\" data-id=\"39c2b0e2\" data-element_type=\"widget\" data-settings=\"{&quot;_animation&quot;:&quot;fadeInUp&quot;}\" data-widget_type=\"text-editor.default\">\n\t\t\t\t<div class=\"elementor-widget-container\">\n\t\t\t\t\t\t\t\t\t<p data-sourcepos=\"1:1-1:305\">Como ventaja competitiva El Salvador ofrece a los inversionistas talento humano reconocido internacionalmente por ser altamente productivo. Empresarios e inversionistas establecidos en el pa\u00eds consideran la fuerza laboral salvadore\u00f1a como una de las m\u00e1s sobresalientes por la disposici\u00f3n, eficiencia y \u00e9tica de trabajo con la que se desempe\u00f1an.<\/p><p data-sourcepos=\"3:1-3:343\">Actualmente, el pa\u00eds ofrece\u00a0<strong>talento humano joven<\/strong>\u00a0conformada por\u00a0<strong>3 millones de personas,<\/strong>\u00a0de las cuales el\u00a0<strong>54%<\/strong>\u00a0se encuentra en el rango de<strong>\u00a016 a 39 a\u00f1os<\/strong>, es decir, en el rango de edad m\u00e1s productiva para participar en actividades manufactureras, agroindustriales y servicios; con la capacidad de desarrollar nuevas habilidades a corto tiempo que respondan a las necesidades vigentes de los mercados laborales.<\/p><p data-sourcepos=\"5:1-5:250\">Existe una gran parte de esta fuerza laboral conformada por profesionales y t\u00e9cnicos; y otro sector que se encuentra cursando o que ya han finalizado los estudios en educaci\u00f3n superior, que son competentes para enfrentar los desaf\u00edos de la econom\u00eda moderna y globalizada.<\/p>\t\t\t\t\t\t\t\t<\/div>\n\t\t\t\t<\/div>\n\t\t\t\t<div class=\"elementor-element elementor-element-2ff55559 wpr-tabs-position-left elementor-widget__width-initial wpr-tabs-responsive-yes wpr-tabs-icon-position-left elementor-widget elementor-widget-wpr-tabs\" data-id=\"2ff55559\" data-element_type=\"widget\" data-settings=\"{&quot;autoplay_duration&quot;:8,&quot;active_tab&quot;:1,&quot;autoplay&quot;:&quot;yes&quot;,&quot;tab_transition_duration&quot;:0.1}\" data-widget_type=\"wpr-tabs.default\">\n\t\t\t\t<div class=\"elementor-widget-container\">\n\t\t\t\t\t\t\t\n\t\t<div class=\"wpr-tabs\" data-options=\"{&quot;activeTab&quot;:1,&quot;trigger&quot;:&quot;hover&quot;,&quot;autoplay&quot;:&quot;yes&quot;,&quot;autoplaySpeed&quot;:8000}\">\n\t\t\t\n\t\t\t<div class=\"wpr-tabs-wrap\">\n\t\t\t\t\n\t\t\t\t<div id=\"wpr-tab-8041\" class=\"wpr-tab elementor-repeater-item-0365101\" data-tab=\"1\">\n\t\t\t\t\t\n\t\t\t\t\t\t\t\t\t\t<div class=\"wpr-tab-title\">Jovenes<\/div>\n\t\t\t\t\t\n\t\t\t\t\t\t\t\t\t\n\t\t\t\t<\/div>\n\n\t\t\t\t\n\t\t\t\t<div id=\"wpr-tab-8042\" class=\"wpr-tab elementor-repeater-item-69e2b26\" data-tab=\"2\">\n\t\t\t\t\t\n\t\t\t\t\t\t\t\t\t\t<div class=\"wpr-tab-title\">Profesionales<\/div>\n\t\t\t\t\t\n\t\t\t\t\t\t\t\t\t\n\t\t\t\t<\/div>\n\n\t\t\t\t\n\t\t\t\t<div id=\"wpr-tab-8043\" class=\"wpr-tab elementor-repeater-item-b94523a\" data-tab=\"3\">\n\t\t\t\t\t\n\t\t\t\t\t\t\t\t\t\t<div class=\"wpr-tab-title\">Habilidades Blandas<\/div>\n\t\t\t\t\t\n\t\t\t\t\t\t\t\t\t\n\t\t\t\t<\/div>\n\n\t\t\t\t\n\t\t\t\t<div id=\"wpr-tab-8044\" class=\"wpr-tab elementor-repeater-item-93a0ce8\" data-tab=\"4\">\n\t\t\t\t\t\n\t\t\t\t\t\t\t\t\t\t<div class=\"wpr-tab-title\">Salario<\/div>\n\t\t\t\t\t\n\t\t\t\t\t\t\t\t\t\n\t\t\t\t<\/div>\n\n\t\t\t\t\t\t\t<\/div>\n\n\t\t\t<div class=\"wpr-tabs-content-wrap\">\n\t\t\t\t\n\t\t\t\t<div id=\"wpr-tab-content-8041\" class=\"wpr-tab-content elementor-repeater-item-0365101\" data-tab=\"1\">\n\t\t\t\t\t<div class=\"wpr-tab-content-inner elementor-clearfix wpr-anim-size-large wpr-overlay-fade-in\">\t\t<div data-elementor-type=\"container\" data-elementor-id=\"16142\" class=\"elementor elementor-16142\" data-elementor-post-type=\"elementor_library\">\n\t\t\t\t<div class=\"elementor-element elementor-element-570d2ea e-flex e-con-boxed wpr-jarallax-no wpr-sticky-section-no e-con e-parent\" data-id=\"570d2ea\" data-element_type=\"container\">\n\t\t\t\t\t<div class=\"e-con-inner\">\n\t\t\t\t<div class=\"elementor-element elementor-element-e4d20b3 elementor-widget elementor-widget-video\" data-id=\"e4d20b3\" data-element_type=\"widget\" data-settings=\"{&quot;video_type&quot;:&quot;hosted&quot;,&quot;autoplay&quot;:&quot;yes&quot;,&quot;play_on_mobile&quot;:&quot;yes&quot;,&quot;mute&quot;:&quot;yes&quot;,&quot;loop&quot;:&quot;yes&quot;}\" data-widget_type=\"video.default\">\n\t\t\t\t<div class=\"elementor-widget-container\">\n\t\t\t\t\t<style>.elementor-element-e4d20b3{display:none !important}<\/style>\t\t\t\t<\/div>\n\t\t\t\t<\/div>\n\t\t\t\t<div class=\"elementor-element elementor-element-33973dd elementor-widget elementor-widget-video\" data-id=\"33973dd\" data-element_type=\"widget\" data-settings=\"{&quot;video_type&quot;:&quot;hosted&quot;,&quot;autoplay&quot;:&quot;yes&quot;,&quot;play_on_mobile&quot;:&quot;yes&quot;,&quot;mute&quot;:&quot;yes&quot;,&quot;loop&quot;:&quot;yes&quot;}\" data-widget_type=\"video.default\">\n\t\t\t\t<div class=\"elementor-widget-container\">\n\t\t\t\t\t\t\t<div class=\"e-hosted-video elementor-wrapper elementor-open-inline\">\n\t\t\t\t\t<video class=\"elementor-video\" src=\"https:\/\/invest.sv\/wp-content\/uploads\/2023\/11\/Top-de-carreras-con-ayor-numero-de-estudiantes-5.mp4\" autoplay=\"\" loop=\"\" muted=\"muted\" playsinline=\"\" controlslist=\"nodownload\"><\/video>\n\t\t\t\t<\/div>\n\t\t\t\t\t\t<\/div>\n\t\t\t\t<\/div>\n\t\t\t\t\t<\/div>\n\t\t\t\t<\/div>\n\t\t\t\t<\/div>\n\t\t<span class=\"wpr-template-edit-btn\" data-permalink=\"https:\/\/invest.sv\/es\/?elementor_library=people-grapic\">Edit Template<\/span><\/div>\t\t\t\t<\/div>\n\n\t\t\t\t\n\t\t\t\t<div id=\"wpr-tab-content-8042\" class=\"wpr-tab-content elementor-repeater-item-69e2b26\" data-tab=\"2\">\n\t\t\t\t\t<div class=\"wpr-tab-content-inner elementor-clearfix wpr-anim-size-large wpr-overlay-fade-in\">\t\t<div data-elementor-type=\"container\" data-elementor-id=\"16153\" class=\"elementor elementor-16153\" data-elementor-post-type=\"elementor_library\">\n\t\t\t\t<div class=\"elementor-element elementor-element-d01e782 e-flex e-con-boxed wpr-jarallax-no wpr-sticky-section-no e-con e-parent\" data-id=\"d01e782\" data-element_type=\"container\" data-settings=\"{&quot;background_background&quot;:&quot;classic&quot;}\">\n\t\t\t\t\t<div class=\"e-con-inner\">\n\t\t\t\t<div class=\"elementor-element elementor-element-cf799bf elementor-widget elementor-widget-video\" data-id=\"cf799bf\" data-element_type=\"widget\" data-settings=\"{&quot;video_type&quot;:&quot;hosted&quot;,&quot;autoplay&quot;:&quot;yes&quot;,&quot;loop&quot;:&quot;yes&quot;,&quot;play_on_mobile&quot;:&quot;yes&quot;,&quot;mute&quot;:&quot;yes&quot;}\" data-widget_type=\"video.default\">\n\t\t\t\t<div class=\"elementor-widget-container\">\n\t\t\t\t\t<style>.elementor-element-cf799bf{display:none !important}<\/style>\t\t\t\t<\/div>\n\t\t\t\t<\/div>\n\t\t\t\t<div class=\"elementor-element elementor-element-badaf17 elementor-widget elementor-widget-video\" data-id=\"badaf17\" data-element_type=\"widget\" data-settings=\"{&quot;video_type&quot;:&quot;hosted&quot;,&quot;autoplay&quot;:&quot;yes&quot;,&quot;loop&quot;:&quot;yes&quot;,&quot;play_on_mobile&quot;:&quot;yes&quot;,&quot;mute&quot;:&quot;yes&quot;}\" data-widget_type=\"video.default\">\n\t\t\t\t<div class=\"elementor-widget-container\">\n\t\t\t\t\t\t\t<div class=\"e-hosted-video elementor-wrapper elementor-open-inline\">\n\t\t\t\t\t<video class=\"elementor-video\" src=\"https:\/\/invest.sv\/wp-content\/uploads\/2023\/11\/top-de-carreras-con-mayor-numero-de-estudiantes.mp4\" autoplay=\"\" loop=\"\" muted=\"muted\" playsinline=\"\" controlslist=\"nodownload\"><\/video>\n\t\t\t\t<\/div>\n\t\t\t\t\t\t<\/div>\n\t\t\t\t<\/div>\n\t\t\t\t\t<\/div>\n\t\t\t\t<\/div>\n\t\t\t\t<\/div>\n\t\t<span class=\"wpr-template-edit-btn\" data-permalink=\"https:\/\/invest.sv\/es\/?elementor_library=profesines-salvadorenos\">Edit Template<\/span><\/div>\t\t\t\t<\/div>\n\n\t\t\t\t\n\t\t\t\t<div id=\"wpr-tab-content-8043\" class=\"wpr-tab-content elementor-repeater-item-b94523a\" data-tab=\"3\">\n\t\t\t\t\t<div class=\"wpr-tab-content-inner elementor-clearfix wpr-anim-size-large wpr-overlay-fade-in\">\t\t<div data-elementor-type=\"container\" data-elementor-id=\"16157\" class=\"elementor elementor-16157\" data-elementor-post-type=\"elementor_library\">\n\t\t\t\t<div class=\"elementor-element elementor-element-032862d e-flex e-con-boxed wpr-jarallax-no wpr-sticky-section-no e-con e-parent\" data-id=\"032862d\" data-element_type=\"container\" data-settings=\"{&quot;background_background&quot;:&quot;classic&quot;}\">\n\t\t\t\t\t<div class=\"e-con-inner\">\n\t\t\t\t<div class=\"elementor-element elementor-element-3ea7575 elementor-widget elementor-widget-video\" data-id=\"3ea7575\" data-element_type=\"widget\" data-settings=\"{&quot;video_type&quot;:&quot;hosted&quot;,&quot;autoplay&quot;:&quot;yes&quot;,&quot;play_on_mobile&quot;:&quot;yes&quot;,&quot;mute&quot;:&quot;yes&quot;,&quot;loop&quot;:&quot;yes&quot;}\" data-widget_type=\"video.default\">\n\t\t\t\t<div class=\"elementor-widget-container\">\n\t\t\t\t\t<style>.elementor-element-3ea7575{display:none !important}<\/style>\t\t\t\t<\/div>\n\t\t\t\t<\/div>\n\t\t\t\t<div class=\"elementor-element elementor-element-e663313 elementor-widget elementor-widget-video\" data-id=\"e663313\" data-element_type=\"widget\" data-settings=\"{&quot;video_type&quot;:&quot;hosted&quot;,&quot;autoplay&quot;:&quot;yes&quot;,&quot;play_on_mobile&quot;:&quot;yes&quot;,&quot;mute&quot;:&quot;yes&quot;,&quot;loop&quot;:&quot;yes&quot;}\" data-widget_type=\"video.default\">\n\t\t\t\t<div class=\"elementor-widget-container\">\n\t\t\t\t\t\t\t<div class=\"e-hosted-video elementor-wrapper elementor-open-inline\">\n\t\t\t\t\t<video class=\"elementor-video\" src=\"https:\/\/invest.sv\/wp-content\/uploads\/2023\/11\/Habilidades-blandas-de-los-salvadore\u00b4ps.mp4\" autoplay=\"\" loop=\"\" muted=\"muted\" playsinline=\"\" controlslist=\"nodownload\"><\/video>\n\t\t\t\t<\/div>\n\t\t\t\t\t\t<\/div>\n\t\t\t\t<\/div>\n\t\t\t\t\t<\/div>\n\t\t\t\t<\/div>\n\t\t\t\t<\/div>\n\t\t<span class=\"wpr-template-edit-btn\" data-permalink=\"https:\/\/invest.sv\/es\/?elementor_library=soft-skills\">Edit Template<\/span><\/div>\t\t\t\t<\/div>\n\n\t\t\t\t\n\t\t\t\t<div id=\"wpr-tab-content-8044\" class=\"wpr-tab-content elementor-repeater-item-93a0ce8\" data-tab=\"4\">\n\t\t\t\t\t<div class=\"wpr-tab-content-inner elementor-clearfix wpr-anim-size-large wpr-overlay-fade-in\">\t\t<div data-elementor-type=\"container\" data-elementor-id=\"25104\" class=\"elementor elementor-25104\" data-elementor-post-type=\"elementor_library\">\n\t\t\t\t<div class=\"elementor-element elementor-element-e7683af e-flex e-con-boxed wpr-jarallax-no wpr-sticky-section-no e-con e-parent\" data-id=\"e7683af\" data-element_type=\"container\" data-settings=\"{&quot;background_background&quot;:&quot;classic&quot;}\">\n\t\t\t\t\t<div class=\"e-con-inner\">\n\t\t<div class=\"elementor-element elementor-element-b5fe469 e-con-full e-flex wpr-jarallax-no wpr-sticky-section-no e-con e-child\" data-id=\"b5fe469\" data-element_type=\"container\" data-settings=\"{&quot;background_background&quot;:&quot;classic&quot;}\">\n\t\t<div class=\"elementor-element elementor-element-8e97ba6 e-flex e-con-boxed wpr-jarallax-no wpr-sticky-section-no e-con e-child\" data-id=\"8e97ba6\" data-element_type=\"container\">\n\t\t\t\t\t<div class=\"e-con-inner\">\n\t\t\t\t<div class=\"elementor-element elementor-element-f0cea78 elementor-widget elementor-widget-heading\" data-id=\"f0cea78\" data-element_type=\"widget\" data-widget_type=\"heading.default\">\n\t\t\t\t<div class=\"elementor-widget-container\">\n\t\t\t\t\t<h1 class=\"elementor-heading-title elementor-size-xl\">Salario m\u00ednimo promedio<\/h1>\t\t\t\t<\/div>\n\t\t\t\t<\/div>\n\t\t\t\t\t<\/div>\n\t\t\t\t<\/div>\n\t\t<div class=\"elementor-element elementor-element-5a2dfe7 e-con-full e-flex wpr-jarallax-no wpr-sticky-section-no e-con e-child\" data-id=\"5a2dfe7\" data-element_type=\"container\">\n\t\t\t\t<div class=\"elementor-element elementor-element-1e2c98a elementor-widget elementor-widget-text-editor\" data-id=\"1e2c98a\" data-element_type=\"widget\" data-widget_type=\"text-editor.default\">\n\t\t\t\t<div class=\"elementor-widget-container\">\n\t\t\t\t\t\t\t\t\t<ol><li style=\"text-align: left;\">Costa Rica: US$920\u00a0<\/li><li style=\"text-align: left;\">Panam\u00e1: US$712<\/li><li>Honduras: US$509<\/li><li>Guatemala: US$396<\/li><li style=\"text-align: left;\"><span style=\"color: #000080;\"><strong>El Salvador:<\/strong> <\/span><strong><span style=\"color: #000080;\">US$293<\/span>\u00a0<\/strong>\u00a0<\/li><li style=\"text-align: left;\">Nicaragua: US$212<\/li><\/ol>\t\t\t\t\t\t\t\t<\/div>\n\t\t\t\t<\/div>\n\t\t\t\t<\/div>\n\t\t\t\t<\/div>\n\t\t<div class=\"elementor-element elementor-element-4fe0ed0 e-con-full e-flex wpr-jarallax-no wpr-sticky-section-no e-con e-child\" data-id=\"4fe0ed0\" data-element_type=\"container\" data-settings=\"{&quot;background_background&quot;:&quot;classic&quot;}\">\n\t\t\t\t<div class=\"elementor-element elementor-element-13bd5b3 wpr-pbar-title-pos-outside wpr-prbar-prline-rounded-yes wpr-prbar-layout-hr-line wpr-pbar-counter-pos-inside elementor-widget elementor-widget-wpr-progress-bar\" data-id=\"13bd5b3\" data-element_type=\"widget\" data-widget_type=\"wpr-progress-bar.default\">\n\t\t\t\t<div class=\"elementor-widget-container\">\n\t\t\t\t\t\t\t\t\n\t\t<div class=\"wpr-progress-bar\" data-options=\"{&quot;counterValue&quot;:920,&quot;counterValuePersent&quot;:92,&quot;counterSeparator&quot;:&quot;&quot;,&quot;animDuration&quot;:2500,&quot;animDelay&quot;:0,&quot;loop&quot;:&quot;yes&quot;,&quot;loopDelay&quot;:7}\">\n\t\t\n\t\t\t<div class=\"wpr-prbar-content elementor-clearfix\"><div class=\"wpr-prbar-title-wrap\"><div class=\"wpr-prbar-title\">Costa Rica<\/div><div class=\"wpr-prbar-subtitle\"><\/div><\/div><\/div>\n\t\t<div class=\"wpr-prbar-hr-line\">\n\t\t\t<div class=\"wpr-prbar-hr-line-inner wpr-anim-timing-linear\">\n\t\t\t\t\n\t\t<div class=\"wpr-prbar-counter\">\n\n\t\t\t\t\t\t<span class=\"wpr-prbar-counter-value-prefix\">US$<\/span>\n\t\t\t\n\t\t\t\t\t\t<span class=\"wpr-prbar-counter-value\">0<\/span>\n\t\t\t\n\t\t\t\n\t\t<\/div>\n\n\t\t\t\t\t<\/div>\n\t\t\t<div class=\"wpr-prbar-content elementor-clearfix\"><\/div>\t\t<\/div>\n\n\t\t\n\t\t<\/div>\n\n\t\t\t\t\t\t<\/div>\n\t\t\t\t<\/div>\n\t\t\t\t<div class=\"elementor-element elementor-element-942d739 wpr-pbar-title-pos-outside wpr-prbar-prline-rounded-yes wpr-prbar-layout-hr-line wpr-pbar-counter-pos-inside elementor-widget elementor-widget-wpr-progress-bar\" data-id=\"942d739\" data-element_type=\"widget\" data-widget_type=\"wpr-progress-bar.default\">\n\t\t\t\t<div class=\"elementor-widget-container\">\n\t\t\t\t\t\t\t\t\n\t\t<div class=\"wpr-progress-bar\" data-options=\"{&quot;counterValue&quot;:712,&quot;counterValuePersent&quot;:71,&quot;counterSeparator&quot;:&quot;&quot;,&quot;animDuration&quot;:2500,&quot;animDelay&quot;:0,&quot;loop&quot;:&quot;yes&quot;,&quot;loopDelay&quot;:7}\">\n\t\t\n\t\t\t<div class=\"wpr-prbar-content elementor-clearfix\"><div class=\"wpr-prbar-title-wrap\"><div class=\"wpr-prbar-title\">Panam\u00e1<\/div><div class=\"wpr-prbar-subtitle\"><\/div><\/div><\/div>\n\t\t<div class=\"wpr-prbar-hr-line\">\n\t\t\t<div class=\"wpr-prbar-hr-line-inner wpr-anim-timing-ease-default\">\n\t\t\t\t\n\t\t<div class=\"wpr-prbar-counter\">\n\n\t\t\t\t\t\t<span class=\"wpr-prbar-counter-value-prefix\">US$<\/span>\n\t\t\t\n\t\t\t\t\t\t<span class=\"wpr-prbar-counter-value\">0<\/span>\n\t\t\t\n\t\t\t\n\t\t<\/div>\n\n\t\t\t\t\t<\/div>\n\t\t\t<div class=\"wpr-prbar-content elementor-clearfix\"><\/div>\t\t<\/div>\n\n\t\t\n\t\t<\/div>\n\n\t\t\t\t\t\t<\/div>\n\t\t\t\t<\/div>\n\t\t\t\t<div class=\"elementor-element elementor-element-b356b26 wpr-pbar-title-pos-outside wpr-prbar-prline-rounded-yes wpr-prbar-layout-hr-line wpr-pbar-counter-pos-inside elementor-widget elementor-widget-wpr-progress-bar\" data-id=\"b356b26\" data-element_type=\"widget\" data-widget_type=\"wpr-progress-bar.default\">\n\t\t\t\t<div class=\"elementor-widget-container\">\n\t\t\t\t\t\t\t\t\n\t\t<div class=\"wpr-progress-bar\" data-options=\"{&quot;counterValue&quot;:509,&quot;counterValuePersent&quot;:51,&quot;counterSeparator&quot;:&quot;&quot;,&quot;animDuration&quot;:2500,&quot;animDelay&quot;:0,&quot;loop&quot;:&quot;yes&quot;,&quot;loopDelay&quot;:7}\">\n\t\t\n\t\t\t<div class=\"wpr-prbar-content elementor-clearfix\"><div class=\"wpr-prbar-title-wrap\"><div class=\"wpr-prbar-title\">Honduras<\/div><div class=\"wpr-prbar-subtitle\"><\/div><\/div><\/div>\n\t\t<div class=\"wpr-prbar-hr-line\">\n\t\t\t<div class=\"wpr-prbar-hr-line-inner wpr-anim-timing-ease-default\">\n\t\t\t\t\n\t\t<div class=\"wpr-prbar-counter\">\n\n\t\t\t\t\t\t<span class=\"wpr-prbar-counter-value-prefix\">US$<\/span>\n\t\t\t\n\t\t\t\t\t\t<span class=\"wpr-prbar-counter-value\">0<\/span>\n\t\t\t\n\t\t\t\n\t\t<\/div>\n\n\t\t\t\t\t<\/div>\n\t\t\t<div class=\"wpr-prbar-content elementor-clearfix\"><\/div>\t\t<\/div>\n\n\t\t\n\t\t<\/div>\n\n\t\t\t\t\t\t<\/div>\n\t\t\t\t<\/div>\n\t\t\t\t<div class=\"elementor-element elementor-element-6fa36c9 wpr-pbar-title-pos-outside wpr-prbar-prline-rounded-yes wpr-prbar-layout-hr-line wpr-pbar-counter-pos-inside elementor-widget elementor-widget-wpr-progress-bar\" data-id=\"6fa36c9\" data-element_type=\"widget\" data-widget_type=\"wpr-progress-bar.default\">\n\t\t\t\t<div class=\"elementor-widget-container\">\n\t\t\t\t\t\t\t\t\n\t\t<div class=\"wpr-progress-bar\" data-options=\"{&quot;counterValue&quot;:396,&quot;counterValuePersent&quot;:40,&quot;counterSeparator&quot;:&quot;&quot;,&quot;animDuration&quot;:2500,&quot;animDelay&quot;:0,&quot;loop&quot;:&quot;yes&quot;,&quot;loopDelay&quot;:7}\">\n\t\t\n\t\t\t<div class=\"wpr-prbar-content elementor-clearfix\"><div class=\"wpr-prbar-title-wrap\"><div class=\"wpr-prbar-title\">Guatemala<\/div><div class=\"wpr-prbar-subtitle\"><\/div><\/div><\/div>\n\t\t<div class=\"wpr-prbar-hr-line\">\n\t\t\t<div class=\"wpr-prbar-hr-line-inner wpr-anim-timing-ease-default\">\n\t\t\t\t\n\t\t<div class=\"wpr-prbar-counter\">\n\n\t\t\t\t\t\t<span class=\"wpr-prbar-counter-value-prefix\">US$<\/span>\n\t\t\t\n\t\t\t\t\t\t<span class=\"wpr-prbar-counter-value\">0<\/span>\n\t\t\t\n\t\t\t\n\t\t<\/div>\n\n\t\t\t\t\t<\/div>\n\t\t\t<div class=\"wpr-prbar-content elementor-clearfix\"><\/div>\t\t<\/div>\n\n\t\t\n\t\t<\/div>\n\n\t\t\t\t\t\t<\/div>\n\t\t\t\t<\/div>\n\t\t\t\t<div class=\"elementor-element elementor-element-92865c9 wpr-pbar-title-pos-outside wpr-prbar-prline-rounded-yes wpr-prbar-layout-hr-line wpr-pbar-counter-pos-inside elementor-widget elementor-widget-wpr-progress-bar\" data-id=\"92865c9\" data-element_type=\"widget\" data-widget_type=\"wpr-progress-bar.default\">\n\t\t\t\t<div class=\"elementor-widget-container\">\n\t\t\t\t\t\t\t\t\n\t\t<div class=\"wpr-progress-bar\" data-options=\"{&quot;counterValue&quot;:293,&quot;counterValuePersent&quot;:29,&quot;counterSeparator&quot;:&quot;&quot;,&quot;animDuration&quot;:2500,&quot;animDelay&quot;:0,&quot;loop&quot;:&quot;yes&quot;,&quot;loopDelay&quot;:7}\">\n\t\t\n\t\t\t<div class=\"wpr-prbar-content elementor-clearfix\"><div class=\"wpr-prbar-title-wrap\"><div class=\"wpr-prbar-title\">El Salvador<\/div><div class=\"wpr-prbar-subtitle\"><\/div><\/div><\/div>\n\t\t<div class=\"wpr-prbar-hr-line\">\n\t\t\t<div class=\"wpr-prbar-hr-line-inner wpr-anim-timing-ease-default\">\n\t\t\t\t\n\t\t<div class=\"wpr-prbar-counter\">\n\n\t\t\t\t\t\t<span class=\"wpr-prbar-counter-value-prefix\">US$<\/span>\n\t\t\t\n\t\t\t\t\t\t<span class=\"wpr-prbar-counter-value\">0<\/span>\n\t\t\t\n\t\t\t\n\t\t<\/div>\n\n\t\t\t\t\t<\/div>\n\t\t\t<div class=\"wpr-prbar-content elementor-clearfix\"><\/div>\t\t<\/div>\n\n\t\t\n\t\t<\/div>\n\n\t\t\t\t\t\t<\/div>\n\t\t\t\t<\/div>\n\t\t\t\t<div class=\"elementor-element elementor-element-7d4bf90 wpr-pbar-title-pos-outside wpr-prbar-prline-rounded-yes wpr-prbar-layout-hr-line wpr-pbar-counter-pos-inside elementor-widget elementor-widget-wpr-progress-bar\" data-id=\"7d4bf90\" data-element_type=\"widget\" data-widget_type=\"wpr-progress-bar.default\">\n\t\t\t\t<div class=\"elementor-widget-container\">\n\t\t\t\t\t\t\t\t\n\t\t<div class=\"wpr-progress-bar\" data-options=\"{&quot;counterValue&quot;:212,&quot;counterValuePersent&quot;:21,&quot;counterSeparator&quot;:&quot;&quot;,&quot;animDuration&quot;:2500,&quot;animDelay&quot;:0,&quot;loop&quot;:&quot;yes&quot;,&quot;loopDelay&quot;:7}\">\n\t\t\n\t\t\t<div class=\"wpr-prbar-content elementor-clearfix\"><div class=\"wpr-prbar-title-wrap\"><div class=\"wpr-prbar-title\">Nicaragua<\/div><div class=\"wpr-prbar-subtitle\"><\/div><\/div><\/div>\n\t\t<div class=\"wpr-prbar-hr-line\">\n\t\t\t<div class=\"wpr-prbar-hr-line-inner wpr-anim-timing-linear\">\n\t\t\t\t\n\t\t<div class=\"wpr-prbar-counter\">\n\n\t\t\t\t\t\t<span class=\"wpr-prbar-counter-value-prefix\">US$<\/span>\n\t\t\t\n\t\t\t\t\t\t<span class=\"wpr-prbar-counter-value\">0<\/span>\n\t\t\t\n\t\t\t\n\t\t<\/div>\n\n\t\t\t\t\t<\/div>\n\t\t\t<div class=\"wpr-prbar-content elementor-clearfix\"><\/div>\t\t<\/div>\n\n\t\t\n\t\t<\/div>\n\n\t\t\t\t\t\t<\/div>\n\t\t\t\t<\/div>\n\t\t\t\t<\/div>\n\t\t\t\t\t<\/div>\n\t\t\t\t<\/div>\n\t\t\t\t<\/div>\n\t\t<span class=\"wpr-template-edit-btn\" data-permalink=\"https:\/\/invest.sv\/es\/?elementor_library=salariominimo\">Edit Template<\/span><\/div>\t\t\t\t<\/div>\n\n\t\t\t\t\t\t\t<\/div>\n\n\t\t<\/div>\n\n\t\t\t\t\t\t<\/div>\n\t\t\t\t<\/div>\n\t\t\t\t<\/div>\n\t\t\t\t<\/div>","protected":false},"excerpt":{"rendered":"<p>Mano de obra joven, productiva y comprometida<\/p>","protected":false},"author":15,"featured_media":0,"parent":0,"menu_order":0,"comment_status":"closed","ping_status":"closed","template":"","meta":{"_acf_changed":false,"_eb_attr":"","footnotes":""},"class_list":["post-7509","page","type-page","status-publish","hentry"],"acf":[],"aioseo_notices":[],"_links":{"self":[{"href":"https:\/\/invest.sv\/es\/wp-json\/wp\/v2\/pages\/7509","targetHints":{"allow":["GET"]}}],"collection":[{"href":"https:\/\/invest.sv\/es\/wp-json\/wp\/v2\/pages"}],"about":[{"href":"https:\/\/invest.sv\/es\/wp-json\/wp\/v2\/types\/page"}],"author":[{"embeddable":true,"href":"https:\/\/invest.sv\/es\/wp-json\/wp\/v2\/users\/15"}],"replies":[{"embeddable":true,"href":"https:\/\/invest.sv\/es\/wp-json\/wp\/v2\/comments?post=7509"}],"version-history":[{"count":131,"href":"https:\/\/invest.sv\/es\/wp-json\/wp\/v2\/pages\/7509\/revisions"}],"predecessor-version":[{"id":26418,"href":"https:\/\/invest.sv\/es\/wp-json\/wp\/v2\/pages\/7509\/revisions\/26418"}],"wp:attachment":[{"href":"https:\/\/invest.sv\/es\/wp-json\/wp\/v2\/media?parent=7509"}],"curies":[{"name":"palabra clave","href":"https:\/\/api.w.org\/{rel}","templated":true}]}}