{"id":27162,"date":"2024-11-19T15:49:32","date_gmt":"2024-11-19T21:49:32","guid":{"rendered":"https:\/\/invest.sv\/?page_id=27162"},"modified":"2025-11-27T12:09:24","modified_gmt":"2025-11-27T18:09:24","slug":"convocatorias","status":"publish","type":"page","link":"https:\/\/invest.sv\/es\/convocatorias\/","title":{"rendered":"convocatorias"},"content":{"rendered":"<div data-elementor-type=\"wp-page\" data-elementor-id=\"27162\" class=\"elementor elementor-27162\" data-elementor-post-type=\"page\">\n\t\t\t\t<div class=\"elementor-element elementor-element-5c50522 e-con-full e-flex wpr-jarallax-no wpr-sticky-section-no e-con e-parent\" data-id=\"5c50522\" data-element_type=\"container\" data-settings=\"{&quot;background_background&quot;:&quot;classic&quot;}\">\n\t\t\t\t<div class=\"elementor-element elementor-element-7baa3b0 elementor-widget elementor-widget-heading\" data-id=\"7baa3b0\" data-element_type=\"widget\" data-widget_type=\"heading.default\">\n\t\t\t\t<div class=\"elementor-widget-container\">\n\t\t\t\t\t<h1 class=\"elementor-heading-title elementor-size-default\">CONVOCATORIA A PROCESOS ADMINISTRATIVOS<\/h1>\t\t\t\t<\/div>\n\t\t\t\t<\/div>\n\t\t\t\t<div class=\"elementor-element elementor-element-2a556ff elementor-widget elementor-widget-text-editor\" data-id=\"2a556ff\" data-element_type=\"widget\" data-widget_type=\"text-editor.default\">\n\t\t\t\t<div class=\"elementor-widget-container\">\n\t\t\t\t\t\t\t\t\t<p style=\"text-align: center;\">Se invita a proveedores inscritos en COMPRASAL a participar en los siguientes procesos<\/p>\t\t\t\t\t\t\t\t<\/div>\n\t\t\t\t<\/div>\n\t\t\t\t<\/div>\n\t\t<div class=\"elementor-element elementor-element-7391cc9 e-con-full e-flex wpr-jarallax-no wpr-sticky-section-no e-con e-parent\" data-id=\"7391cc9\" data-element_type=\"container\" data-settings=\"{&quot;background_background&quot;:&quot;classic&quot;}\">\n\t\t<div class=\"elementor-element elementor-element-dadd2f2 e-con-full e-flex wpr-jarallax-no wpr-sticky-section-no e-con e-child\" data-id=\"dadd2f2\" data-element_type=\"container\">\n\t\t\t\t<div class=\"elementor-element elementor-element-a8e4a2d eael-flip-box--3d eael-flipbox-content-align-center eael-flipbox-img-default elementor-widget elementor-widget-eael-flip-box\" data-id=\"a8e4a2d\" data-element_type=\"widget\" data-widget_type=\"eael-flip-box.default\">\n\t\t\t\t<div class=\"elementor-widget-container\">\n\t\t\t\t\t\n        <div class=\"eael-elements-flip-box-container eael-animate-flip eael-animate-left eael-content\">\n\n            <div class=\"eael-elements-flip-box-flip-card\">\n                <div class=\"eael-elements-flip-box-front-container\">\n\n                    \n                        <div class=\"eael-elements-slider-display-table\">\n                            <div class=\"eael-elements-flip-box-vertical-align\">\n                                <div class=\"eael-elements-flip-box-padding\">\n                                    <div class=\"eael-elements-flip-box-icon-image\">\n                                                                                    <img decoding=\"async\" class=\"eael-flipbox-image-as-icon\" src=\"https:\/\/invest.sv\/wp-content\/uploads\/2024\/11\/INVEST-IN-LOGO-blanco_2-e1732052633396.png\" alt=\"\">\n                                                                            <\/div>\n                                                                        <h4 class=\"eael-elements-flip-box-heading\">SERVICIO DE ARRENDAMIENTO DE CINCO IMPRESORAS MULTIFUNCIONALES Y MANTENIMIENTO DE UN IMPRESOR MULTIFUNCIONAL PROPIEDAD DE INVEST PARA EL PERIODO DEL 01 DE ENERO AL 31 DE DICIEMBRE DE 2026<\/h4>\n                                                                        <div class=\"eael-elements-flip-box-content\">\n\t                                                                            <p><p class=\"s12\"><span class=\"s11\">SUBASTA ELECTR\u00d3NICA <\/span><span class=\"s11\">No. SI<\/span><span class=\"s11\">-01<\/span><span class=\"s11\">\/2026-INVEST<\/span><\/p><p style=\"text-align: center;\"><strong>CORRELATIVO EN <\/strong><strong>COMPRASAL: <span class=\"s13\">558-2026-P0002<\/span><\/strong><\/p><p style=\"text-align: center;\"><strong>Fecha m\u00e1xima de presentaci\u00f3n: 28 de noviembre de 2025<\/strong><\/p><\/p>                                    <\/div>\n                                <\/div>\n                            <\/div>\n                        <\/div>\n                                    <\/div>\n\n                <div class=\"eael-elements-flip-box-rear-container\">\n\n                                            <div class=\"eael-elements-slider-display-table\">\n                            <div class=\"eael-elements-flip-box-vertical-align\">\n                                <div class=\"eael-elements-flip-box-padding\">\n                                                                                                            <div class=\"eael-elements-flip-box-content\">\n                                                                                <p><p style=\"text-align: left;\"><strong>AVISO DE CONVOCATORIA<\/strong><\/p><p style=\"text-align: left;\"><strong>SOLICITUD DE PROPUESTAS DE BIENES O SERVICIOS <\/strong><strong>DE NO CONSULTORIA POR SUBASTA INVERSA<\/strong><\/p><p style=\"text-align: left;\">La Unidad de Compras P\u00fablicas (UCP) de INVEST, en cumplimiento al Art\u00edculo 73 de la Ley de Compras P\u00fablicas, convoca a todos los interesados en participar en el proceso siguiente:<\/p><p style=\"text-align: left;\"><strong>CORRELATIVO EN COMPRASAL: <span class=\"s11\">558<\/span><span class=\"s11\">-2026-P<\/span><span class=\"s11\">0002<\/span><\/strong><\/p><p style=\"text-align: left;\"><strong><span class=\"s6\">\u201c<b>SERVICIO DE ARRENDAMIENTO DE CINCO IMPRESORAS MULTIFUNCIONALES Y MANTENIMIENTO DE UN IMPRESOR MULTIFUNCIONAL PROPIEDAD DE INVEST PARA EL PERIODO DEL 01 DE ENERO AL 31 DE DICIEMBRE DE 2026<\/b><\/span><span class=\"s6\">\u201d<\/span><\/strong><\/p><p style=\"text-align: left;\">Fecha y hora de presentaci\u00f3n de oferta: Las propuestas ser\u00e1n recibidas hasta el d\u00eda<strong> 28 de noviembre de 2025<\/strong>, hasta las <strong>10:00 a.m.<\/strong> hora oficial de la Rep\u00fablica de El Salvador, en modalidad electr\u00f3nica, a trav\u00e9s del Sistema Electr\u00f3nico de Compras - COMPRASAL hasta las <strong>10:00 a.m.<\/strong><\/p><p style=\"text-align: left;\">Es requisito obligatorio que el oferente se encuentre registrado (100%) en el Registro \u00danico de Proveedores del Estado (RUPES) en la plataforma de COMPRASAL para que pueda participar.<\/p><p style=\"text-align: left;\">La presente convocatoria se encuentra publicada en el sistema COMPRASAL. Las personas interesadas pueden descargar el Documento de Solicitud de Propuestas, sin ning\u00fan costo ingresando con sus credenciales en el sitio web siguiente:\u00a0<\/p><\/p>                                    <\/div>\n\n                                                                            <a class=\"flipbox-button\" href=\"https:\/\/www.comprasal.gob.sv\/\">\n                                                                                        Conoce m\u00e1s                                                                                            <\/a>\n                                                                    <\/div>\n                            <\/div>\n                        <\/div>\n                                    <\/div>\n            <\/div>\n        <\/div>\n\n\t\t\t\t<\/div>\n\t\t\t\t<\/div>\n\t\t\t\t<div class=\"elementor-element elementor-element-1ff16eb eael-flip-box--3d eael-flipbox-content-align-center eael-flipbox-img-default elementor-widget elementor-widget-eael-flip-box\" data-id=\"1ff16eb\" data-element_type=\"widget\" data-widget_type=\"eael-flip-box.default\">\n\t\t\t\t<div class=\"elementor-widget-container\">\n\t\t\t\t\t\n        <div class=\"eael-elements-flip-box-container eael-animate-flip eael-animate-left eael-content\">\n\n            <div class=\"eael-elements-flip-box-flip-card\">\n                <div class=\"eael-elements-flip-box-front-container\">\n\n                    \n                        <div class=\"eael-elements-slider-display-table\">\n                            <div class=\"eael-elements-flip-box-vertical-align\">\n                                <div class=\"eael-elements-flip-box-padding\">\n                                    <div class=\"eael-elements-flip-box-icon-image\">\n                                                                                    <img decoding=\"async\" class=\"eael-flipbox-image-as-icon\" src=\"https:\/\/invest.sv\/wp-content\/uploads\/2024\/11\/INVEST-IN-LOGO-blanco_2-e1732052633396.png\" alt=\"\">\n                                                                            <\/div>\n                                                                        <h4 class=\"eael-elements-flip-box-heading\">SERVICIO DE DE ORDENAMIENTO VEHICULAR PARA EL PERIODO DEL 01 DE ENERO AL 31 DE DICIEMBRE DE 2026<\/h4>\n                                                                        <div class=\"eael-elements-flip-box-content\">\n\t                                                                            <p><p class=\"s12\"><span class=\"s11\">SUBASTA ELECTR\u00d3NICA <\/span><span class=\"s11\">No. SI<\/span><span class=\"s11\">-04<\/span><span class=\"s11\">\/2026-INVEST<\/span><\/p><p style=\"text-align: center;\"><strong>CORRELATIVO EN <\/strong><strong>COMPRASAL: <span class=\"s13\">558-2026-P0006<\/span><\/strong><\/p><p style=\"text-align: center;\"><strong>Fecha m\u00e1xima de presentaci\u00f3n: 04 de diciembre de 2025<\/strong><\/p><\/p>                                    <\/div>\n                                <\/div>\n                            <\/div>\n                        <\/div>\n                                    <\/div>\n\n                <div class=\"eael-elements-flip-box-rear-container\">\n\n                                            <div class=\"eael-elements-slider-display-table\">\n                            <div class=\"eael-elements-flip-box-vertical-align\">\n                                <div class=\"eael-elements-flip-box-padding\">\n                                                                                                            <div class=\"eael-elements-flip-box-content\">\n                                                                                <p><p style=\"text-align: left;\"><strong>AVISO DE CONVOCATORIA<\/strong><\/p><p style=\"text-align: left;\"><strong>SOLICITUD DE PROPUESTAS DE BIENES O SERVICIOS <\/strong><strong>DE NO CONSULTORIA POR SUBASTA INVERSA<\/strong><\/p><p style=\"text-align: left;\">La Unidad de Compras P\u00fablicas (UCP) de INVEST, en cumplimiento al Art\u00edculo 73 de la Ley de Compras P\u00fablicas, convoca a todos los interesados en participar en el proceso siguiente:<\/p><p style=\"text-align: left;\"><strong>CORRELATIVO EN COMPRASAL: <span class=\"s11\">558<\/span><span class=\"s11\">-2026-P<\/span><span class=\"s11\">0006<\/span><\/strong><\/p><p style=\"text-align: left;\"><strong><span class=\"s6\">\u201cSERVICIO DE DE ORDENAMIENTO VEHICULAR PARA EL PERIODO DEL 01 DE ENERO AL 31 DE DICIEMBRE DE 2026<\/span><span class=\"s6\">\u201d<\/span><\/strong><\/p><p style=\"text-align: left;\">Fecha y hora de presentaci\u00f3n de oferta: Las propuestas ser\u00e1n recibidas hasta el d\u00eda<strong> 04 de diciembre de 2025<\/strong>, hasta las <strong>02:00 p.m.<\/strong> hora oficial de la Rep\u00fablica de El Salvador, en modalidad electr\u00f3nica, a trav\u00e9s del Sistema Electr\u00f3nico de Compras - COMPRASAL hasta las <strong>02:00 p.m.<\/strong><\/p><p style=\"text-align: left;\">Es requisito obligatorio que el oferente se encuentre registrado (100%) en el Registro \u00danico de Proveedores del Estado (RUPES) en la plataforma de COMPRASAL para que pueda participar.<\/p><p style=\"text-align: left;\">La presente convocatoria se encuentra publicada en el sistema COMPRASAL. Las personas interesadas pueden descargar el Documento de Solicitud de Propuestas, sin ning\u00fan costo ingresando con sus credenciales en el sitio web siguiente:\u00a0<\/p><\/p>                                    <\/div>\n\n                                                                            <a class=\"flipbox-button\" href=\"https:\/\/www.comprasal.gob.sv\/\">\n                                                                                        Conoce m\u00e1s                                                                                            <\/a>\n                                                                    <\/div>\n                            <\/div>\n                        <\/div>\n                                    <\/div>\n            <\/div>\n        <\/div>\n\n\t\t\t\t<\/div>\n\t\t\t\t<\/div>\n\t\t\t\t<\/div>\n\t\t<div class=\"elementor-element elementor-element-0ffc6a8 e-con-full e-flex wpr-jarallax-no wpr-sticky-section-no e-con e-child\" data-id=\"0ffc6a8\" data-element_type=\"container\">\n\t\t\t\t<div class=\"elementor-element elementor-element-28f7ba1 eael-flip-box--3d eael-flipbox-content-align-center eael-flipbox-img-default elementor-widget elementor-widget-eael-flip-box\" data-id=\"28f7ba1\" data-element_type=\"widget\" data-widget_type=\"eael-flip-box.default\">\n\t\t\t\t<div class=\"elementor-widget-container\">\n\t\t\t\t\t\n        <div class=\"eael-elements-flip-box-container eael-animate-flip eael-animate-left eael-content\">\n\n            <div class=\"eael-elements-flip-box-flip-card\">\n                <div class=\"eael-elements-flip-box-front-container\">\n\n                    \n                        <div class=\"eael-elements-slider-display-table\">\n                            <div class=\"eael-elements-flip-box-vertical-align\">\n                                <div class=\"eael-elements-flip-box-padding\">\n                                    <div class=\"eael-elements-flip-box-icon-image\">\n                                                                                    <img decoding=\"async\" class=\"eael-flipbox-image-as-icon\" src=\"https:\/\/invest.sv\/wp-content\/uploads\/2024\/11\/INVEST-IN-LOGO-blanco_2-e1732052633396.png\" alt=\"\">\n                                                                            <\/div>\n                                                                        <h4 class=\"eael-elements-flip-box-heading\">SERVICIO DE MANTENIMIENTO PREVENTIVO PARA DOS UPS PROPIEDAD DE INVEST PARA EL A\u00d1O 2026<\/h4>\n                                                                        <div class=\"eael-elements-flip-box-content\">\n\t                                                                            <p><p class=\"s12\"><span class=\"s11\">SUBASTA ELECTR\u00d3NICA INVERSA <\/span><span class=\"s11\">No. SI<\/span><span class=\"s11\">-03<\/span><span class=\"s11\">\/2026-INVEST<\/span><\/p><p style=\"text-align: center;\"><strong>CORRELATIVO EN <\/strong><strong>COMPRASAL: <span class=\"s13\">558-2026-P0004<\/span><\/strong><\/p><p style=\"text-align: center;\"><strong>Fecha m\u00e1xima de presentaci\u00f3n: 03 de diciembre de 2025<\/strong><\/p><\/p>                                    <\/div>\n                                <\/div>\n                            <\/div>\n                        <\/div>\n                                    <\/div>\n\n                <div class=\"eael-elements-flip-box-rear-container\">\n\n                                            <div class=\"eael-elements-slider-display-table\">\n                            <div class=\"eael-elements-flip-box-vertical-align\">\n                                <div class=\"eael-elements-flip-box-padding\">\n                                                                                                            <div class=\"eael-elements-flip-box-content\">\n                                                                                <p><p style=\"text-align: left;\"><strong>AVISO DE CONVOCATORIA<\/strong><\/p><p style=\"text-align: left;\"><strong>SOLICITUD DE PROPUESTAS DE BIENES O SERVICIOS <\/strong><strong>DE NO CONSULTORIA POR SUBASTA INVERSA<\/strong><\/p><p style=\"text-align: left;\">La Unidad de Compras P\u00fablicas (UCP) de INVEST, en cumplimiento al Art\u00edculo 73 de la Ley de Compras P\u00fablicas, convoca a todos los interesados en participar en el proceso siguiente:<\/p><p style=\"text-align: left;\"><strong>CORRELATIVO EN COMPRASAL: <span class=\"s11\">558<\/span><span class=\"s11\">-2026-P<\/span><span class=\"s11\">0004<\/span><\/strong><\/p><p style=\"text-align: left;\"><strong><span class=\"s6\">\u201c<b>SERVICIO DE MANTENIMIENTO PREVENTIVO PARA DOS UPS PROPIEDAD DE INVEST PARA EL A\u00d1O 2026<\/b><\/span><span class=\"s6\">\u201d<\/span><\/strong><\/p><p style=\"text-align: left;\">Fecha y hora de presentaci\u00f3n de oferta: Las propuestas ser\u00e1n recibidas hasta el d\u00eda<strong> 03 de diciembre de 2025<\/strong>, hasta las <strong>10:00 a.m.<\/strong> hora oficial de la Rep\u00fablica de El Salvador, en modalidad electr\u00f3nica, a trav\u00e9s del Sistema Electr\u00f3nico de Compras - COMPRASAL hasta las <strong>10:00 a.m.<\/strong><\/p><p style=\"text-align: left;\">Es requisito obligatorio que el oferente se encuentre registrado (100%) en el Registro \u00danico de Proveedores del Estado (RUPES) en la plataforma de COMPRASAL para que pueda participar.<\/p><p style=\"text-align: left;\">La presente convocatoria se encuentra publicada en el sistema COMPRASAL. Las personas interesadas pueden descargar el Documento de Solicitud de Propuestas, sin ning\u00fan costo ingresando con sus credenciales en el sitio web siguiente:\u00a0<\/p><\/p>                                    <\/div>\n\n                                                                            <a class=\"flipbox-button\" href=\"https:\/\/www.comprasal.gob.sv\/\">\n                                                                                        Conoce m\u00e1s                                                                                            <\/a>\n                                                                    <\/div>\n                            <\/div>\n                        <\/div>\n                                    <\/div>\n            <\/div>\n        <\/div>\n\n\t\t\t\t<\/div>\n\t\t\t\t<\/div>\n\t\t\t\t<div class=\"elementor-element elementor-element-7046f0c eael-flip-box--3d eael-flipbox-content-align-center eael-flipbox-img-default elementor-widget elementor-widget-eael-flip-box\" data-id=\"7046f0c\" data-element_type=\"widget\" data-widget_type=\"eael-flip-box.default\">\n\t\t\t\t<div class=\"elementor-widget-container\">\n\t\t\t\t\t\n        <div class=\"eael-elements-flip-box-container eael-animate-flip eael-animate-left eael-content\">\n\n            <div class=\"eael-elements-flip-box-flip-card\">\n                <div class=\"eael-elements-flip-box-front-container\">\n\n                    \n                        <div class=\"eael-elements-slider-display-table\">\n                            <div class=\"eael-elements-flip-box-vertical-align\">\n                                <div class=\"eael-elements-flip-box-padding\">\n                                    <div class=\"eael-elements-flip-box-icon-image\">\n                                                                                    <img decoding=\"async\" class=\"eael-flipbox-image-as-icon\" src=\"https:\/\/invest.sv\/wp-content\/uploads\/2024\/11\/INVEST-IN-LOGO-blanco_2-e1732052633396.png\" alt=\"\">\n                                                                            <\/div>\n                                                                        <h4 class=\"eael-elements-flip-box-heading\">SERVICIO DE  TELECOMUNICACIONES PARA LA AGENCIA DE PROMOCI\u00d3N DE INVERSIONES Y EXPORTACIONES, INVEST, PARA EL PER\u00cdODO DEL 01 DE ENERO AL 31 DE DICIEMBRE DE 2026<\/h4>\n                                                                        <div class=\"eael-elements-flip-box-content\">\n\t                                                                            <p><p class=\"s12\"><span class=\"s11\">SUBASTA ELECTR\u00d3NICA INVERSA <\/span><span class=\"s11\">No. SI<\/span><span class=\"s11\">-02<\/span><span class=\"s11\">\/2026-INVEST<\/span><\/p><p style=\"text-align: center;\"><strong>CORRELATIVO EN <\/strong><strong>COMPRASAL: <span class=\"s13\">558-2026-P0003<\/span><\/strong><\/p><p style=\"text-align: center;\"><strong>Fecha m\u00e1xima de presentaci\u00f3n: 01 de diciembre de 2025<\/strong><\/p><\/p>                                    <\/div>\n                                <\/div>\n                            <\/div>\n                        <\/div>\n                                    <\/div>\n\n                <div class=\"eael-elements-flip-box-rear-container\">\n\n                                            <div class=\"eael-elements-slider-display-table\">\n                            <div class=\"eael-elements-flip-box-vertical-align\">\n                                <div class=\"eael-elements-flip-box-padding\">\n                                                                                                            <div class=\"eael-elements-flip-box-content\">\n                                                                                <p><p style=\"text-align: left;\"><strong>AVISO DE CONVOCATORIA<\/strong><\/p><p style=\"text-align: left;\"><strong>SOLICITUD DE PROPUESTAS DE BIENES O SERVICIOS <\/strong><strong>DE NO CONSULTORIA POR SUBASTA INVERSA<\/strong><\/p><p style=\"text-align: left;\">La Unidad de Compras P\u00fablicas (UCP) de INVEST, en cumplimiento al Art\u00edculo 73 de la Ley de Compras P\u00fablicas, convoca a todos los interesados en participar en el proceso siguiente:<\/p><p style=\"text-align: left;\"><strong>CORRELATIVO EN COMPRASAL: <span class=\"s11\">558<\/span><span class=\"s11\">-2026-P<\/span><span class=\"s11\">0003<\/span><\/strong><\/p><p style=\"text-align: left;\"><strong><span class=\"s6\">\u201cSERVICIO DE TELECOMUNICACIONES PARA LA AGENCIA DE PROMOCI\u00d3N DE INVERSIONES Y EXPORTACIONES, INVEST, PARA EL PER\u00cdODO DEL 01 DE ENERO AL 31 DE DICIEMBRE DE 2026<\/span><span class=\"s6\">\u201d<\/span><\/strong><\/p><p style=\"text-align: left;\">Fecha y hora de presentaci\u00f3n de oferta: Las propuestas ser\u00e1n recibidas hasta el d\u00eda<strong> 01 de diciembre de 2025<\/strong>, hasta las <strong>03:00 p.m.<\/strong> hora oficial de la Rep\u00fablica de El Salvador, en modalidad electr\u00f3nica, a trav\u00e9s del Sistema Electr\u00f3nico de Compras - COMPRASAL hasta las <strong>03:00 p.m.<\/strong><\/p><p style=\"text-align: left;\">Es requisito obligatorio que el oferente se encuentre registrado (100%) en el Registro \u00danico de Proveedores del Estado (RUPES) en la plataforma de COMPRASAL para que pueda participar.<\/p><p style=\"text-align: left;\">La presente convocatoria se encuentra publicada en el sistema COMPRASAL. Las personas interesadas pueden descargar el Documento de Solicitud de Propuestas, sin ning\u00fan costo ingresando con sus credenciales en el sitio web siguiente:\u00a0<\/p><\/p>                                    <\/div>\n\n                                                                            <a class=\"flipbox-button\" href=\"https:\/\/www.comprasal.gob.sv\/\">\n                                                                                        Conoce m\u00e1s                                                                                            <\/a>\n                                                                    <\/div>\n                            <\/div>\n                        <\/div>\n                                    <\/div>\n            <\/div>\n        <\/div>\n\n\t\t\t\t<\/div>\n\t\t\t\t<\/div>\n\t\t\t\t<\/div>\n\t\t\t\t<\/div>\n\t\t<div class=\"elementor-element elementor-element-7929517 e-flex e-con-boxed wpr-jarallax-no wpr-sticky-section-no e-con e-parent\" data-id=\"7929517\" data-element_type=\"container\">\n\t\t\t\t\t<div class=\"e-con-inner\">\n\t\t\t\t\t<\/div>\n\t\t\t\t<\/div>\n\t\t\t\t<\/div>","protected":false},"excerpt":{"rendered":"<p>CONVOCATORIA A PROCESOS ADMINISTRATIVOS Se invita a proveedores inscritos en COMPRASAL a participar en los siguientes procesos SERVICIO DE ARRENDAMIENTO DE CINCO IMPRESORAS MULTIFUNCIONALES Y MANTENIMIENTO DE UN IMPRESOR MULTIFUNCIONAL [&hellip;]<\/p>","protected":false},"author":15,"featured_media":0,"parent":0,"menu_order":0,"comment_status":"closed","ping_status":"closed","template":"","meta":{"_acf_changed":false,"_eb_attr":"","footnotes":""},"class_list":["post-27162","page","type-page","status-publish","hentry"],"acf":[],"aioseo_notices":[],"_links":{"self":[{"href":"https:\/\/invest.sv\/es\/wp-json\/wp\/v2\/pages\/27162","targetHints":{"allow":["GET"]}}],"collection":[{"href":"https:\/\/invest.sv\/es\/wp-json\/wp\/v2\/pages"}],"about":[{"href":"https:\/\/invest.sv\/es\/wp-json\/wp\/v2\/types\/page"}],"author":[{"embeddable":true,"href":"https:\/\/invest.sv\/es\/wp-json\/wp\/v2\/users\/15"}],"replies":[{"embeddable":true,"href":"https:\/\/invest.sv\/es\/wp-json\/wp\/v2\/comments?post=27162"}],"version-history":[{"count":205,"href":"https:\/\/invest.sv\/es\/wp-json\/wp\/v2\/pages\/27162\/revisions"}],"predecessor-version":[{"id":27849,"href":"https:\/\/invest.sv\/es\/wp-json\/wp\/v2\/pages\/27162\/revisions\/27849"}],"wp:attachment":[{"href":"https:\/\/invest.sv\/es\/wp-json\/wp\/v2\/media?parent=27162"}],"curies":[{"name":"palabra clave","href":"https:\/\/api.w.org\/{rel}","templated":true}]}}