{"id":26852,"date":"2024-11-14T17:13:44","date_gmt":"2024-11-14T23:13:44","guid":{"rendered":"https:\/\/invest.sv\/?page_id=26852"},"modified":"2025-01-31T15:49:23","modified_gmt":"2025-01-31T21:49:23","slug":"digital-marketing","status":"publish","type":"page","link":"https:\/\/invest.sv\/es\/digital-marketing\/","title":{"rendered":"Marketing digital"},"content":{"rendered":"<div data-elementor-type=\"wp-page\" data-elementor-id=\"26852\" class=\"elementor elementor-26852\" data-elementor-post-type=\"page\">\n\t\t\t\t<div class=\"elementor-element elementor-element-172f18c e-flex e-con-boxed wpr-jarallax-no wpr-sticky-section-no e-con e-parent\" data-id=\"172f18c\" data-element_type=\"container\" data-settings=\"{&quot;background_background&quot;:&quot;classic&quot;}\">\n\t\t\t\t\t<div class=\"e-con-inner\">\n\t\t<div class=\"elementor-element elementor-element-6448e7ba e-con-full e-flex wpr-jarallax-no wpr-sticky-section-no e-con e-child\" data-id=\"6448e7ba\" data-element_type=\"container\">\n\t\t<div class=\"elementor-element elementor-element-7eb96541 e-flex e-con-boxed wpr-jarallax-no wpr-sticky-section-no e-con e-child\" data-id=\"7eb96541\" data-element_type=\"container\">\n\t\t\t\t\t<div class=\"e-con-inner\">\n\t\t\t\t<div class=\"elementor-element elementor-element-f7aaf3 elementor-widget__width-initial elementor-widget-mobile__width-initial elementor-widget elementor-widget-heading\" data-id=\"f7aaf3\" data-element_type=\"widget\" data-widget_type=\"heading.default\">\n\t\t\t\t<div class=\"elementor-widget-container\">\n\t\t\t\t\t<h1 class=\"elementor-heading-title elementor-size-xxl\">Marketing digital<\/h1>\t\t\t\t<\/div>\n\t\t\t\t<\/div>\n\t\t\t\t\t<\/div>\n\t\t\t\t<\/div>\n\t\t<div class=\"elementor-element elementor-element-0eec778 e-con-full glassclass e-flex wpr-jarallax-no wpr-sticky-section-no e-con e-child\" data-id=\"0eec778\" data-element_type=\"container\">\n\t\t\t\t<div class=\"elementor-element elementor-element-a69c768 elementor-widget__width-initial elementor-widget-mobile__width-initial elementor-widget elementor-widget-image\" data-id=\"a69c768\" data-element_type=\"widget\" data-widget_type=\"image.default\">\n\t\t\t\t<div class=\"elementor-widget-container\">\n\t\t\t\t\t\t\t\t\t\t\t\t\t\t\t<img decoding=\"async\" src=\"https:\/\/invest.sv\/wp-content\/uploads\/elementor\/thumbs\/1P8A0816-scaled-r0u3i6o24a40c3dl3ih48ry9h7r8mrjcqkzofxfrrw.jpg\" title=\"1P8A0816\" alt=\"1P8A0816\" loading=\"lazy\" \/>\t\t\t\t\t\t\t\t\t\t\t\t\t\t\t<\/div>\n\t\t\t\t<\/div>\n\t\t<div class=\"elementor-element elementor-element-77e99bb e-con-full e-flex wpr-jarallax-no wpr-sticky-section-no e-con e-child\" data-id=\"77e99bb\" data-element_type=\"container\">\n\t\t\t\t<div class=\"elementor-element elementor-element-915ebe8 elementor-widget elementor-widget-heading\" data-id=\"915ebe8\" data-element_type=\"widget\" data-widget_type=\"heading.default\">\n\t\t\t\t<div class=\"elementor-widget-container\">\n\t\t\t\t\t<h3 class=\"elementor-heading-title elementor-size-xl\">Sonia Soto<\/h3>\t\t\t\t<\/div>\n\t\t\t\t<\/div>\n\t\t\t\t<div class=\"elementor-element elementor-element-e0dae40 elementor-widget elementor-widget-heading\" data-id=\"e0dae40\" data-element_type=\"widget\" data-widget_type=\"heading.default\">\n\t\t\t\t<div class=\"elementor-widget-container\">\n\t\t\t\t\t<div class=\"elementor-heading-title elementor-size-small\">Especialista para el sector Manufacturas Diversas<\/div>\t\t\t\t<\/div>\n\t\t\t\t<\/div>\n\t\t\t\t<div class=\"elementor-element elementor-element-7648ea0 elementor-widget-divider--view-line elementor-widget elementor-widget-divider\" data-id=\"7648ea0\" data-element_type=\"widget\" data-widget_type=\"divider.default\">\n\t\t\t\t<div class=\"elementor-widget-container\">\n\t\t\t\t\t\t\t<div class=\"elementor-divider\">\n\t\t\t<span class=\"elementor-divider-separator\">\n\t\t\t\t\t\t<\/span>\n\t\t<\/div>\n\t\t\t\t\t\t<\/div>\n\t\t\t\t<\/div>\n\t\t\t\t<div class=\"elementor-element elementor-element-7966f7d elementor-widget elementor-widget-text-editor\" data-id=\"7966f7d\" data-element_type=\"widget\" data-widget_type=\"text-editor.default\">\n\t\t\t\t<div class=\"elementor-widget-container\">\n\t\t\t\t\t\t\t\t\t<p><span style=\"color: #ffffff;\"><a style=\"color: #ffffff;\" href=\"mailto:kcontreras@invest.sv\">ssoto@invest.sv<\/a><\/span><br \/>M\u00f3vil: +503 7071-7063<\/p>\t\t\t\t\t\t\t\t<\/div>\n\t\t\t\t<\/div>\n\t\t\t\t<div class=\"elementor-element elementor-element-025a681 elementor-widget elementor-widget-image\" data-id=\"025a681\" data-element_type=\"widget\" data-widget_type=\"image.default\">\n\t\t\t\t<div class=\"elementor-widget-container\">\n\t\t\t\t\t\t\t\t\t\t\t\t\t\t\t\t<a href=\"https:\/\/wa.me\/50370717063?\" target=\"_blank\">\n\t\t\t\t\t\t\t<img decoding=\"async\" src=\"https:\/\/invest.sv\/wp-content\/uploads\/2023\/12\/WhatsAppButtonWhiteSmall.svg\" title=\"WhatsAppButtonWhiteSmall\" alt=\"WhatsAppButtonWhiteSmall\" class=\"elementor-animation-grow\" loading=\"lazy\" \/>\t\t\t\t\t\t\t\t<\/a>\n\t\t\t\t\t\t\t\t\t\t\t\t\t\t\t<\/div>\n\t\t\t\t<\/div>\n\t\t\t\t<\/div>\n\t\t\t\t<\/div>\n\t\t\t\t<\/div>\n\t\t<div class=\"elementor-element elementor-element-25a884ba e-con-full e-flex wpr-jarallax-no wpr-sticky-section-no e-con e-child\" data-id=\"25a884ba\" data-element_type=\"container\">\n\t\t\t\t<\/div>\n\t\t\t\t\t<\/div>\n\t\t\t\t<\/div>\n\t\t<div class=\"elementor-element elementor-element-4de212fe e-flex e-con-boxed wpr-jarallax-no wpr-sticky-section-no e-con e-parent\" data-id=\"4de212fe\" data-element_type=\"container\">\n\t\t\t\t\t<div class=\"e-con-inner\">\n\t\t\t\t<div class=\"elementor-element elementor-element-4465e707 elementor-widget elementor-widget-spacer\" data-id=\"4465e707\" data-element_type=\"widget\" data-widget_type=\"spacer.default\">\n\t\t\t\t<div class=\"elementor-widget-container\">\n\t\t\t\t\t\t\t<div class=\"elementor-spacer\">\n\t\t\t<div class=\"elementor-spacer-inner\"><\/div>\n\t\t<\/div>\n\t\t\t\t\t\t<\/div>\n\t\t\t\t<\/div>\n\t\t\t\t\t<\/div>\n\t\t\t\t<\/div>\n\t\t<div class=\"elementor-element elementor-element-703fccc0 e-flex e-con-boxed wpr-jarallax-no wpr-sticky-section-no e-con e-parent\" data-id=\"703fccc0\" data-element_type=\"container\">\n\t\t\t\t\t<div class=\"e-con-inner\">\n\t\t<div class=\"elementor-element elementor-element-4b9f0dde e-con-full e-flex wpr-jarallax-no wpr-sticky-section-no e-con e-child\" data-id=\"4b9f0dde\" data-element_type=\"container\">\n\t\t<div class=\"elementor-element elementor-element-4e5ef53f e-flex e-con-boxed wpr-jarallax-no wpr-sticky-section-no e-con e-child\" data-id=\"4e5ef53f\" data-element_type=\"container\">\n\t\t\t\t\t<div class=\"e-con-inner\">\n\t\t\t\t<div class=\"elementor-element elementor-element-4a929add elementor-widget elementor-widget-text-editor\" data-id=\"4a929add\" data-element_type=\"widget\" data-widget_type=\"text-editor.default\">\n\t\t\t\t<div class=\"elementor-widget-container\">\n\t\t\t\t\t\t\t\t\t<p>Exportar servicios de marketing digital desde El Salvador es altamente atractivo. En primer lugar, la calidad del talento local, que combina creatividad y habilidades t\u00e9cnicas, permite ofrecer servicios competitivos a mercados internacionales. Segundo, los costos operativos en El Salvador son relativamente bajos, lo que facilita la provisi\u00f3n de servicios a precios atractivos sin comprometer la calidad.<\/p><p>Adem\u00e1s, el pa\u00eds cuenta con una creciente infraestructura digital y acceso a tecnolog\u00eda avanzada, lo que potencia la capacidad de las empresas para atender clientes en el extranjero. La experiencia acumulada en la adaptaci\u00f3n a diversas plataformas y mercados tambi\u00e9n favorece la expansi\u00f3n.<\/p><p>El entorno global actual, que prioriza la digitalizaci\u00f3n y el marketing en l\u00ednea, crea una gran demanda por estos servicios, posicionando a El Salvador como un punto estrat\u00e9gico para la provisi\u00f3n de servicios de marketing digital en la regi\u00f3n.<\/p>\t\t\t\t\t\t\t\t<\/div>\n\t\t\t\t<\/div>\n\t\t\t\t\t<\/div>\n\t\t\t\t<\/div>\n\t\t\t\t<\/div>\n\t\t<div class=\"elementor-element elementor-element-5d5c738b e-con-full e-flex wpr-jarallax-no wpr-sticky-section-no e-con e-child\" data-id=\"5d5c738b\" data-element_type=\"container\" data-settings=\"{&quot;background_background&quot;:&quot;classic&quot;}\">\n\t\t<div class=\"elementor-element elementor-element-aaf3546 e-flex e-con-boxed wpr-jarallax-no wpr-sticky-section-no e-con e-child\" data-id=\"aaf3546\" data-element_type=\"container\">\n\t\t\t\t\t<div class=\"e-con-inner\">\n\t\t<div class=\"elementor-element elementor-element-4dccfca3 e-con-full e-flex wpr-jarallax-no wpr-sticky-section-no e-con e-child\" data-id=\"4dccfca3\" data-element_type=\"container\">\n\t\t\t\t<div class=\"elementor-element elementor-element-5d9db64e elementor-widget__width-initial elementor-view-default elementor-widget elementor-widget-icon\" data-id=\"5d9db64e\" data-element_type=\"widget\" data-widget_type=\"icon.default\">\n\t\t\t\t<div class=\"elementor-widget-container\">\n\t\t\t\t\t\t\t<div class=\"elementor-icon-wrapper\">\n\t\t\t<div class=\"elementor-icon\">\n\t\t\t<i aria-hidden=\"true\" class=\"xlio ion-logo-usd\"><\/i>\t\t\t<\/div>\n\t\t<\/div>\n\t\t\t\t\t\t<\/div>\n\t\t\t\t<\/div>\n\t\t\t\t<\/div>\n\t\t<div class=\"elementor-element elementor-element-1dfe0c19 e-con-full e-flex wpr-jarallax-no wpr-sticky-section-no e-con e-child\" data-id=\"1dfe0c19\" data-element_type=\"container\">\n\t\t\t\t<div class=\"elementor-element elementor-element-67a9ebfc elementor-widget elementor-widget-heading\" data-id=\"67a9ebfc\" data-element_type=\"widget\" data-widget_type=\"heading.default\">\n\t\t\t\t<div class=\"elementor-widget-container\">\n\t\t\t\t\t<div class=\"elementor-heading-title elementor-size-large\">USD $423<\/div>\t\t\t\t<\/div>\n\t\t\t\t<\/div>\n\t\t\t\t<div class=\"elementor-element elementor-element-5997eec1 elementor-widget elementor-widget-text-editor\" data-id=\"5997eec1\" data-element_type=\"widget\" data-widget_type=\"text-editor.default\">\n\t\t\t\t<div class=\"elementor-widget-container\">\n\t\t\t\t\t\t\t\t\t<p>En exportaciones de servicios de telecomunicaciones, inform\u00e1tica e informaci\u00f3n, 2023<\/p>\t\t\t\t\t\t\t\t<\/div>\n\t\t\t\t<\/div>\n\t\t\t\t<\/div>\n\t\t\t\t\t<\/div>\n\t\t\t\t<\/div>\n\t\t<div class=\"elementor-element elementor-element-7e2167fe e-flex e-con-boxed wpr-jarallax-no wpr-sticky-section-no e-con e-child\" data-id=\"7e2167fe\" data-element_type=\"container\">\n\t\t\t\t\t<div class=\"e-con-inner\">\n\t\t<div class=\"elementor-element elementor-element-6069ec35 e-con-full e-flex wpr-jarallax-no wpr-sticky-section-no e-con e-child\" data-id=\"6069ec35\" data-element_type=\"container\">\n\t\t\t\t<div class=\"elementor-element elementor-element-65788689 elementor-widget__width-initial elementor-view-default elementor-widget elementor-widget-icon\" data-id=\"65788689\" data-element_type=\"widget\" data-widget_type=\"icon.default\">\n\t\t\t\t<div class=\"elementor-widget-container\">\n\t\t\t\t\t\t\t<div class=\"elementor-icon-wrapper\">\n\t\t\t<div class=\"elementor-icon\">\n\t\t\t<i aria-hidden=\"true\" class=\"uic jquery-ui-icon-package\"><\/i>\t\t\t<\/div>\n\t\t<\/div>\n\t\t\t\t\t\t<\/div>\n\t\t\t\t<\/div>\n\t\t\t\t<\/div>\n\t\t<div class=\"elementor-element elementor-element-4fb3e291 e-con-full e-flex wpr-jarallax-no wpr-sticky-section-no e-con e-child\" data-id=\"4fb3e291\" data-element_type=\"container\">\n\t\t\t\t<div class=\"elementor-element elementor-element-47414301 elementor-widget elementor-widget-heading\" data-id=\"47414301\" data-element_type=\"widget\" data-widget_type=\"heading.default\">\n\t\t\t\t<div class=\"elementor-widget-container\">\n\t\t\t\t\t<div class=\"elementor-heading-title elementor-size-large\">73%\u00a0\u00a0<\/div>\t\t\t\t<\/div>\n\t\t\t\t<\/div>\n\t\t\t\t<div class=\"elementor-element elementor-element-7e36534 elementor-widget elementor-widget-text-editor\" data-id=\"7e36534\" data-element_type=\"widget\" data-widget_type=\"text-editor.default\">\n\t\t\t\t<div class=\"elementor-widget-container\">\n\t\t\t\t\t\t\t\t\t<p>Crecimiento de las exportaciones de Servicios de\u00a0telecomunicaciones, inform\u00e1tica e informaci\u00f3n(2019-2023)<\/p>\t\t\t\t\t\t\t\t<\/div>\n\t\t\t\t<\/div>\n\t\t\t\t<\/div>\n\t\t\t\t\t<\/div>\n\t\t\t\t<\/div>\n\t\t\t\t<\/div>\n\t\t\t\t\t<\/div>\n\t\t\t\t<\/div>\n\t\t<div class=\"elementor-element elementor-element-8ec554a e-flex e-con-boxed wpr-jarallax-no wpr-sticky-section-no e-con e-parent\" data-id=\"8ec554a\" data-element_type=\"container\">\n\t\t\t\t\t<div class=\"e-con-inner\">\n\t\t\t\t<div class=\"elementor-element elementor-element-5fadf30e elementor-widget elementor-widget-html\" data-id=\"5fadf30e\" data-element_type=\"widget\" data-widget_type=\"html.default\">\n\t\t\t\t<div class=\"elementor-widget-container\">\n\t\t\t\t\t<style>\r\n.glassclass {\r\nbackdrop-filter: blur(10px);\r\n}\r\n<\/style>\t\t\t\t<\/div>\n\t\t\t\t<\/div>\n\t\t\t\t\t<\/div>\n\t\t\t\t<\/div>\n\t\t<div class=\"elementor-element elementor-element-5794aa56 e-con-full e-flex wpr-jarallax-no wpr-sticky-section-no e-con e-parent\" data-id=\"5794aa56\" data-element_type=\"container\">\n\t\t<div class=\"elementor-element elementor-element-4a1bc591 e-flex e-con-boxed wpr-jarallax-no wpr-sticky-section-no e-con e-child\" data-id=\"4a1bc591\" data-element_type=\"container\">\n\t\t\t\t\t<div class=\"e-con-inner\">\n\t\t<div class=\"elementor-element elementor-element-3ff8ec74 e-con-full e-flex wpr-jarallax-no wpr-sticky-section-no e-con e-child\" data-id=\"3ff8ec74\" data-element_type=\"container\">\n\t\t\t\t<div class=\"elementor-element elementor-element-3898ec65 elementor-widget elementor-widget-heading\" data-id=\"3898ec65\" data-element_type=\"widget\" data-widget_type=\"heading.default\">\n\t\t\t\t<div class=\"elementor-widget-container\">\n\t\t\t\t\t<div class=\"elementor-heading-title elementor-size-xxl\">Principales servicios <\/div>\t\t\t\t<\/div>\n\t\t\t\t<\/div>\n\t\t\t\t<div class=\"elementor-element elementor-element-2e431ea7 elementor-widget-divider--view-line elementor-widget elementor-widget-divider\" data-id=\"2e431ea7\" data-element_type=\"widget\" data-widget_type=\"divider.default\">\n\t\t\t\t<div class=\"elementor-widget-container\">\n\t\t\t\t\t\t\t<div class=\"elementor-divider\">\n\t\t\t<span class=\"elementor-divider-separator\">\n\t\t\t\t\t\t<\/span>\n\t\t<\/div>\n\t\t\t\t\t\t<\/div>\n\t\t\t\t<\/div>\n\t\t\t\t<div class=\"elementor-element elementor-element-125280f0 elementor-widget elementor-widget-spacer\" data-id=\"125280f0\" data-element_type=\"widget\" data-widget_type=\"spacer.default\">\n\t\t\t\t<div class=\"elementor-widget-container\">\n\t\t\t\t\t\t\t<div class=\"elementor-spacer\">\n\t\t\t<div class=\"elementor-spacer-inner\"><\/div>\n\t\t<\/div>\n\t\t\t\t\t\t<\/div>\n\t\t\t\t<\/div>\n\t\t\t\t<div class=\"elementor-element elementor-element-59cfff87 elementor-widget elementor-widget-spacer\" data-id=\"59cfff87\" data-element_type=\"widget\" data-widget_type=\"spacer.default\">\n\t\t\t\t<div class=\"elementor-widget-container\">\n\t\t\t\t\t\t\t<div class=\"elementor-spacer\">\n\t\t\t<div class=\"elementor-spacer-inner\"><\/div>\n\t\t<\/div>\n\t\t\t\t\t\t<\/div>\n\t\t\t\t<\/div>\n\t\t\t\t<\/div>\n\t\t<div class=\"elementor-element elementor-element-463d601b e-con-full e-flex wpr-jarallax-no wpr-sticky-section-no e-con e-child\" data-id=\"463d601b\" data-element_type=\"container\">\n\t\t<div class=\"elementor-element elementor-element-67c2a922 e-flex e-con-boxed wpr-jarallax-no wpr-sticky-section-no e-con e-child\" data-id=\"67c2a922\" data-element_type=\"container\" data-settings=\"{&quot;background_background&quot;:&quot;classic&quot;}\">\n\t\t\t\t\t<div class=\"e-con-inner\">\n\t\t\t\t<div class=\"elementor-element elementor-element-6ad9fe1e elementor-widget elementor-widget-image\" data-id=\"6ad9fe1e\" data-element_type=\"widget\" data-widget_type=\"image.default\">\n\t\t\t\t<div class=\"elementor-widget-container\">\n\t\t\t\t\t\t\t\t\t\t\t\t\t\t\t<img decoding=\"async\" src=\"https:\/\/invest.sv\/wp-content\/uploads\/elementor\/thumbs\/employee-speaking-with-customer-via-social-network-2023-11-27-05-01-36-utc-scaled-qx2fowkqyozkzdbcdmp24p7h0lsj835ftu9hivb1je.jpg\" title=\"Employee speaking with customer via social network\" alt=\"Woman working on computer in cozy office. Beautiful worker looking at screen with gladness and charming smile\" loading=\"lazy\" \/>\t\t\t\t\t\t\t\t\t\t\t\t\t\t\t<\/div>\n\t\t\t\t<\/div>\n\t\t\t\t<div class=\"elementor-element elementor-element-1b7bb4d4 elementor-widget elementor-widget-text-editor\" data-id=\"1b7bb4d4\" data-element_type=\"widget\" data-widget_type=\"text-editor.default\">\n\t\t\t\t<div class=\"elementor-widget-container\">\n\t\t\t\t\t\t\t\t\t<ul><li>Gesti\u00f3n de redes sociales<\/li><li>SEO (Optimizaci\u00f3n para motores de b\u00fasqueda)<\/li><li>Publicidad digital<\/li><\/ul>\t\t\t\t\t\t\t\t<\/div>\n\t\t\t\t<\/div>\n\t\t\t\t\t<\/div>\n\t\t\t\t<\/div>\n\t\t<div class=\"elementor-element elementor-element-64f3faea e-flex e-con-boxed wpr-jarallax-no wpr-sticky-section-no e-con e-child\" data-id=\"64f3faea\" data-element_type=\"container\" data-settings=\"{&quot;background_background&quot;:&quot;classic&quot;}\">\n\t\t\t\t\t<div class=\"e-con-inner\">\n\t\t\t\t<div class=\"elementor-element elementor-element-18125320 elementor-widget elementor-widget-image\" data-id=\"18125320\" data-element_type=\"widget\" data-widget_type=\"image.default\">\n\t\t\t\t<div class=\"elementor-widget-container\">\n\t\t\t\t\t\t\t\t\t\t\t\t\t\t\t<img decoding=\"async\" src=\"https:\/\/invest.sv\/wp-content\/uploads\/elementor\/thumbs\/emails-on-a-laptop-screen-wooden-desk-office-bac-2023-11-27-05-31-45-utc-scaled-qx2fojf0b0hkgtugih0a5sj0p7le8bp7414oszujyi.jpg\" title=\"Emails on a laptop screen, wooden desk, office background. 3d illustration\" alt=\"Emails on a computer laptop screen, wooden desk, office background. 3d illustration\" loading=\"lazy\" \/>\t\t\t\t\t\t\t\t\t\t\t\t\t\t\t<\/div>\n\t\t\t\t<\/div>\n\t\t\t\t<div class=\"elementor-element elementor-element-a7df7c1 elementor-widget elementor-widget-text-editor\" data-id=\"a7df7c1\" data-element_type=\"widget\" data-widget_type=\"text-editor.default\">\n\t\t\t\t<div class=\"elementor-widget-container\">\n\t\t\t\t\t\t\t\t\t<ul><li style=\"text-align: left;\">Dise\u00f1o y desarrollo web<\/li><li style=\"text-align: left;\">Contenido multimedia<\/li><li style=\"text-align: left;\">Email marketing<\/li><\/ul>\t\t\t\t\t\t\t\t<\/div>\n\t\t\t\t<\/div>\n\t\t\t\t\t<\/div>\n\t\t\t\t<\/div>\n\t\t<div class=\"elementor-element elementor-element-6892df38 e-flex e-con-boxed wpr-jarallax-no wpr-sticky-section-no e-con e-child\" data-id=\"6892df38\" data-element_type=\"container\" data-settings=\"{&quot;background_background&quot;:&quot;classic&quot;}\">\n\t\t\t\t\t<div class=\"e-con-inner\">\n\t\t\t\t<div class=\"elementor-element elementor-element-45fd9b63 elementor-widget elementor-widget-image\" data-id=\"45fd9b63\" data-element_type=\"widget\" data-widget_type=\"image.default\">\n\t\t\t\t<div class=\"elementor-widget-container\">\n\t\t\t\t\t\t\t\t\t\t\t\t\t\t\t<img decoding=\"async\" src=\"https:\/\/invest.sv\/wp-content\/uploads\/elementor\/thumbs\/man-working-with-analytics-at-the-office-2023-11-27-05-05-10-utc-scaled-qx2fo84y1024liaucc4rbvdhkl4znygf2hav1oba16.jpg\" title=\"Man working with analytics at the office\" alt=\"Young african man working with analitycs sitting at the beautiful working place with computer, laptop and documents. View from above\" loading=\"lazy\" \/>\t\t\t\t\t\t\t\t\t\t\t\t\t\t\t<\/div>\n\t\t\t\t<\/div>\n\t\t\t\t<div class=\"elementor-element elementor-element-927b24 elementor-widget elementor-widget-text-editor\" data-id=\"927b24\" data-element_type=\"widget\" data-widget_type=\"text-editor.default\">\n\t\t\t\t<div class=\"elementor-widget-container\">\n\t\t\t\t\t\t\t\t\t<ul><li>An\u00e1lisis de datos y reportes<\/li><li>Consultor\u00eda en estrategias digitales<\/li><li>Desarrollo de aplicaciones m\u00f3viles<\/li><\/ul>\t\t\t\t\t\t\t\t<\/div>\n\t\t\t\t<\/div>\n\t\t\t\t\t<\/div>\n\t\t\t\t<\/div>\n\t\t\t\t<\/div>\n\t\t<div class=\"elementor-element elementor-element-3f41c0df e-con-full e-flex wpr-jarallax-no wpr-sticky-section-no e-con e-child\" data-id=\"3f41c0df\" data-element_type=\"container\">\n\t\t\t\t<div class=\"elementor-element elementor-element-2e36e987 elementor-widget elementor-widget-spacer\" data-id=\"2e36e987\" data-element_type=\"widget\" data-widget_type=\"spacer.default\">\n\t\t\t\t<div class=\"elementor-widget-container\">\n\t\t\t\t\t\t\t<div class=\"elementor-spacer\">\n\t\t\t<div class=\"elementor-spacer-inner\"><\/div>\n\t\t<\/div>\n\t\t\t\t\t\t<\/div>\n\t\t\t\t<\/div>\n\t\t\t\t<\/div>\n\t\t\t\t\t<\/div>\n\t\t\t\t<\/div>\n\t\t\t\t<\/div>\n\t\t<div class=\"elementor-element elementor-element-4bbaa0d0 e-flex e-con-boxed wpr-jarallax-no wpr-sticky-section-no e-con e-parent\" data-id=\"4bbaa0d0\" data-element_type=\"container\">\n\t\t\t\t\t<div class=\"e-con-inner\">\n\t\t\t\t<div class=\"elementor-element elementor-element-50cf6c21 elementor-widget elementor-widget-spacer\" data-id=\"50cf6c21\" data-element_type=\"widget\" data-widget_type=\"spacer.default\">\n\t\t\t\t<div class=\"elementor-widget-container\">\n\t\t\t\t\t\t\t<div class=\"elementor-spacer\">\n\t\t\t<div class=\"elementor-spacer-inner\"><\/div>\n\t\t<\/div>\n\t\t\t\t\t\t<\/div>\n\t\t\t\t<\/div>\n\t\t\t\t\t<\/div>\n\t\t\t\t<\/div>\n\t\t<div class=\"elementor-element elementor-element-26ee69a8 e-flex e-con-boxed wpr-jarallax-no wpr-sticky-section-no e-con e-parent\" data-id=\"26ee69a8\" data-element_type=\"container\">\n\t\t\t\t\t<div class=\"e-con-inner\">\n\t\t<div class=\"elementor-element elementor-element-7ba0d6de e-con-full e-flex wpr-jarallax-no wpr-sticky-section-no e-con e-child\" data-id=\"7ba0d6de\" data-element_type=\"container\">\n\t\t\t\t<div class=\"elementor-element elementor-element-3e396317 elementor-widget elementor-widget-heading\" data-id=\"3e396317\" data-element_type=\"widget\" data-widget_type=\"heading.default\">\n\t\t\t\t<div class=\"elementor-widget-container\">\n\t\t\t\t\t<div class=\"elementor-heading-title elementor-size-large\">Sectores estrat\u00e9gicos<\/div>\t\t\t\t<\/div>\n\t\t\t\t<\/div>\n\t\t\t\t<div class=\"elementor-element elementor-element-53f5ddd1 elementor-widget elementor-widget-spacer\" data-id=\"53f5ddd1\" data-element_type=\"widget\" data-widget_type=\"spacer.default\">\n\t\t\t\t<div class=\"elementor-widget-container\">\n\t\t\t\t\t\t\t<div class=\"elementor-spacer\">\n\t\t\t<div class=\"elementor-spacer-inner\"><\/div>\n\t\t<\/div>\n\t\t\t\t\t\t<\/div>\n\t\t\t\t<\/div>\n\t\t\t\t<div class=\"elementor-element elementor-element-4938f2ff elementor-widget elementor-widget-text-editor\" data-id=\"4938f2ff\" data-element_type=\"widget\" data-widget_type=\"text-editor.default\">\n\t\t\t\t<div class=\"elementor-widget-container\">\n\t\t\t\t\t\t\t\t\t<ul><li><a href=\"https:\/\/invest.sv\/es\/exp-agroindustria\/\" target=\"_blank\" rel=\"noopener\">Agronegocios<\/a><\/li><li><a href=\"https:\/\/invest.sv\/es\/alimentos-y-bebidas\/\" target=\"_blank\" rel=\"noopener\">Alimentos y bebidas<\/a><\/li><li><a href=\"https:\/\/invest.sv\/es\/manufacturas-diversas\/\" target=\"_blank\" rel=\"noopener\">Manufacturas<\/a><\/li><li><a href=\"https:\/\/invest.sv\/es\/servicios\/\" target=\"_blank\" rel=\"noopener\">Tecnolog\u00eda y servicios<\/a><\/li><\/ul>\t\t\t\t\t\t\t\t<\/div>\n\t\t\t\t<\/div>\n\t\t\t\t<\/div>\n\t\t<div class=\"elementor-element elementor-element-6891d9d3 e-con-full e-flex wpr-jarallax-no wpr-sticky-section-no e-con e-child\" data-id=\"6891d9d3\" data-element_type=\"container\">\n\t\t\t\t<div class=\"elementor-element elementor-element-3e5cc21e elementor-widget elementor-widget-heading\" data-id=\"3e5cc21e\" data-element_type=\"widget\" data-widget_type=\"heading.default\">\n\t\t\t\t<div class=\"elementor-widget-container\">\n\t\t\t\t\t<div class=\"elementor-heading-title elementor-size-large\">Informaci\u00f3n de inter\u00e9s<\/div>\t\t\t\t<\/div>\n\t\t\t\t<\/div>\n\t\t\t\t<div class=\"elementor-element elementor-element-495e8b9d elementor-widget elementor-widget-spacer\" data-id=\"495e8b9d\" data-element_type=\"widget\" data-widget_type=\"spacer.default\">\n\t\t\t\t<div class=\"elementor-widget-container\">\n\t\t\t\t\t\t\t<div class=\"elementor-spacer\">\n\t\t\t<div class=\"elementor-spacer-inner\"><\/div>\n\t\t<\/div>\n\t\t\t\t\t\t<\/div>\n\t\t\t\t<\/div>\n\t\t\t\t<div class=\"elementor-element elementor-element-682f4927 elementor-widget elementor-widget-text-editor\" data-id=\"682f4927\" data-element_type=\"widget\" data-widget_type=\"text-editor.default\">\n\t\t\t\t<div class=\"elementor-widget-container\">\n\t\t\t\t\t<style>.elementor-element-682f4927{display:none !important}<\/style>\t\t\t\t<\/div>\n\t\t\t\t<\/div>\n\t\t\t\t<div class=\"elementor-element elementor-element-3d4e2831 elementor-widget elementor-widget-text-editor\" data-id=\"3d4e2831\" data-element_type=\"widget\" data-widget_type=\"text-editor.default\">\n\t\t\t\t<div class=\"elementor-widget-container\">\n\t\t\t\t\t\t\t\t\t<ul><li><a href=\"https:\/\/invest.sv\/es\/download\/incentivos-y-beneficios-fiscales-en-el-salvador\/?wpdmdl=16329&amp;masterkey=V0vZScL_CiV_n4lrZ7KLKSScWMSKiaFzhrKl9YfVpD1cpwS8BrkC90rYyLaAQX1ODQqhr1TJczoXlw9XkNH708HS3lMfp0zP5aPHChjmqaQ\" target=\"_blank\" rel=\"noopener\">Incentivos y beneficios fiscales en El Salvador<\/a><\/li><li><a href=\"https:\/\/invest.sv\/es\/download\/guia-del-inversionista\/?wpdmdl=21152&amp;masterkey=KFHMDiNbPyfz9si6rVl57BK4xLsAC_eWkOzzzf9df7_0244tJAJ5GgywS6TWR0jCHqZAsFoYQLQ03-PlIPpufMxqqDBJs8VeQxQ-tqeMfdE\" target=\"_blank\" rel=\"noopener\">Gu\u00eda del inversionista<\/a><\/li><li><a href=\"https:\/\/invest.sv\/es\/download\/presentacion-pais-el-salvador\/?wpdmdl=16721&amp;masterkey=fl89HhgOciADfqbg6Bp0fV77WmpxdnIhP6_T_Z1UCmb6vb3qMcjOVCkUvy9n2_rJKeIEiKemVpdUf5EUezj33IPOtwjnwOvXSo1rbQm5FAI\" target=\"_blank\" rel=\"noopener\">Presentaci\u00f3n pa\u00eds<\/a><\/li><\/ul>\t\t\t\t\t\t\t\t<\/div>\n\t\t\t\t<\/div>\n\t\t\t\t<\/div>\n\t\t\t\t\t<\/div>\n\t\t\t\t<\/div>\n\t\t\t\t<\/div>","protected":false},"excerpt":{"rendered":"<p>Digital marketing Sonia Soto Specialist for the Diverse Manufacturing Sector ssoto@invest.svMobile: +503 7071-7063 Exporting digital marketing services from El Salvador is highly attractive. First, the quality of local talent, which [&hellip;]<\/p>","protected":false},"author":15,"featured_media":0,"parent":0,"menu_order":0,"comment_status":"closed","ping_status":"closed","template":"","meta":{"_acf_changed":false,"_eb_attr":"","footnotes":""},"class_list":["post-26852","page","type-page","status-publish","hentry"],"acf":[],"aioseo_notices":[],"_links":{"self":[{"href":"https:\/\/invest.sv\/es\/wp-json\/wp\/v2\/pages\/26852","targetHints":{"allow":["GET"]}}],"collection":[{"href":"https:\/\/invest.sv\/es\/wp-json\/wp\/v2\/pages"}],"about":[{"href":"https:\/\/invest.sv\/es\/wp-json\/wp\/v2\/types\/page"}],"author":[{"embeddable":true,"href":"https:\/\/invest.sv\/es\/wp-json\/wp\/v2\/users\/15"}],"replies":[{"embeddable":true,"href":"https:\/\/invest.sv\/es\/wp-json\/wp\/v2\/comments?post=26852"}],"version-history":[{"count":16,"href":"https:\/\/invest.sv\/es\/wp-json\/wp\/v2\/pages\/26852\/revisions"}],"predecessor-version":[{"id":27289,"href":"https:\/\/invest.sv\/es\/wp-json\/wp\/v2\/pages\/26852\/revisions\/27289"}],"wp:attachment":[{"href":"https:\/\/invest.sv\/es\/wp-json\/wp\/v2\/media?parent=26852"}],"curies":[{"name":"palabra clave","href":"https:\/\/api.w.org\/{rel}","templated":true}]}}