{"id":16250,"date":"2023-11-19T17:37:35","date_gmt":"2023-11-19T23:37:35","guid":{"rendered":"https:\/\/invest.sv\/?page_id=16250"},"modified":"2024-11-04T16:24:15","modified_gmt":"2024-11-04T22:24:15","slug":"export-requirements","status":"publish","type":"page","link":"https:\/\/invest.sv\/es\/export-requirements\/","title":{"rendered":"Requisitos para exportar"},"content":{"rendered":"<div data-elementor-type=\"wp-page\" data-elementor-id=\"16250\" class=\"elementor elementor-16250\" data-elementor-post-type=\"page\">\n\t\t\t\t<div class=\"elementor-element elementor-element-71922c36 e-con-full e-flex wpr-jarallax-no wpr-sticky-section-no e-con e-parent\" data-id=\"71922c36\" data-element_type=\"container\" data-settings=\"{&quot;background_background&quot;:&quot;classic&quot;}\">\n\t\t\t\t<div class=\"elementor-element elementor-element-5a3e692c elementor-widget elementor-widget-heading\" data-id=\"5a3e692c\" data-element_type=\"widget\" data-widget_type=\"heading.default\">\n\t\t\t\t<div class=\"elementor-widget-container\">\n\t\t\t\t\t<h1 class=\"elementor-heading-title elementor-size-default\">Requisitos para exportar<\/h1>\t\t\t\t<\/div>\n\t\t\t\t<\/div>\n\t\t\t\t<div class=\"elementor-element elementor-element-10fd72dd elementor-widget__width-initial elementor-widget elementor-widget-text-editor\" data-id=\"10fd72dd\" data-element_type=\"widget\" data-widget_type=\"text-editor.default\">\n\t\t\t\t<div class=\"elementor-widget-container\">\n\t\t\t\t\t\t\t\t\t<p>En Invest in El Salvador ofrecemos atenci\u00f3n personalizada y profesional, de manera gratuita, a todos los empresarios con vocaci\u00f3n exportadora.<\/p>\t\t\t\t\t\t\t\t<\/div>\n\t\t\t\t<\/div>\n\t\t\t\t<\/div>\n\t\t<div class=\"elementor-element elementor-element-698c69af e-con-full e-flex wpr-jarallax-no wpr-sticky-section-no e-con e-parent\" data-id=\"698c69af\" data-element_type=\"container\" data-settings=\"{&quot;background_background&quot;:&quot;classic&quot;}\">\n\t\t\t\t<div class=\"elementor-element elementor-element-7ac249d6 elementor-widget-divider--view-line elementor-widget elementor-widget-divider\" data-id=\"7ac249d6\" data-element_type=\"widget\" data-widget_type=\"divider.default\">\n\t\t\t\t<div class=\"elementor-widget-container\">\n\t\t\t\t\t\t\t<div class=\"elementor-divider\">\n\t\t\t<span class=\"elementor-divider-separator\">\n\t\t\t\t\t\t<\/span>\n\t\t<\/div>\n\t\t\t\t\t\t<\/div>\n\t\t\t\t<\/div>\n\t\t<div class=\"elementor-element elementor-element-1a3a5af5 e-con-full e-flex wpr-jarallax-no wpr-sticky-section-no e-con e-child\" data-id=\"1a3a5af5\" data-element_type=\"container\">\n\t\t<div class=\"elementor-element elementor-element-7e68db87 e-con-full e-flex wpr-jarallax-no wpr-sticky-section-no e-con e-child\" data-id=\"7e68db87\" data-element_type=\"container\">\n\t\t\t\t<div class=\"elementor-element elementor-element-7e0d3f47 elementor-widget__width-initial elementor-widget elementor-widget-heading\" data-id=\"7e0d3f47\" data-element_type=\"widget\" data-widget_type=\"heading.default\">\n\t\t\t\t<div class=\"elementor-widget-container\">\n\t\t\t\t\t<div class=\"elementor-heading-title elementor-size-default\">Documentos necesarios para la exportaci\u00f3n en El Salvador<\/div>\t\t\t\t<\/div>\n\t\t\t\t<\/div>\n\t\t\t\t<div class=\"elementor-element elementor-element-3935852a elementor-widget__width-initial elementor-widget elementor-widget-text-editor\" data-id=\"3935852a\" data-element_type=\"widget\" data-widget_type=\"text-editor.default\">\n\t\t\t\t<div class=\"elementor-widget-container\">\n\t\t\t\t\t\t\t\t\t<p>La exportaci\u00f3n de bienes y servicios implica varios pasos, siendo la documentaci\u00f3n adecuada un aspecto cr\u00edtico del proceso. Garantizar que toda la documentaci\u00f3n requerida se cumpla con precisi\u00f3n y de acuerdo con las normas internacionales es esencial para el \u00e9xito de la exportaci\u00f3n.<\/p>\t\t\t\t\t\t\t\t<\/div>\n\t\t\t\t<\/div>\n\t\t\t\t<\/div>\n\t\t<div class=\"elementor-element elementor-element-6285f6fc e-flex e-con-boxed wpr-jarallax-no wpr-sticky-section-no e-con e-child\" data-id=\"6285f6fc\" data-element_type=\"container\">\n\t\t\t\t\t<div class=\"e-con-inner\">\n\t\t\t\t<div class=\"elementor-element elementor-element-67b04340 wpr-feature-list-left wpr-feature-list-square wpr-feature-list-line-yes elementor-widget elementor-widget-wpr-feature-list\" data-id=\"67b04340\" data-element_type=\"widget\" data-widget_type=\"wpr-feature-list.default\">\n\t\t\t\t<div class=\"elementor-widget-container\">\n\t\t\t\t\t<div class=\"wpr-feature-list-wrap\"><ul class=\"wpr-feature-list\"><li class=\"wpr-feature-list-item elementor-repeater-item-ef8fda2\"><div class=\"wpr-feature-list-icon-wrap\"><span class=\"wpr-feature-list-line\"><\/span><div class=\"wpr-feature-list-icon-inner-wrap\"><i aria-hidden=\"true\" class=\"uic ms-Icon--AirplaneSolid\"><\/i><\/div><\/div><div class=\"wpr-feature-list-content-wrap\"><div class=\"wpr-feature-list-title\"><a class=\"wpr-feature-list-url\" target=\"_blank\" rel=\"nofollow\">Factura de Exportaci\u00f3n (Bienes y Servicios)<\/a><\/div><p class=\"wpr-feature-list-description\"><\/p><\/div><\/li><li class=\"wpr-feature-list-item elementor-repeater-item-020b5db\"><div class=\"wpr-feature-list-icon-wrap\"><span class=\"wpr-feature-list-line\"><\/span><div class=\"wpr-feature-list-icon-inner-wrap\"><i aria-hidden=\"true\" class=\"fas fa-boxes\"><\/i><\/div><\/div><div class=\"wpr-feature-list-content-wrap\"><div class=\"wpr-feature-list-title\"><a class=\"wpr-feature-list-url\" target=\"_blank\" rel=\"nofollow\">Lista de Empaque (Packing list) (Bienes)<\/a><\/div><p class=\"wpr-feature-list-description\"><\/p><\/div><\/li><li class=\"wpr-feature-list-item elementor-repeater-item-73df9b3\"><div class=\"wpr-feature-list-icon-wrap\"><span class=\"wpr-feature-list-line\"><\/span><div class=\"wpr-feature-list-icon-inner-wrap\"><i aria-hidden=\"true\" class=\"fas fa-grip-lines-vertical\"><\/i><\/div><\/div><div class=\"wpr-feature-list-content-wrap\"><div class=\"wpr-feature-list-title\"><a class=\"wpr-feature-list-url\" target=\"_blank\" rel=\"nofollow\">FAUCA o declaraci\u00f3n de mercanc\u00edas (Bienes)<\/a><\/div><p class=\"wpr-feature-list-description\"><\/p><\/div><\/li><li class=\"wpr-feature-list-item elementor-repeater-item-3f10f89\"><div class=\"wpr-feature-list-icon-wrap\"><span class=\"wpr-feature-list-line\"><\/span><div class=\"wpr-feature-list-icon-inner-wrap\"><i aria-hidden=\"true\" class=\"xlwpf isaxbold-paperclip-2\"><\/i><\/div><\/div><div class=\"wpr-feature-list-content-wrap\"><div class=\"wpr-feature-list-title\"><a class=\"wpr-feature-list-url\" target=\"_blank\" rel=\"nofollow\">Certificados de origen seg\u00fan el destino de la exportaci\u00f3n (Bienes)<\/a><\/div><p class=\"wpr-feature-list-description\"><\/p><\/div><\/li><li class=\"wpr-feature-list-item elementor-repeater-item-5b8528a\"><div class=\"wpr-feature-list-icon-wrap\"><span class=\"wpr-feature-list-line\"><\/span><div class=\"wpr-feature-list-icon-inner-wrap\"><i aria-hidden=\"true\" class=\"fas fa-star\"><\/i><\/div><\/div><div class=\"wpr-feature-list-content-wrap\"><div class=\"wpr-feature-list-title\"><a class=\"wpr-feature-list-url\" target=\"_blank\" rel=\"nofollow\">Permisos espec\u00edficos de acuerdo al producto \u00f3 servicio del  pa\u00eds destino (Bienes y Servicios)<\/a><\/div><p class=\"wpr-feature-list-description\"><\/p><\/div><\/li><li class=\"wpr-feature-list-item elementor-repeater-item-f477397\"><div class=\"wpr-feature-list-icon-wrap\"><span class=\"wpr-feature-list-line\"><\/span><div class=\"wpr-feature-list-icon-inner-wrap\"><i aria-hidden=\"true\" class=\"uic jquery-ui-icon-box\"><\/i><\/div><\/div><div class=\"wpr-feature-list-content-wrap\"><div class=\"wpr-feature-list-title\"><a class=\"wpr-feature-list-url\" target=\"_blank\" rel=\"nofollow\">Manifiesto de Carga (Transportista) (Bienes)<\/a><\/div><p class=\"wpr-feature-list-description\"><\/p><\/div><\/li><li class=\"wpr-feature-list-item elementor-repeater-item-236fe6f\"><div class=\"wpr-feature-list-icon-wrap\"><span class=\"wpr-feature-list-line\"><\/span><div class=\"wpr-feature-list-icon-inner-wrap\"><i aria-hidden=\"true\" class=\"fas fa-truck\"><\/i><\/div><\/div><div class=\"wpr-feature-list-content-wrap\"><div class=\"wpr-feature-list-title\"><a class=\"wpr-feature-list-url\" target=\"_blank\" rel=\"nofollow\">Documento de transporte dependiendo del medio utilizado:<\/a><\/div><p class=\"wpr-feature-list-description\">Terrestre: Carta de porte (Bienes) <br> Mar\u00edtimo: Conocimiento de embarque (bill of lading, B\/L) (Bienes) <br> A\u00e9reo: Gu\u00eda a\u00e9rea (airway bill) (Bienes)<\/p><\/div><\/li><\/ul><\/div>\t\t\t\t<\/div>\n\t\t\t\t<\/div>\n\t\t\t\t\t<\/div>\n\t\t\t\t<\/div>\n\t\t\t\t<\/div>\n\t\t\t\t<\/div>\n\t\t<div class=\"elementor-element elementor-element-4c4a3dc2 e-con-full e-flex wpr-jarallax-no wpr-sticky-section-no e-con e-parent\" data-id=\"4c4a3dc2\" data-element_type=\"container\" data-settings=\"{&quot;background_background&quot;:&quot;classic&quot;}\">\n\t\t<div class=\"elementor-element elementor-element-215c4f3a e-con-full e-flex wpr-jarallax-no wpr-sticky-section-no e-con e-child\" data-id=\"215c4f3a\" data-element_type=\"container\">\n\t\t\t\t<div class=\"elementor-element elementor-element-3e6d55d2 elementor-widget elementor-widget-heading\" data-id=\"3e6d55d2\" data-element_type=\"widget\" data-widget_type=\"heading.default\">\n\t\t\t\t<div class=\"elementor-widget-container\">\n\t\t\t\t\t<div class=\"elementor-heading-title elementor-size-default\">Procedimientos para iniciar un proceso de exportaci\u00f3n<\/div>\t\t\t\t<\/div>\n\t\t\t\t<\/div>\n\t\t\t\t<\/div>\n\t\t<div class=\"elementor-element elementor-element-3be107a e-flex e-con-boxed wpr-jarallax-no wpr-sticky-section-no e-con e-child\" data-id=\"3be107a\" data-element_type=\"container\">\n\t\t\t\t\t<div class=\"e-con-inner\">\n\t\t\t\t<div class=\"elementor-element elementor-element-cea707f wpr-adv-slider-columns-2 elementor-widget__width-initial wpr-adv-slider-columns--tablet1 wpr-adv-slider-columns--mobile_extra1 wpr-adv-slider-columns--mobile1 wpr-adv-slides-to-scroll-1 wpr-slider-dots-horizontal wpr-slider-nav-position-custom elementor-widget elementor-widget-wpr-advanced-slider\" data-id=\"cea707f\" data-element_type=\"widget\" data-settings=\"{&quot;slider_autoplay_duration&quot;:6,&quot;slides_to_scroll&quot;:1,&quot;slider_autoplay&quot;:&quot;yes&quot;,&quot;slider_loop&quot;:&quot;yes&quot;,&quot;slider_video_btn_size&quot;:&quot;medium&quot;}\" data-widget_type=\"wpr-advanced-slider.default\">\n\t\t\t\t<div class=\"elementor-widget-container\">\n\t\t\t\t\t\n\t\t<!-- Advanced Slider -->\n\t\t<div class=\"wpr-advanced-slider-wrap\">\n\t\t\t\n\t\t\t<div class=\"wpr-advanced-slider\" dir=\"ltr\" data-slick=\"{&quot;rtl&quot;:false,&quot;infinite&quot;:true,&quot;speed&quot;:700,&quot;arrows&quot;:true,&quot;dots&quot;:true,&quot;autoplay&quot;:true,&quot;autoplaySpeed&quot;:6000,&quot;pauseOnHover&quot;:&quot;yes&quot;,&quot;prevArrow&quot;:&quot;#wpr-slider-prev-cea707f&quot;,&quot;nextArrow&quot;:&quot;#wpr-slider-next-cea707f&quot;,&quot;vertical&quot;:false,&quot;adaptiveHeight&quot;:true}\" data-video-btn-size=\"{&quot;widescreen&quot;:&quot;medium&quot;,&quot;desktop&quot;:&quot;medium&quot;,&quot;laptop&quot;:&quot;medium&quot;,&quot;tablet_extra&quot;:&quot;medium&quot;,&quot;tablet&quot;:&quot;medium&quot;,&quot;mobile_extra&quot;:&quot;medium&quot;,&quot;mobile&quot;:&quot;medium&quot;}\" data-slide-effect=\"slide\">\n\t\t\t\t<div class=\"wpr-slider-item elementor-repeater-item-f1fc2a7\"><div class=\"wpr-slider-item-bg\" style=\"background-image: url()\"><\/div><div class=\"wpr-slider-item-overlay\"><\/div><div class=\"wpr-cv-container\"><div class=\"wpr-cv-outer\"><div class=\"wpr-cv-inner\"><div class=\"wpr-slider-content\"><div class=\"wpr-slider-btns\"><\/div><\/div><\/div><\/div><\/div><\/div><div class=\"wpr-slider-item elementor-repeater-item-b70d664\"><div class=\"wpr-slider-item-bg\" style=\"background-image: url()\"><\/div><div class=\"wpr-slider-item-overlay\"><\/div><div class=\"wpr-cv-container\"><div class=\"wpr-cv-outer\"><div class=\"wpr-cv-inner\"><div class=\"wpr-slider-content\"><div class=\"wpr-slider-btns\"><\/div><\/div><\/div><\/div><\/div><\/div><div class=\"wpr-slider-item elementor-repeater-item-14c30ca\"><div class=\"wpr-slider-item-bg\" style=\"background-image: url()\"><\/div><div class=\"wpr-slider-item-overlay\"><\/div><div class=\"wpr-cv-container\"><div class=\"wpr-cv-outer\"><div class=\"wpr-cv-inner\"><div class=\"wpr-slider-content\"><div class=\"wpr-slider-btns\"><\/div><\/div><\/div><\/div><\/div><\/div><div class=\"wpr-slider-item elementor-repeater-item-8317a1b\"><div class=\"wpr-slider-item-bg\" style=\"background-image: url()\"><\/div><div class=\"wpr-slider-item-overlay\"><\/div><div class=\"wpr-cv-container\"><div class=\"wpr-cv-outer\"><div class=\"wpr-cv-inner\"><div class=\"wpr-slider-content\"><div class=\"wpr-slider-btns\"><\/div><\/div><\/div><\/div><\/div><\/div><div class=\"wpr-slider-item elementor-repeater-item-cb7b84a\"><div class=\"wpr-slider-item-bg\" style=\"background-image: url()\"><\/div><div class=\"wpr-slider-item-overlay\"><\/div><div class=\"wpr-cv-container\"><div class=\"wpr-cv-outer\"><div class=\"wpr-cv-inner\"><div class=\"wpr-slider-content\"><div class=\"wpr-slider-btns\"><\/div><\/div><\/div><\/div><\/div><\/div><div class=\"wpr-slider-item elementor-repeater-item-90d0511\"><div class=\"wpr-slider-item-bg\" style=\"background-image: url()\"><\/div><div class=\"wpr-slider-item-overlay\"><\/div><div class=\"wpr-cv-container\"><div class=\"wpr-cv-outer\"><div class=\"wpr-cv-inner\"><div class=\"wpr-slider-content\"><div class=\"wpr-slider-btns\"><\/div><\/div><\/div><\/div><\/div><\/div><div class=\"wpr-slider-item elementor-repeater-item-f1a56f7\"><div class=\"wpr-slider-item-bg\" style=\"background-image: url()\"><\/div><div class=\"wpr-slider-item-overlay\"><\/div><div class=\"wpr-cv-container\"><div class=\"wpr-cv-outer\"><div class=\"wpr-cv-inner\"><div class=\"wpr-slider-content\"><div class=\"wpr-slider-btns\"><\/div><\/div><\/div><\/div><\/div><\/div><div class=\"wpr-slider-item elementor-repeater-item-0ca61a6\"><div class=\"wpr-slider-item-bg\" style=\"background-image: url()\"><\/div><div class=\"wpr-slider-item-overlay\"><\/div><div class=\"wpr-cv-container\"><div class=\"wpr-cv-outer\"><div class=\"wpr-cv-inner\"><div class=\"wpr-slider-content\"><div class=\"wpr-slider-btns\"><\/div><\/div><\/div><\/div><\/div><\/div><div class=\"wpr-slider-item elementor-repeater-item-10ed39e\"><div class=\"wpr-slider-item-bg\" style=\"background-image: url()\"><\/div><div class=\"wpr-slider-item-overlay\"><\/div><div class=\"wpr-cv-container\"><div class=\"wpr-cv-outer\"><div class=\"wpr-cv-inner\"><div class=\"wpr-slider-content\"><div class=\"wpr-slider-btns\"><\/div><\/div><\/div><\/div><\/div><\/div><div class=\"wpr-slider-item elementor-repeater-item-2a2b530\"><div class=\"wpr-slider-item-bg\" style=\"background-image: url()\"><\/div><div class=\"wpr-slider-item-overlay\"><\/div><div class=\"wpr-cv-container\"><div class=\"wpr-cv-outer\"><div class=\"wpr-cv-inner\"><div class=\"wpr-slider-content\"><div class=\"wpr-slider-btns\"><\/div><\/div><\/div><\/div><\/div><\/div><div class=\"wpr-slider-item elementor-repeater-item-ca2da9b\"><div class=\"wpr-slider-item-bg\" style=\"background-image: url()\"><\/div><div class=\"wpr-slider-item-overlay\"><\/div><div class=\"wpr-cv-container\"><div class=\"wpr-cv-outer\"><div class=\"wpr-cv-inner\"><div class=\"wpr-slider-content\"><div class=\"wpr-slider-btns\"><\/div><\/div><\/div><\/div><\/div><\/div>\t\t\t<\/div>\n\t\t\t<div class=\"wpr-slider-controls\">\n\t\t\t\t<div class=\"wpr-slider-dots\"><\/div>\n\t\t\t<\/div>\n\n\t\t\t<div class=\"wpr-slider-arrow-container\">\n\t\t\t\t<div class=\"wpr-slider-prev-arrow wpr-slider-arrow\" id=\"wpr-slider-prev-cea707f\">\n\t\t\t\t\t\t\t\t\t<\/div>\n\t\t\t\t<div class=\"wpr-slider-next-arrow wpr-slider-arrow\" id=\"wpr-slider-next-cea707f\">\n\t\t\t\t\t\t\t\t\t<\/div>\n\t\t\t<\/div>\n\t\t\t\n\t\t\t<a class=\"wpr-slider-scroll-btn\" ><\/a>\n\t\t<\/div>\n\t\t\t\t\t\t<\/div>\n\t\t\t\t<\/div>\n\t\t\t\t\t<\/div>\n\t\t\t\t<\/div>\n\t\t\t\t<\/div>\n\t\t\t\t<\/div>","protected":false},"excerpt":{"rendered":"<p>Requisitos para exportar<\/p>","protected":false},"author":15,"featured_media":0,"parent":0,"menu_order":0,"comment_status":"closed","ping_status":"closed","template":"","meta":{"_acf_changed":false,"_eb_attr":"","footnotes":""},"class_list":["post-16250","page","type-page","status-publish","hentry"],"acf":[],"aioseo_notices":[],"_links":{"self":[{"href":"https:\/\/invest.sv\/es\/wp-json\/wp\/v2\/pages\/16250","targetHints":{"allow":["GET"]}}],"collection":[{"href":"https:\/\/invest.sv\/es\/wp-json\/wp\/v2\/pages"}],"about":[{"href":"https:\/\/invest.sv\/es\/wp-json\/wp\/v2\/types\/page"}],"author":[{"embeddable":true,"href":"https:\/\/invest.sv\/es\/wp-json\/wp\/v2\/users\/15"}],"replies":[{"embeddable":true,"href":"https:\/\/invest.sv\/es\/wp-json\/wp\/v2\/comments?post=16250"}],"version-history":[{"count":41,"href":"https:\/\/invest.sv\/es\/wp-json\/wp\/v2\/pages\/16250\/revisions"}],"predecessor-version":[{"id":26483,"href":"https:\/\/invest.sv\/es\/wp-json\/wp\/v2\/pages\/16250\/revisions\/26483"}],"wp:attachment":[{"href":"https:\/\/invest.sv\/es\/wp-json\/wp\/v2\/media?parent=16250"}],"curies":[{"name":"palabra clave","href":"https:\/\/api.w.org\/{rel}","templated":true}]}}