{"id":16240,"date":"2023-11-19T16:31:08","date_gmt":"2023-11-19T22:31:08","guid":{"rendered":"https:\/\/invest.sv\/?page_id=16240"},"modified":"2024-11-04T16:25:18","modified_gmt":"2024-11-04T22:25:18","slug":"exporter-services","status":"publish","type":"page","link":"https:\/\/invest.sv\/es\/exporter-services\/","title":{"rendered":"Servicios al exportador"},"content":{"rendered":"<div data-elementor-type=\"wp-page\" data-elementor-id=\"16240\" class=\"elementor elementor-16240\" data-elementor-post-type=\"page\">\n\t\t\t\t<div class=\"elementor-element elementor-element-4af3ef1a e-con-full e-flex wpr-jarallax-no wpr-sticky-section-no e-con e-parent\" data-id=\"4af3ef1a\" data-element_type=\"container\" data-settings=\"{&quot;background_background&quot;:&quot;classic&quot;}\">\n\t\t<div class=\"elementor-element elementor-element-3bbbfa85 e-flex e-con-boxed wpr-jarallax-no wpr-sticky-section-no e-con e-child\" data-id=\"3bbbfa85\" data-element_type=\"container\">\n\t\t\t\t\t<div class=\"e-con-inner\">\n\t\t\t\t<div class=\"elementor-element elementor-element-44dd351a elementor-widget elementor-widget-heading\" data-id=\"44dd351a\" data-element_type=\"widget\" data-widget_type=\"heading.default\">\n\t\t\t\t<div class=\"elementor-widget-container\">\n\t\t\t\t\t<h1 class=\"elementor-heading-title elementor-size-default\">Servicios al exportador<\/h1>\t\t\t\t<\/div>\n\t\t\t\t<\/div>\n\t\t\t\t<div class=\"elementor-element elementor-element-389016de elementor-widget__width-initial elementor-widget elementor-widget-text-editor\" data-id=\"389016de\" data-element_type=\"widget\" data-widget_type=\"text-editor.default\">\n\t\t\t\t<div class=\"elementor-widget-container\">\n\t\t\t\t\t\t\t\t\t<p>En Invest in El Salvador ofrecemos atenci\u00f3n personalizada y profesional, de manera gratuita, a todos los empresarios con vocaci\u00f3n exportadora.<\/p>\t\t\t\t\t\t\t\t<\/div>\n\t\t\t\t<\/div>\n\t\t\t\t\t<\/div>\n\t\t\t\t<\/div>\n\t\t\t\t<\/div>\n\t\t<div class=\"elementor-element elementor-element-3a0c9ca2 e-con-full e-flex wpr-jarallax-no wpr-sticky-section-no e-con e-parent\" data-id=\"3a0c9ca2\" data-element_type=\"container\" data-settings=\"{&quot;background_background&quot;:&quot;classic&quot;}\">\n\t\t\t\t<div class=\"elementor-element elementor-element-1bed0f48 elementor-widget__width-initial elementor-widget elementor-widget-heading\" data-id=\"1bed0f48\" data-element_type=\"widget\" data-widget_type=\"heading.default\">\n\t\t\t\t<div class=\"elementor-widget-container\">\n\t\t\t\t\t<div class=\"elementor-heading-title elementor-size-default\">Some of our services include<\/div>\t\t\t\t<\/div>\n\t\t\t\t<\/div>\n\t\t<div class=\"elementor-element elementor-element-36807bb e-flex e-con-boxed wpr-jarallax-no wpr-sticky-section-no e-con e-child\" data-id=\"36807bb\" data-element_type=\"container\">\n\t\t\t\t\t<div class=\"e-con-inner\">\n\t\t\t\t<div class=\"elementor-element elementor-element-7ae1c8a1 elementor-widget elementor-widget-ucaddon_card_carousel\" data-id=\"7ae1c8a1\" data-element_type=\"widget\" data-widget_type=\"ucaddon_card_carousel.default\">\n\t\t\t\t<div class=\"elementor-widget-container\">\n\t\t\t\t\t<!-- start Card Carousel -->\n\t\t\t<style type=\"text\/css\">\/* widget: Card Carousel *\/\n\n#uc_card_carousel_elementor_7ae1c8a1-wrapper\n{\n  min-height:1px;\n}\n#uc_card_carousel_elementor_7ae1c8a1 *{\n\t-webkit-box-sizing: border-box;\n\t-moz-box-sizing: border-box;\n\tbox-sizing: border-box;\n}\n\n#uc_card_carousel_elementor_7ae1c8a1 .ue-carousel-item\n{\n  overflow:hidden;\n  transition:0.3s;\n}\n\n#uc_card_carousel_elementor_7ae1c8a1 .uc_classic_carousel_container_holder\n{\n\tdisplay:block;\n\tposition:relative;\n\twidth:100%;\n    box-sizing: border-box;\n}\n.card_carousel_title\n{\n\tfont-size:21px;\n}\n\n.uc_classic_carousel .uc_classic_carousel_border\n{\n\tdisplay:block;\n    margin:0 auto;\n}\n\n.uc_classic_carousel  .uc_classic_carousel_placeholder img\n{\n\twidth:100%;\n    \n    display:inline-flex;\n}\n.uc_classic_carousel .uc_classic_carousel_content\n{\n  display: flex;\n flex-flow: column nowrap;\n}\n\n.uc_classic_carousel .ue_button\n{\n  margin-top:auto;\n\n}\n\n.uc_classic_carousel .uc_classic_carousel_content .uc_more_btn {\n\tdisplay:inline-block;\n\ttext-decoration:none;\n\ttransition: all 0.5s ease;\n}\n\n\n#uc_card_carousel_elementor_7ae1c8a1 .owl-dots {\noverflow:hidden;\ntext-align:center;\n}\n\n#uc_card_carousel_elementor_7ae1c8a1 .owl-dot {\nborder-radius:50%;\ndisplay:inline-block;\n}\n\n#uc_card_carousel_elementor_7ae1c8a1 .owl-nav .owl-prev{\n    position:absolute;\n    display:inline-block;\n    text-align:center;\n}\n#uc_card_carousel_elementor_7ae1c8a1 .owl-nav .owl-next{\n  position:absolute;\n  display:inline-block;\n  text-align:center;\n}\n\n#uc_card_carousel_elementor_7ae1c8a1 .owl-nav .disabled\n{\n    display: none;  \n}\n\n\n#uc_card_carousel_elementor_7ae1c8a1 .ue-item-icon\n{\n  line-height:1em;\n  display:inline-flex;\n  justify-content:center;\n  align-items:center;\n  \n}\n\n#uc_card_carousel_elementor_7ae1c8a1 .ue-item-icon svg\n{\n  height:1em;\n  width:1em;\n}\n\n#uc_card_carousel_elementor_7ae1c8a1 .ue-item-icon-wrapper\n{\n  display:flex;\n}\n\n\n\n\n<\/style>\n\n\t\t\t<div class=\"uc_classic_carousel\" id=\"uc_card_carousel_elementor_7ae1c8a1-wrapper\">\n        <div class=\"uc_carousel owl-carousel uc-items-wrapper\" id=\"uc_card_carousel_elementor_7ae1c8a1\"  >\n          \t<div class=\"uc_classic_carousel_container_holder ue-item elementor-repeater-item-9a11ada\">\n  <div class=\"ue-carousel-item\">\n  <span class=\"uc_classic_carousel_border\" style=\"\"><\/span>    <div class=\"uc_classic_carousel_content\" style=\"direction:ltr;\">\n    \n    \n        \n          \t\n      <div  class=\"card_carousel_title\">Acompa\u00f1amiento personalizado<\/div>\n          \t\n    \n      \n    <p class=\"card_carousel_text\">El proceso de exportaci\u00f3n puede hacerse m\u00e1s sencillo y \u00e1gil si cuenta con la orientaci\u00f3n y apoyo de Invest in El Salvador. Desde la Agencia de Promoci\u00f3n de Inversiones y Exportaciones de El Salvador acompa\u00f1amos, guiamos e intercedemos por el empresario en sus gestiones, tramitolog\u00eda y documentaci\u00f3n; para que pueda exportar y diversificar su oferta exportable con efectividad.\n\n<br>\n<br>\n\nLa amplia red de relaciones interinstitucionales que posee Invest in El Salvador permite que el acompa\u00f1amiento que brindamos a los empresarios disminuya costos y tiempos, impuls\u00e1ndolos en su crecimiento.<\/p>    \n    \n    \t\n    \n    \n    \t\n  <\/div>\n  <\/div>\n<\/div>\n<div class=\"uc_classic_carousel_container_holder ue-item elementor-repeater-item-e81ec19\">\n  <div class=\"ue-carousel-item\">\n  <span class=\"uc_classic_carousel_border\" style=\"\"><\/span>    <div class=\"uc_classic_carousel_content\" style=\"direction:ltr;\">\n    \n    \n        \n          \t\n      <div  class=\"card_carousel_title\">Promoci\u00f3n comercial<\/div>\n          \t\n    \n      \n    <p class=\"card_carousel_text\">Con el prop\u00f3sito de impulsar la oferta exportable de El Salvador, desde la Agencia promovemos internacionalmente a todas las empresas con capacidad de exportaci\u00f3n a trav\u00e9s de:\n<br>\n<br>\n\n*Presence at specialized trade fairs of the exportable offer of goods and services around the world.\n<br>\n*Organization and execution of virtual and\/or face-to-face business rounds with potential buyers in international markets.\n<br>\n*Coordination of a virtual and\/or face-to-face business agenda with potential buyers in international markets.\n<br>\n<br>\nSiempre con el acompa\u00f1amiento de nuestros especialistas y el apoyo articulado con organismos del Estado.<\/p>    \n    \n    \t\n    \n    \n    \t\n  <\/div>\n  <\/div>\n<\/div>\n<div class=\"uc_classic_carousel_container_holder ue-item elementor-repeater-item-1ea948d\">\n  <div class=\"ue-carousel-item\">\n  <span class=\"uc_classic_carousel_border\" style=\"\"><\/span>    <div class=\"uc_classic_carousel_content\" style=\"direction:ltr;\">\n    \n    \n        \n          \t\n      <div  class=\"card_carousel_title\">Diagn\u00f3stico de prefactibilidad de exportaci\u00f3n<\/div>\n          \t\n    \n      \n    <p class=\"card_carousel_text\">Dar el paso hacia la exportaci\u00f3n es una decisi\u00f3n crucial para cualquier empresa.\n<br>\n<br>\nThat is why we offer a comprehensive Export Feasibility Diagnosis service, designed to assess the company\u2019s capacity and potential to enter international markets.\n<br>\n<br>\nEn esta evaluaci\u00f3n se analizan aspectos de la empresa como: la capacidad productiva, la situaci\u00f3n financiera, la calidad de los productos, la experiencia del equipo de trabajo, entre otros.<\/p>    \n    \n    \t\n    \n    \n    \t\n  <\/div>\n  <\/div>\n<\/div>\n<div class=\"uc_classic_carousel_container_holder ue-item elementor-repeater-item-ba712a9\">\n  <div class=\"ue-carousel-item\">\n  <span class=\"uc_classic_carousel_border\" style=\"\"><\/span>    <div class=\"uc_classic_carousel_content\" style=\"direction:ltr;\">\n    \n    \n        \n          \t\n      <div  class=\"card_carousel_title\">Informaci\u00f3n estrat\u00e9gica para exportar<\/div>\n          \t\n    \n      \n    <p class=\"card_carousel_text\">La exportaci\u00f3n es una actividad compleja que requiere de planificaci\u00f3n y conocimiento del mercado al que se quiere llegar.\n<br>\n<br>\nPor ello, proporcionamos a las empresas informaci\u00f3n relacionada a:\n<br>\n<br>\n*Analysis of markets of interest for exporting\n<br>\n*Profiles of countries with potential importing\n<br>\n*Market opportunities and trends\n<br>\n*Legal and regulatory requirements\n<br>\n*Supply chain and logistics\n<br>\n*Information on available trade agreements\n<br>\n*Basic Guide to Exporting Goods\n<br>\n*Incoterms<\/p>    \n    \n    \t\n    \n    \n    \t\n  <\/div>\n  <\/div>\n<\/div>\n<div class=\"uc_classic_carousel_container_holder ue-item elementor-repeater-item-954aa3f\">\n  <div class=\"ue-carousel-item\">\n  <span class=\"uc_classic_carousel_border\" style=\"\"><\/span>    <div class=\"uc_classic_carousel_content\" style=\"direction:ltr;\">\n    \n    \n        \n          \t\n      <div  class=\"card_carousel_title\">Formaciones especializadas en comercio exterior<\/div>\n          \t\n    \n      \n    <p class=\"card_carousel_text\">Sabemos que la exportaci\u00f3n es un pilar fundamental para el crecimiento econ\u00f3mico del pa\u00eds y, por eso, ofrecemos recursos y apoyo en formaciones especializadas en comercio exterior. Estas formaciones est\u00e1n dise\u00f1adas para proporcionar a los l\u00edderes de empresas herramientas y conocimientos necesarios que les permitir\u00e1n incursionar en mercados internacionales.\n<br>\n<br>\nAlgunas de estas formaciones est\u00e1n orientadas al conocimiento de mercados espec\u00edficos en temas de aranceles, requisitos de ingreso, marketing internacional, normas internacionales, reglas de origen, log\u00edstica, requisitos exigidos por organismos internacionales como la FDA, requisitos fitosanitarios, entre otros.\n<br>\n<br>\nGracias a la solidez y estabilidad de la plataforma exportadora salvadore\u00f1a, estamos desarrollando, con especial inter\u00e9s, programas orientados a la diversificaci\u00f3n de los destinos de exportaci\u00f3n; a fin de ampliar el rango de acci\u00f3n y presencia de los productos salvadore\u00f1os en el mundo.<\/p>    \n    \n    \t\n    \n    \n    \t\n  <\/div>\n  <\/div>\n<\/div>\n\n      <\/div>\n<\/div>\n\t\t\t<!-- end Card Carousel -->\t\t\t\t<\/div>\n\t\t\t\t<\/div>\n\t\t\t\t\t<\/div>\n\t\t\t\t<\/div>\n\t\t\t\t<\/div>\n\t\t\t\t<\/div>","protected":false},"excerpt":{"rendered":"<p>Servicios al exportador<\/p>","protected":false},"author":15,"featured_media":0,"parent":0,"menu_order":0,"comment_status":"closed","ping_status":"closed","template":"","meta":{"_acf_changed":false,"_eb_attr":"","footnotes":""},"class_list":["post-16240","page","type-page","status-publish","hentry"],"acf":[],"aioseo_notices":[],"_links":{"self":[{"href":"https:\/\/invest.sv\/es\/wp-json\/wp\/v2\/pages\/16240","targetHints":{"allow":["GET"]}}],"collection":[{"href":"https:\/\/invest.sv\/es\/wp-json\/wp\/v2\/pages"}],"about":[{"href":"https:\/\/invest.sv\/es\/wp-json\/wp\/v2\/types\/page"}],"author":[{"embeddable":true,"href":"https:\/\/invest.sv\/es\/wp-json\/wp\/v2\/users\/15"}],"replies":[{"embeddable":true,"href":"https:\/\/invest.sv\/es\/wp-json\/wp\/v2\/comments?post=16240"}],"version-history":[{"count":23,"href":"https:\/\/invest.sv\/es\/wp-json\/wp\/v2\/pages\/16240\/revisions"}],"predecessor-version":[{"id":26489,"href":"https:\/\/invest.sv\/es\/wp-json\/wp\/v2\/pages\/16240\/revisions\/26489"}],"wp:attachment":[{"href":"https:\/\/invest.sv\/es\/wp-json\/wp\/v2\/media?parent=16240"}],"curies":[{"name":"palabra clave","href":"https:\/\/api.w.org\/{rel}","templated":true}]}}